{"id":761336,"date":"2025-08-28T09:34:25","date_gmt":"2025-08-28T06:34:25","guid":{"rendered":"https:\/\/roveyayinevi.com.tr\/index.php\/urun\/ilkel-kultur\/"},"modified":"2026-04-16T03:14:49","modified_gmt":"2026-04-16T00:14:49","slug":"ilkel-kultur","status":"publish","type":"product","link":"https:\/\/roveyayinevi.com.tr\/index.php\/urun\/ilkel-kultur\/","title":{"rendered":"\u0130lkel K\u00fclt\u00fcr"},"content":{"rendered":"<p>\u2018\u2019K\u00fclt\u00fcr\u2019\u2019, ilk kez 1871 y\u0131l\u0131nda yay\u0131mlanan bu klasik eserle birlikte, \u00f6\u011frenilmi\u015f insan davran\u0131\u015f\u0131 kal\u0131plar\u0131n\u0131n tamam\u0131n\u0131 ifade eden bir terim olarak kullan\u0131lmaya ba\u015flam\u0131\u015ft\u0131r. Oxford \u00dcniversitesi\u2019nin ilk Antropoloji Profes\u00f6r\u00fc olan Sir Edward Burnett Tylor, k\u00fclt\u00fcr\u00fc \u2018\u2019insan\u0131n, toplumun bir \u00fcyesi olarak edindi\u011fi bilgi, inan\u00e7, sanat, ahlak, t\u00f6re ve t\u00fcm di\u011fer kabiliyet ve al\u0131\u015fkanl\u0131klar\u0131 i\u00e7eren, kompleks bir b\u00fct\u00fcn\u2019\u2019 olarak tan\u0131mlam\u0131\u015ft\u0131r. Antropolojinin bilimsel bir disiplin olarak kurucusu bilinen Tylor\u2019\u0131n, \u00e7\u0131\u011f\u0131r a\u00e7an yap\u0131tlar\u0131, Antropolojik \u00e7al\u0131\u015fmalar\u0131n temelini olu\u015fturan k\u00fclt\u00fcrel evrim kavram\u0131n\u0131n geli\u015fiminde son derece etkili bir rol oynam\u0131\u015ft\u0131r. Tylor\u2019\u0131n tek \u00e7izgili (unilinear) geli\u015fim modeli, insanlar\u0131n tek bir ilkel formdan evrilen ortak bir tarihi payla\u015ft\u0131\u011f\u0131n\u0131 ileri s\u00fcrer. Tylor\u2019\u0131n, d\u00fcnyan\u0131n her yerinden \u00e7e\u015fitli toplumlar\u0131n dilleri, rit\u00fcelleri ve inan\u00e7lar\u0131na ili\u015fkin \u00e7al\u0131\u015fmalar\u0131, istatistiksel verilerin kullan\u0131lmaya ba\u015flanmas\u0131na \u00f6nc\u00fcl\u00fck etmi\u015f ve t\u00fcm k\u00fclt\u00fcrlerde evrensel bir geli\u015fim motifi oldu\u011fu y\u00f6n\u00fcndeki g\u00f6r\u00fc\u015flerini do\u011frulam\u0131\u015ft\u0131r. \u2018\u2019\u0130lkel K\u00fclt\u00fcr\u2019\u2019\u2019\u00fcn ilk k\u0131sm\u0131nda, toplumsal evrim, dil ve mit konular\u0131na odaklan\u0131rken, ikinci k\u0131s\u0131mda, Tylor\u2019\u0131n toplumda animizme ili\u015fkin yorumlar\u0131na a\u011f\u0131rl\u0131k verilmi\u015f ve ruh, tin ve Tanr\u0131lara dair sonsuz \u00e7e\u015fitlilikteki fikir ve inan\u0131\u015flar\u0131n\u0131n detaylar\u0131na yer verilmi\u015ftir. <\/p>\n","protected":false},"excerpt":{"rendered":"<p>\u2018\u2019K\u00fclt\u00fcr\u2019\u2019, ilk kez 1871 y\u0131l\u0131nda yay\u0131mlanan bu klasik eserle birlikte, \u00f6\u011frenilmi\u015f insan davran\u0131\u015f\u0131 kal\u0131plar\u0131n\u0131n tamam\u0131n\u0131 ifade eden bir terim olarak kullan\u0131lmaya ba\u015flam\u0131\u015ft\u0131r. Oxford \u00dcniversitesi\u2019nin ilk Antropoloji<span class=\"excerpt-hellip\"> [\u2026]<\/span><\/p>\n","protected":false},"featured_media":0,"template":"","meta":{"_monsterinsights_skip_tracking":false,"_monsterinsights_sitenote_active":false,"_monsterinsights_sitenote_note":"","_monsterinsights_sitenote_category":0},"product_brand":[],"product_cat":[15499,13488],"product_tag":[],"class_list":{"0":"post-761336","1":"product","2":"type-product","3":"status-publish","5":"product_cat-antropoloji","6":"product_cat-toplum-ve-insan","7":"pa_cilt-ciltsiz","8":"pa_tur-kitap","9":"pa_yayinevi-cavdar","10":"pa_yazar-edward-burnett-tylor","12":"first","13":"instock","14":"sale","15":"shipping-taxable","16":"purchasable","17":"product-type-simple"},"_links":{"self":[{"href":"https:\/\/roveyayinevi.com.tr\/index.php\/wp-json\/wp\/v2\/product\/761336","targetHints":{"allow":["GET"]}}],"collection":[{"href":"https:\/\/roveyayinevi.com.tr\/index.php\/wp-json\/wp\/v2\/product"}],"about":[{"href":"https:\/\/roveyayinevi.com.tr\/index.php\/wp-json\/wp\/v2\/types\/product"}],"wp:attachment":[{"href":"https:\/\/roveyayinevi.com.tr\/index.php\/wp-json\/wp\/v2\/media?parent=761336"}],"wp:term":[{"taxonomy":"product_brand","embeddable":true,"href":"https:\/\/roveyayinevi.com.tr\/index.php\/wp-json\/wp\/v2\/product_brand?post=761336"},{"taxonomy":"product_cat","embeddable":true,"href":"https:\/\/roveyayinevi.com.tr\/index.php\/wp-json\/wp\/v2\/product_cat?post=761336"},{"taxonomy":"product_tag","embeddable":true,"href":"https:\/\/roveyayinevi.com.tr\/index.php\/wp-json\/wp\/v2\/product_tag?post=761336"}],"curies":[{"name":"wp","href":"https:\/\/api.w.org\/{rel}","templated":true}]}}