{"id":761332,"date":"2025-08-28T09:34:19","date_gmt":"2025-08-28T06:34:19","guid":{"rendered":"https:\/\/roveyayinevi.com.tr\/index.php\/urun\/kehanet-3-2\/"},"modified":"2026-04-16T03:14:48","modified_gmt":"2026-04-16T00:14:48","slug":"kehanet-3-2","status":"publish","type":"product","link":"https:\/\/roveyayinevi.com.tr\/index.php\/urun\/kehanet-3-2\/","title":{"rendered":"Kehanet 3"},"content":{"rendered":"<p>Polis art\u0131k Gazeteli \u00c7ocu\u011fun yu\u0308zu\u0308nu\u0308 biliyor! Ancak bununla yetinmeye niyeti yok! \u00c7u\u0308nku\u0308 Gazeteli \u00c7ocuk internet sansu\u0308ru\u0308nu\u0308 savunan sahtek\u00e2r politikac\u0131 Tadashi Shitaragi\u2019yi \u00f6ldu\u0308rece\u011fini ilan eden yeni bir video yay\u0131nl\u0131yor&#8230;   Gu\u0308venlik gu\u0308\u00e7leri vekilin korunmas\u0131n\u0131 sa\u011flamak i\u00e7in \u00f6rgu\u0308tlenirken kendini kaybedip polisi arayan K\u00f4ichi\u2019nin u\u0308zerindeki bask\u0131 art\u0131yor. Grubun iki u\u0308yesi art\u0131k Amir Yoshino\u2019nun hedefinde&#8230; Peki bu maskeli adamlar bu\u0308yu\u0308k projelerini hayata ge\u00e7irmeyi ba\u015farabilecekler mi?   Tetsuya Tsutsui\u2019nin en sevdi\u011fi temalar olan sosyal adaletsizlik, intikam ve yeni teknolojiler u\u0308zerine muhte\u015fem bir gerilim. <\/p>\n","protected":false},"excerpt":{"rendered":"<p>Polis art\u0131k Gazeteli \u00c7ocu\u011fun yu\u0308zu\u0308nu\u0308 biliyor! Ancak bununla yetinmeye niyeti yok! \u00c7u\u0308nku\u0308 Gazeteli \u00c7ocuk internet sansu\u0308ru\u0308nu\u0308 savunan sahtek\u00e2r politikac\u0131 Tadashi Shitaragi\u2019yi \u00f6ldu\u0308rece\u011fini ilan eden yeni bir<span class=\"excerpt-hellip\"> [\u2026]<\/span><\/p>\n","protected":false},"featured_media":0,"template":"","meta":{"_monsterinsights_skip_tracking":false,"_monsterinsights_sitenote_active":false,"_monsterinsights_sitenote_note":"","_monsterinsights_sitenote_category":0},"product_brand":[],"product_cat":[12416,12291],"product_tag":[],"class_list":{"0":"post-761332","1":"product","2":"type-product","3":"status-publish","5":"product_cat-cizgi-roman","6":"product_cat-edebiyat","7":"pa_cilt-ciltsiz","8":"pa_tur-kitap","9":"pa_yayinevi-athica-yayinlari","10":"pa_yazar-tetsuya-tsutsui","12":"first","13":"instock","14":"sale","15":"shipping-taxable","16":"purchasable","17":"product-type-simple"},"_links":{"self":[{"href":"https:\/\/roveyayinevi.com.tr\/index.php\/wp-json\/wp\/v2\/product\/761332","targetHints":{"allow":["GET"]}}],"collection":[{"href":"https:\/\/roveyayinevi.com.tr\/index.php\/wp-json\/wp\/v2\/product"}],"about":[{"href":"https:\/\/roveyayinevi.com.tr\/index.php\/wp-json\/wp\/v2\/types\/product"}],"wp:attachment":[{"href":"https:\/\/roveyayinevi.com.tr\/index.php\/wp-json\/wp\/v2\/media?parent=761332"}],"wp:term":[{"taxonomy":"product_brand","embeddable":true,"href":"https:\/\/roveyayinevi.com.tr\/index.php\/wp-json\/wp\/v2\/product_brand?post=761332"},{"taxonomy":"product_cat","embeddable":true,"href":"https:\/\/roveyayinevi.com.tr\/index.php\/wp-json\/wp\/v2\/product_cat?post=761332"},{"taxonomy":"product_tag","embeddable":true,"href":"https:\/\/roveyayinevi.com.tr\/index.php\/wp-json\/wp\/v2\/product_tag?post=761332"}],"curies":[{"name":"wp","href":"https:\/\/api.w.org\/{rel}","templated":true}]}}