{"id":761329,"date":"2025-08-28T09:34:13","date_gmt":"2025-08-28T06:34:13","guid":{"rendered":"https:\/\/roveyayinevi.com.tr\/index.php\/urun\/dinozordan-damlalar\/"},"modified":"2026-04-16T03:14:48","modified_gmt":"2026-04-16T00:14:48","slug":"dinozordan-damlalar","status":"publish","type":"product","link":"https:\/\/roveyayinevi.com.tr\/index.php\/urun\/dinozordan-damlalar\/","title":{"rendered":"Dinozordan Damlalar"},"content":{"rendered":"<p>Bir y\u00fcre\u011fim bir ben B\u0131rak beni gideyim Kafesleme ellerimi \u015fiirlerinde Bilmedi\u011fim \u015fark\u0131lar\u0131 s\u00f6yleyemem biliyorsun Dur diyememek var bir de&#8230; \u00d6zlemime Bir y\u00fcre\u011fim bir ben \u00c7aresizlik t\u00fcmse\u011findeyim Sus pus ahraz d\u00fcnyas\u0131 kurulmu\u015f \u00f6ylece \u015eark gecelerinin&#8230; neydiki esrarl\u0131 hali Ki&#8230; Gece kaymaz bir y\u0131ld\u0131zc\u0131k olsun ellerime&#8230;   Bir y\u00fcre\u011fim bir ben \u00dc\u00e7genimsi daralm\u0131\u015f\u0131m a\u00e7\u0131lar\u0131m en dik Kenar mahalle \u015fairli\u011fimin yergisi kaz\u0131nm\u0131\u015f, g\u00f6z altlar\u0131ma   Devler sayg\u0131nl\u0131\u011f\u0131n\u0131 yitirmi\u015f \u00c7ekilmez b\u00f6cekler emip dururken kan\u0131m\u0131 Bin sorularda k\u0131vran\u0131r bedenim Erdem g\u00fcne\u015finin en \u015fifal\u0131 \u0131\u015f\u0131nlar\u0131yla p\u0131r\u0131l p\u0131r\u0131l Bir d\u00fczen gelmeli \u00fclkemize B\u0131rak&#8230; \u0130nsanl\u0131kla ilgili olmayanlar\u0131 B\u0131rak&#8230; Hizip\u00e7ilik zihniyetini   Analar ATAT\u00dcRK y\u00fcrekli \u00e7ocuklar do\u011fursun Yok \u00fclkemizden ba\u015fka gidecek evimiz Bir y\u00fcre\u011fim bir ben   G\u00f6zlerim sokaklara d\u00f6k\u00fclm\u00fc\u015f her biri bir yerde S\u0131vanm\u0131\u015f i\u00e7ime h\u0131\u00e7k\u0131ran mevsimler Kire\u00e7 y\u00fczl\u00fc \u00e7ocuklar g\u00f6r\u00fcyorum Kuru ekme\u011fe sarkm\u0131\u015flar aha K\u00e2\u011f\u0131t gemileri de yenik d\u00fc\u015fm\u00fc\u015f ger\u00e7ek ortada&#8230; D\u00fc\u015f\u00fcnce u\u00e7urumuna d\u00fc\u015ft\u00fcm bir kez Kenar mahalle \u015fairli\u011fimin yergisi kaz\u0131lm\u0131\u015f g\u00f6z altlar\u0131ma. <\/p>\n","protected":false},"excerpt":{"rendered":"<p>Bir y\u00fcre\u011fim bir ben B\u0131rak beni gideyim Kafesleme ellerimi \u015fiirlerinde Bilmedi\u011fim \u015fark\u0131lar\u0131 s\u00f6yleyemem biliyorsun Dur diyememek var bir de&#8230; \u00d6zlemime Bir y\u00fcre\u011fim bir ben \u00c7aresizlik t\u00fcmse\u011findeyim<span class=\"excerpt-hellip\"> [\u2026]<\/span><\/p>\n","protected":false},"featured_media":0,"template":"","meta":{"_monsterinsights_skip_tracking":false,"_monsterinsights_sitenote_active":false,"_monsterinsights_sitenote_note":"","_monsterinsights_sitenote_category":0},"product_brand":[],"product_cat":[12291,12509],"product_tag":[],"class_list":{"0":"post-761329","1":"product","2":"type-product","3":"status-publish","5":"product_cat-edebiyat","6":"product_cat-siir","7":"pa_cilt-ciltsiz","8":"pa_tur-kitap","9":"pa_yayinevi-gulnar-yayinlari","10":"pa_yazar-hatice-genc","12":"first","13":"instock","14":"sale","15":"shipping-taxable","16":"purchasable","17":"product-type-simple"},"_links":{"self":[{"href":"https:\/\/roveyayinevi.com.tr\/index.php\/wp-json\/wp\/v2\/product\/761329","targetHints":{"allow":["GET"]}}],"collection":[{"href":"https:\/\/roveyayinevi.com.tr\/index.php\/wp-json\/wp\/v2\/product"}],"about":[{"href":"https:\/\/roveyayinevi.com.tr\/index.php\/wp-json\/wp\/v2\/types\/product"}],"wp:attachment":[{"href":"https:\/\/roveyayinevi.com.tr\/index.php\/wp-json\/wp\/v2\/media?parent=761329"}],"wp:term":[{"taxonomy":"product_brand","embeddable":true,"href":"https:\/\/roveyayinevi.com.tr\/index.php\/wp-json\/wp\/v2\/product_brand?post=761329"},{"taxonomy":"product_cat","embeddable":true,"href":"https:\/\/roveyayinevi.com.tr\/index.php\/wp-json\/wp\/v2\/product_cat?post=761329"},{"taxonomy":"product_tag","embeddable":true,"href":"https:\/\/roveyayinevi.com.tr\/index.php\/wp-json\/wp\/v2\/product_tag?post=761329"}],"curies":[{"name":"wp","href":"https:\/\/api.w.org\/{rel}","templated":true}]}}