{"id":761328,"date":"2025-08-28T09:34:12","date_gmt":"2025-08-28T06:34:12","guid":{"rendered":"https:\/\/roveyayinevi.com.tr\/index.php\/urun\/asar-i-nefise\/"},"modified":"2026-04-16T03:14:48","modified_gmt":"2026-04-16T00:14:48","slug":"asar-i-nefise","status":"publish","type":"product","link":"https:\/\/roveyayinevi.com.tr\/index.php\/urun\/asar-i-nefise\/","title":{"rendered":"Asar-\u0131 Nefise"},"content":{"rendered":"<p>\u015eerh ve bel\u00e2gat, \u0130sl\u00e2m ilim ve edebiy\u00e2t gelene\u011fini aktaran iki \u00f6nemli us\u00fbl d\u00e2iresi olarak kabul edilip, daha \u00f6nceden yaz\u0131lm\u0131\u015f eserleri anlamaya ve anlatmaya y\u00f6nelik gayretlerin sonucudur. Bel\u00e2gat gibi \u015ferh de olan\u0131, s\u00f6zl\u00fc ve yaz\u0131l\u0131 metin anlama ve anlatma gayretlerinin gelenekle\u015fmi\u015f m\u00fckteseb\u00e2t\u0131n\u0131n \u00fcr\u00fcn\u00fcd\u00fcr. Tanzimat&#8217;tan sonra yayg\u0131nla\u015fan &#8220;eski-yeni&#8221; tart\u0131\u015fmalar\u0131, bel\u00e2gat sahas\u0131nda ilk kez Ahmed Cevdet Pa\u015fa&#8217;n\u0131n Bel\u00e2gat-\u0131 Osm\u00e2niyye&#8217;si etr\u00e2f\u0131nda cerey\u00e2n etmi\u015ftir.   Elinizde bulunan bu kitap, iki farkl\u0131 ancak gayeleri benzer eserlerden olu\u015fur. <\/p>\n","protected":false},"excerpt":{"rendered":"<p>\u015eerh ve bel\u00e2gat, \u0130sl\u00e2m ilim ve edebiy\u00e2t gelene\u011fini aktaran iki \u00f6nemli us\u00fbl d\u00e2iresi olarak kabul edilip, daha \u00f6nceden yaz\u0131lm\u0131\u015f eserleri anlamaya ve anlatmaya y\u00f6nelik gayretlerin sonucudur.<span class=\"excerpt-hellip\"> [\u2026]<\/span><\/p>\n","protected":false},"featured_media":0,"template":"","meta":{"_monsterinsights_skip_tracking":false,"_monsterinsights_sitenote_active":false,"_monsterinsights_sitenote_note":"","_monsterinsights_sitenote_category":0},"product_brand":[],"product_cat":[12370,12304],"product_tag":[],"class_list":{"0":"post-761328","1":"product","2":"type-product","3":"status-publish","5":"product_cat-arastirma-inceleme","6":"product_cat-tarih","7":"pa_cilt-ciltsiz","8":"pa_tur-kitap","9":"pa_yayinevi-gulnar-yayinlari","10":"pa_yazar-hesna-ozbeyoglu","12":"first","13":"instock","14":"sale","15":"shipping-taxable","16":"purchasable","17":"product-type-simple"},"_links":{"self":[{"href":"https:\/\/roveyayinevi.com.tr\/index.php\/wp-json\/wp\/v2\/product\/761328","targetHints":{"allow":["GET"]}}],"collection":[{"href":"https:\/\/roveyayinevi.com.tr\/index.php\/wp-json\/wp\/v2\/product"}],"about":[{"href":"https:\/\/roveyayinevi.com.tr\/index.php\/wp-json\/wp\/v2\/types\/product"}],"wp:attachment":[{"href":"https:\/\/roveyayinevi.com.tr\/index.php\/wp-json\/wp\/v2\/media?parent=761328"}],"wp:term":[{"taxonomy":"product_brand","embeddable":true,"href":"https:\/\/roveyayinevi.com.tr\/index.php\/wp-json\/wp\/v2\/product_brand?post=761328"},{"taxonomy":"product_cat","embeddable":true,"href":"https:\/\/roveyayinevi.com.tr\/index.php\/wp-json\/wp\/v2\/product_cat?post=761328"},{"taxonomy":"product_tag","embeddable":true,"href":"https:\/\/roveyayinevi.com.tr\/index.php\/wp-json\/wp\/v2\/product_tag?post=761328"}],"curies":[{"name":"wp","href":"https:\/\/api.w.org\/{rel}","templated":true}]}}