{"id":761326,"date":"2025-08-28T09:34:08","date_gmt":"2025-08-28T06:34:08","guid":{"rendered":"https:\/\/roveyayinevi.com.tr\/index.php\/urun\/tukenmez-sticker-oyun-kitabi\/"},"modified":"2026-04-16T03:14:48","modified_gmt":"2026-04-16T00:14:48","slug":"tukenmez-sticker-oyun-kitabi","status":"publish","type":"product","link":"https:\/\/roveyayinevi.com.tr\/index.php\/urun\/tukenmez-sticker-oyun-kitabi\/","title":{"rendered":"T\u00fckenmez Sticker Oyun Kitab\u0131"},"content":{"rendered":"<p>K\u00fc\u00e7\u00fck Eller, B\u00fcy\u00fck Maceralar! 100\u2019den Fazla T\u00fckenmez Renkli Sticker ve E\u011flenceli \u00d6\u011frenme Farkl\u0131 zeminlerde ke\u015ffe \u00e7\u0131kmaya haz\u0131r m\u0131s\u0131n?Bir g\u00fcn odandas\u0131n, bir g\u00fcn deniz kenar\u0131nda, bir g\u00fcn okulda, bir g\u00fcn uzayda\u2026 Bu kitap ile hayal g\u00fcc\u00fcn s\u0131n\u0131rs\u0131z bir maceraya d\u00f6n\u00fc\u015f\u00fcyor! Kaliteli sayfalar\u0131 ve rengarenk stickerlar\u0131yla bu kitap, okul \u00f6ncesi \u00e7ocuklar i\u00e7in hem e\u011flenceli hem de e\u011fitici bir deneyim sunuyor. Kitapta neler mi var?               \u2022  \u00c7ocuklar\u0131m\u0131z\u0131n farkl\u0131 zeminleri ke\u015ffedebilece\u011fi birbirinden g\u00fczel resimler \u2022  Hayal g\u00fcc\u00fcn\u00fc kullanarak kendi hik\u00e2yelerini olu\u015fturabilece\u011fi sayfalar \u2022  Renkli ve e\u011flenceli 100\u2019den fazla sticker \u2022  \u00c7ocuklar\u0131m\u0131z\u0131n el becerilerini ve koordinasyonlar\u0131n\u0131 geli\u015ftirecek aktiviteler Kaliteli ve dayan\u0131kl\u0131 sayfalar\u0131 ile \u201cT\u00fckenmeyen Sticker Oyun Kitab\u0131\u201d uzun zaman \u00e7ocu\u011funuzun e\u011flenmesine ve \u00f6\u011frenmesine e\u015flik edecek. \u00c7ocu\u011funuzun geli\u015fimini desteklemek ve ona unutulmaz bir \u00f6\u011frenme deneyimi ya\u015fatmak i\u00e7in bu kitab\u0131 mutlaka al\u0131n\u2026 <\/p>\n","protected":false},"excerpt":{"rendered":"<p>K\u00fc\u00e7\u00fck Eller, B\u00fcy\u00fck Maceralar! 100\u2019den Fazla T\u00fckenmez Renkli Sticker ve E\u011flenceli \u00d6\u011frenme Farkl\u0131 zeminlerde ke\u015ffe \u00e7\u0131kmaya haz\u0131r m\u0131s\u0131n?Bir g\u00fcn odandas\u0131n, bir g\u00fcn deniz kenar\u0131nda, bir g\u00fcn<span class=\"excerpt-hellip\"> [\u2026]<\/span><\/p>\n","protected":false},"featured_media":0,"template":"","meta":{"_monsterinsights_skip_tracking":false,"_monsterinsights_sitenote_active":false,"_monsterinsights_sitenote_note":"","_monsterinsights_sitenote_category":0},"product_brand":[],"product_cat":[12274,15842],"product_tag":[],"class_list":{"0":"post-761326","1":"product","2":"type-product","3":"status-publish","5":"product_cat-cocuk-ve-genclik-kitaplari","6":"product_cat-egitici-kitaplar","7":"pa_cilt-ciltsiz","8":"pa_tur-kitap","9":"pa_yayinevi-bicirik-yayinlari","10":"pa_yazar-tuba-ozturk","12":"first","13":"instock","14":"sale","15":"shipping-taxable","16":"purchasable","17":"product-type-simple"},"_links":{"self":[{"href":"https:\/\/roveyayinevi.com.tr\/index.php\/wp-json\/wp\/v2\/product\/761326","targetHints":{"allow":["GET"]}}],"collection":[{"href":"https:\/\/roveyayinevi.com.tr\/index.php\/wp-json\/wp\/v2\/product"}],"about":[{"href":"https:\/\/roveyayinevi.com.tr\/index.php\/wp-json\/wp\/v2\/types\/product"}],"wp:attachment":[{"href":"https:\/\/roveyayinevi.com.tr\/index.php\/wp-json\/wp\/v2\/media?parent=761326"}],"wp:term":[{"taxonomy":"product_brand","embeddable":true,"href":"https:\/\/roveyayinevi.com.tr\/index.php\/wp-json\/wp\/v2\/product_brand?post=761326"},{"taxonomy":"product_cat","embeddable":true,"href":"https:\/\/roveyayinevi.com.tr\/index.php\/wp-json\/wp\/v2\/product_cat?post=761326"},{"taxonomy":"product_tag","embeddable":true,"href":"https:\/\/roveyayinevi.com.tr\/index.php\/wp-json\/wp\/v2\/product_tag?post=761326"}],"curies":[{"name":"wp","href":"https:\/\/api.w.org\/{rel}","templated":true}]}}