{"id":761325,"date":"2025-08-28T09:34:07","date_gmt":"2025-08-28T06:34:07","guid":{"rendered":"https:\/\/roveyayinevi.com.tr\/index.php\/urun\/derkenar\/"},"modified":"2026-04-16T03:14:48","modified_gmt":"2026-04-16T00:14:48","slug":"derkenar","status":"publish","type":"product","link":"https:\/\/roveyayinevi.com.tr\/index.php\/urun\/derkenar\/","title":{"rendered":"Derkenar"},"content":{"rendered":"<p>Tarih, nesnel ve tarafs\u0131z olarak ele al\u0131nmas\u0131 en g\u00fc\u00e7 disiplinlerden biridir belki ama T\u00fcrk tarih\u00e7ili\u011finde akademik ve bilimsel tarih\u00e7ili\u011fin g\u00fc\u00e7l\u00fc bir gelene\u011fi oldu\u011funu da g\u00f6z ard\u0131 etmemek gerekir. Ar\u015fiv malzemesini ay\u0131klama, de\u011ferlendirme ve yorumlama evrelerinin i\u00e7ine \u00e7o\u011fu kez \u00f6znel kanaatler, ideolojik e\u011filimler s\u0131z\u0131verir ama elbette her tarih\u00e7i b\u00f6yle de\u011fildir. T\u00fcrk tarih yaz\u0131c\u0131l\u0131\u011f\u0131nda akademik ve bilimsel \u00fcslup dendi\u011finde akla ilk gelen isimlerden Feridun M. Emecen\u2019in yaz\u0131lar\u0131nda, tarih malzemesine duyulan merak ve sevgiye e\u015flik eden so\u011fukkanl\u0131 akademik duru\u015fu fark etmemek olas\u0131 de\u011fildir. Osmanl\u0131 tarihinin en tart\u0131\u015fmal\u0131 konular\u0131, Emecen\u2019in ele\u015ftirel g\u00f6zlemi alt\u0131nda bir bilimsel nesneye d\u00f6n\u00fc\u015f\u00fcr; okur da bu akademik titizli\u011fe al\u0131\u015f\u0131verir. Emecen\u2019in kitaplar\u0131na girmemi\u015f yaz\u0131lar\u0131, notlar\u0131 ve s\u00f6yle\u015filerinden olu\u015fan bu se\u00e7ki, ya\u015fam\u0131n\u0131 bilimsel tarih yaz\u0131c\u0131l\u0131\u011f\u0131na adam\u0131\u015f bir tarih\u00e7inin adeta \u00e7al\u0131\u015fma odas\u0131n\u0131 simgeliyor. \u0130stanbul\u2019un fethi s\u0131ras\u0131nda gemiler karadan nas\u0131l y\u00fcr\u00fct\u00fcld\u00fc? \u015eehzade Mustafa\u2019n\u0131n babas\u0131 Kanuni Sultan S\u00fcleyman taraf\u0131ndan bo\u011fdurulmas\u0131 devlet-i ebed m\u00fcddet a\u00e7\u0131s\u0131ndan nas\u0131l yorumlanmal\u0131? Hilafet, Osmanl\u0131 devleti a\u00e7\u0131s\u0131ndan ne anlama geliyordu? Fetret Devri\u2019nden kalan sorunlar\u0131 Fatih Sultan Mehmed nas\u0131l \u00e7\u00f6zm\u00fc\u015ft\u00fc? Tarih dizileri ile tarih\u00ee ger\u00e7eklikler aras\u0131nda bir uyum olmal\u0131 m\u0131, kurmaca m\u0131 \u00f6ne \u00e7\u0131kmal\u0131 yoksa tarih\u00ee olgular m\u0131? Kahramanmara\u015f depremleri bir tarih\u00e7iye ne anlat\u0131r? Emecen, bu ve benzeri sorulara yan\u0131t ararken se\u00e7kin tarih\u00e7ilere \u00f6zg\u00fc irdeleyici bir tutum tak\u0131n\u0131yor ve okurunu tarih yaz\u0131c\u0131l\u0131\u011f\u0131n\u0131 do\u011fru anlamaya davet ediyor. <\/p>\n","protected":false},"excerpt":{"rendered":"<p>Tarih, nesnel ve tarafs\u0131z olarak ele al\u0131nmas\u0131 en g\u00fc\u00e7 disiplinlerden biridir belki ama T\u00fcrk tarih\u00e7ili\u011finde akademik ve bilimsel tarih\u00e7ili\u011fin g\u00fc\u00e7l\u00fc bir gelene\u011fi oldu\u011funu da g\u00f6z ard\u0131<span class=\"excerpt-hellip\"> [\u2026]<\/span><\/p>\n","protected":false},"featured_media":0,"template":"","meta":{"_monsterinsights_skip_tracking":false,"_monsterinsights_sitenote_active":false,"_monsterinsights_sitenote_note":"","_monsterinsights_sitenote_category":0},"product_brand":[],"product_cat":[12304],"product_tag":[],"class_list":{"0":"post-761325","1":"product","2":"type-product","3":"status-publish","5":"product_cat-tarih","6":"pa_cilt-ciltsiz","7":"pa_tur-kitap","8":"pa_yayinevi-vakifbank-kultur-yayinlari","9":"pa_yazar-feridun-m-emecen","11":"first","12":"instock","13":"sale","14":"shipping-taxable","15":"purchasable","16":"product-type-simple"},"_links":{"self":[{"href":"https:\/\/roveyayinevi.com.tr\/index.php\/wp-json\/wp\/v2\/product\/761325","targetHints":{"allow":["GET"]}}],"collection":[{"href":"https:\/\/roveyayinevi.com.tr\/index.php\/wp-json\/wp\/v2\/product"}],"about":[{"href":"https:\/\/roveyayinevi.com.tr\/index.php\/wp-json\/wp\/v2\/types\/product"}],"wp:attachment":[{"href":"https:\/\/roveyayinevi.com.tr\/index.php\/wp-json\/wp\/v2\/media?parent=761325"}],"wp:term":[{"taxonomy":"product_brand","embeddable":true,"href":"https:\/\/roveyayinevi.com.tr\/index.php\/wp-json\/wp\/v2\/product_brand?post=761325"},{"taxonomy":"product_cat","embeddable":true,"href":"https:\/\/roveyayinevi.com.tr\/index.php\/wp-json\/wp\/v2\/product_cat?post=761325"},{"taxonomy":"product_tag","embeddable":true,"href":"https:\/\/roveyayinevi.com.tr\/index.php\/wp-json\/wp\/v2\/product_tag?post=761325"}],"curies":[{"name":"wp","href":"https:\/\/api.w.org\/{rel}","templated":true}]}}