{"id":761324,"date":"2025-08-28T09:34:04","date_gmt":"2025-08-28T06:34:04","guid":{"rendered":"https:\/\/roveyayinevi.com.tr\/index.php\/urun\/giz\/"},"modified":"2026-04-16T03:14:48","modified_gmt":"2026-04-16T00:14:48","slug":"giz","status":"publish","type":"product","link":"https:\/\/roveyayinevi.com.tr\/index.php\/urun\/giz\/","title":{"rendered":"Giz"},"content":{"rendered":"<p>Bir romantik roman   Ge\u00e7mi\u015f, ge\u00e7mi\u015fte kald\u0131 m\u0131 ger\u00e7ekten? Ununu eleyen, ele\u011fini duvara as\u0131p b\u0131rakt\u0131 m\u0131 \u00f6ylece? Ya\u015fanan onca \u015fey, y\u0131ld\u0131z tozu olup bir meltemle savruldu mu? De\u011fi\u015firken, d\u00f6n\u00fc\u015f\u00fcrken bir yandan da nas\u0131l bu kadar ayn\u0131 kalabildi baz\u0131 \u015feyler? Nerede bu \u201cG\u0130Z\u201d li sorular\u0131n cevaplar\u0131?               *** G\u0130Z; iki yazar\u0131n hayal d\u00fcnyalar\u0131n\u0131, bak\u0131\u015f a\u00e7\u0131lar\u0131n\u0131, kalemlerini, hayatlar\u0131n\u0131 harmanlad\u0131\u011f\u0131 ve bunu yaparken okuyucuyu adeta yumu\u015fac\u0131k bir bulutla farkl\u0131 d\u00f6nemlere ta\u015f\u0131d\u0131\u011f\u0131 bir roman. Fondaki renkler ve sesler de\u011fi\u015fse bile evrensel tatlar\u0131n dama\u011f\u0131m\u0131za yap\u0131\u015f\u0131vermesinin yolculu\u011funu i\u00e7tenlikle anlat\u0131yor.<\/p>\n","protected":false},"excerpt":{"rendered":"<p>Bir romantik roman Ge\u00e7mi\u015f, ge\u00e7mi\u015fte kald\u0131 m\u0131 ger\u00e7ekten? Ununu eleyen, ele\u011fini duvara as\u0131p b\u0131rakt\u0131 m\u0131 \u00f6ylece? Ya\u015fanan onca \u015fey, y\u0131ld\u0131z tozu olup bir meltemle savruldu mu?<span class=\"excerpt-hellip\"> [\u2026]<\/span><\/p>\n","protected":false},"featured_media":0,"template":"","meta":{"_monsterinsights_skip_tracking":false,"_monsterinsights_sitenote_active":false,"_monsterinsights_sitenote_note":"","_monsterinsights_sitenote_category":0},"product_brand":[],"product_cat":[12291,12711],"product_tag":[],"class_list":{"0":"post-761324","1":"product","2":"type-product","3":"status-publish","5":"product_cat-edebiyat","6":"product_cat-roman-oyku","7":"pa_cilt-ciltsiz","8":"pa_tur-kitap","9":"pa_yayinevi-nitelik-kitap","10":"pa_yazar-deniz-unal-pelin-unal","12":"first","13":"instock","14":"sale","15":"shipping-taxable","16":"purchasable","17":"product-type-simple"},"_links":{"self":[{"href":"https:\/\/roveyayinevi.com.tr\/index.php\/wp-json\/wp\/v2\/product\/761324","targetHints":{"allow":["GET"]}}],"collection":[{"href":"https:\/\/roveyayinevi.com.tr\/index.php\/wp-json\/wp\/v2\/product"}],"about":[{"href":"https:\/\/roveyayinevi.com.tr\/index.php\/wp-json\/wp\/v2\/types\/product"}],"wp:attachment":[{"href":"https:\/\/roveyayinevi.com.tr\/index.php\/wp-json\/wp\/v2\/media?parent=761324"}],"wp:term":[{"taxonomy":"product_brand","embeddable":true,"href":"https:\/\/roveyayinevi.com.tr\/index.php\/wp-json\/wp\/v2\/product_brand?post=761324"},{"taxonomy":"product_cat","embeddable":true,"href":"https:\/\/roveyayinevi.com.tr\/index.php\/wp-json\/wp\/v2\/product_cat?post=761324"},{"taxonomy":"product_tag","embeddable":true,"href":"https:\/\/roveyayinevi.com.tr\/index.php\/wp-json\/wp\/v2\/product_tag?post=761324"}],"curies":[{"name":"wp","href":"https:\/\/api.w.org\/{rel}","templated":true}]}}