{"id":761323,"date":"2025-08-28T09:34:03","date_gmt":"2025-08-28T06:34:03","guid":{"rendered":"https:\/\/roveyayinevi.com.tr\/index.php\/urun\/bir-aforizma-teorisi\/"},"modified":"2026-04-16T03:14:48","modified_gmt":"2026-04-16T00:14:48","slug":"bir-aforizma-teorisi","status":"publish","type":"product","link":"https:\/\/roveyayinevi.com.tr\/index.php\/urun\/bir-aforizma-teorisi\/","title":{"rendered":"Bir Aforizma Teorisi"},"content":{"rendered":"<p>K\u0131sa ve \u00f6zl\u00fc oldu\u011fu kadar vuruculu\u011fu ile de dikkat \u00e7eken aforizmalar, her yerde kar\u015f\u0131m\u0131za \u00e7\u0131k\u0131yor: eski bir tap\u0131na\u011f\u0131n kap\u0131s\u0131nda, kutsal kitaplarda, sa\u011flam felsefi metinlerde, twitter\u2019da akan yaz\u0131larda\u2026 Aforizmalar, her zamana \u00f6zg\u00fc. Bazen iki bin y\u0131l \u00f6ncesinden, bazen aile \u00fcyelerimizin yak\u0131n tarihinden, bazen ise i\u00e7inde bulundu\u011fumuz andan sesleniyor bizlere. Aforizmalar her \u015feye y\u00f6nelik. \u0130nsanlar\u0131n i\u00e7sel d\u00fcnyalar\u0131n\u0131n gizli derinliklerinden, sokak duvarlar\u0131na yaz\u0131lan toplumsal sorunlara kadar.   Aforizmalar, hak etti\u011fi \u00f6nem ve de\u011fere ra\u011fmen \u00fczerinde en az \u00e7al\u0131\u015f\u0131lan bir s\u00f6z formu. Andrew Hui; edebiyat, filoloji ve felsefeyi, kitap tarihini ve okuma tarihini kapsayan d\u00fcnyada yank\u0131 uyand\u0131ran kitab\u0131yla bizi bu en \u00f6zl\u00fc s\u00f6z formlar\u0131 hakk\u0131nda derinlemesine d\u00fc\u015f\u00fcnmenin ne anlama geldi\u011fini yeniden irdelemeye davet ediyor. Aforizmalar\u0131n k\u00f6keni nelere dayan\u0131r, bu denli yayg\u0131nl\u0131\u011fa ne \u015fekilde ve ne zaman ula\u015ft\u0131, aforizmalar\u0131 geli\u015ftiren insani ve toplumsal yo\u011funla\u015fmalar nelerdir, aforizmalar \u00fczerinde karizmatik liderlerin rol\u00fc ne oldu, dini ve felsefi hareketlere nas\u0131l ilham kayna\u011f\u0131 oldu, modern filozoflar\u0131n en derin d\u00fc\u015f\u00fcncelerinin \u00f6zeti h\u00e2line nas\u0131l geldi\u2026 Aforizmalar\u0131n iki bin be\u015f y\u00fcz y\u0131ll\u0131k ge\u00e7mi\u015fine ili\u015fkin teori olu\u015fturma iddias\u0131 ta\u015f\u0131yan bu \u00f6zg\u00fcn kitapta, bu sorular\u0131n hatta daha fazlas\u0131n\u0131n yan\u0131t\u0131n\u0131 tarih ve k\u00fclt\u00fcr\u00fcn rehberli\u011finde bulacaks\u0131n\u0131z.   S\u00f6z\u00fcn gerek insan gerekse toplumlar i\u00e7in k\u00f6kl\u00fc de\u011fi\u015fimlere neden olabilece\u011fini d\u00fc\u015f\u00fcnenler, s\u00f6z\u00fcn etki g\u00fcc\u00fcne inananlar, ciddi oldu\u011fu kadar ilgin\u00e7 ve e\u011flenceli olan bu kitaptan b\u00fcy\u00fck keyif alacakt\u0131r. Antik Yunan\u2019dan Mezopotamya uygarl\u0131klar\u0131na kadar k\u00f6kl\u00fc tarih ve k\u00fclt\u00fcr\u00fcn miras\u00e7\u0131s\u0131 olan, Asya\u2019dan Balkanlar\u2019a uzanan co\u011frafyan\u0131n nabz\u0131n\u0131 tutan; k\u0131sa, \u00f6z ve hikmetli s\u00f6z s\u00f6yleme gelene\u011fine sahip insan\u0131m\u0131z i\u00e7in aforizmalar \u00fczerine sorgulamalar ufuk a\u00e7\u0131c\u0131 nitelikte. <\/p>\n","protected":false},"excerpt":{"rendered":"<p>K\u0131sa ve \u00f6zl\u00fc oldu\u011fu kadar vuruculu\u011fu ile de dikkat \u00e7eken aforizmalar, her yerde kar\u015f\u0131m\u0131za \u00e7\u0131k\u0131yor: eski bir tap\u0131na\u011f\u0131n kap\u0131s\u0131nda, kutsal kitaplarda, sa\u011flam felsefi metinlerde, twitter\u2019da akan<span class=\"excerpt-hellip\"> [\u2026]<\/span><\/p>\n","protected":false},"featured_media":0,"template":"","meta":{"_monsterinsights_skip_tracking":false,"_monsterinsights_sitenote_active":false,"_monsterinsights_sitenote_note":"","_monsterinsights_sitenote_category":0},"product_brand":[],"product_cat":[12388],"product_tag":[],"class_list":{"0":"post-761323","1":"product","2":"type-product","3":"status-publish","5":"product_cat-felsefe","6":"pa_cilt-ciltsiz","7":"pa_tur-kitap","8":"pa_yayinevi-gumbel-yayim","9":"pa_yazar-andrew-hui","11":"first","12":"instock","13":"sale","14":"shipping-taxable","15":"purchasable","16":"product-type-simple"},"_links":{"self":[{"href":"https:\/\/roveyayinevi.com.tr\/index.php\/wp-json\/wp\/v2\/product\/761323","targetHints":{"allow":["GET"]}}],"collection":[{"href":"https:\/\/roveyayinevi.com.tr\/index.php\/wp-json\/wp\/v2\/product"}],"about":[{"href":"https:\/\/roveyayinevi.com.tr\/index.php\/wp-json\/wp\/v2\/types\/product"}],"wp:attachment":[{"href":"https:\/\/roveyayinevi.com.tr\/index.php\/wp-json\/wp\/v2\/media?parent=761323"}],"wp:term":[{"taxonomy":"product_brand","embeddable":true,"href":"https:\/\/roveyayinevi.com.tr\/index.php\/wp-json\/wp\/v2\/product_brand?post=761323"},{"taxonomy":"product_cat","embeddable":true,"href":"https:\/\/roveyayinevi.com.tr\/index.php\/wp-json\/wp\/v2\/product_cat?post=761323"},{"taxonomy":"product_tag","embeddable":true,"href":"https:\/\/roveyayinevi.com.tr\/index.php\/wp-json\/wp\/v2\/product_tag?post=761323"}],"curies":[{"name":"wp","href":"https:\/\/api.w.org\/{rel}","templated":true}]}}