{"id":761322,"date":"2025-08-28T09:34:01","date_gmt":"2025-08-28T06:34:01","guid":{"rendered":"https:\/\/roveyayinevi.com.tr\/index.php\/urun\/eva-2\/"},"modified":"2026-04-16T03:14:48","modified_gmt":"2026-04-16T00:14:48","slug":"eva-2","status":"publish","type":"product","link":"https:\/\/roveyayinevi.com.tr\/index.php\/urun\/eva-2\/","title":{"rendered":"Eva"},"content":{"rendered":"<p>Hayat bazen bizi beklenmedik yerlere s\u00fcr\u00fckler, ancak do\u011fru ki\u015fi do\u011fru zaman ve do\u011fru kararlarla her engel a\u015f\u0131labilir. \u0130\u015fte tam da bu inan\u00e7la hareket eden, g\u00fc\u00e7l\u00fc ve kararl\u0131 bir gen\u00e7 kad\u0131n: Eva. Hayat, Eva&#8217;n\u0131n planlar\u0131n\u0131 ve hayallerini kolayca ger\u00e7ekle\u015ftirmesine izin vermedi. Kar\u015f\u0131s\u0131na \u00e7\u0131kan zorluklar, onun azmini s\u0131namakla kalmad\u0131, ayn\u0131 zamanda onun karakterini de \u015fekillendirdi. Her bir engel, Eva&#8217;n\u0131n daha da g\u00fc\u00e7lenmesine ve daha da kararl\u0131 olmas\u0131na neden oldu. Eva, sadece kendi hayat\u0131n\u0131 de\u011fi\u015ftirmekle kalmad\u0131, ayn\u0131 zamanda etraf\u0131ndaki insanlar\u0131n hayatlar\u0131na da dokundu. &#8220;Eva: K\u00f6t\u00fcl\u00fcklerle Dans Eden Bir Ba\u015far\u0131 Hik\u00e2yesi&#8221;, sizi s\u0131rad\u0131\u015f\u0131 bir yolculu\u011fa davet ediyor. Cesaretinizi toplay\u0131n ve Eva&#8217;n\u0131n ilham verici hik\u00e2yesine ortak olun. \u00c7\u00fcnk\u00fc bazen, en karanl\u0131k anlarda bile \u0131\u015f\u0131\u011f\u0131 bulmak m\u00fcmk\u00fcnd\u00fcr. Eva&#8217;n\u0131n hik\u00e2yesi, sadece bir ba\u015far\u0131 hik\u00e2yesi de\u011fil, ayn\u0131 zamanda insan\u0131n i\u00e7indeki g\u00fcc\u00fc ve direnci ke\u015ffetme yolculu\u011fu. Onun hik\u00e2yesi, umut dolu bir gelece\u011fe ilham veriyor. <\/p>\n","protected":false},"excerpt":{"rendered":"<p>Hayat bazen bizi beklenmedik yerlere s\u00fcr\u00fckler, ancak do\u011fru ki\u015fi do\u011fru zaman ve do\u011fru kararlarla her engel a\u015f\u0131labilir. \u0130\u015fte tam da bu inan\u00e7la hareket eden, g\u00fc\u00e7l\u00fc ve<span class=\"excerpt-hellip\"> [\u2026]<\/span><\/p>\n","protected":false},"featured_media":0,"template":"","meta":{"_monsterinsights_skip_tracking":false,"_monsterinsights_sitenote_active":false,"_monsterinsights_sitenote_note":"","_monsterinsights_sitenote_category":0},"product_brand":[],"product_cat":[12291,12711],"product_tag":[],"class_list":{"0":"post-761322","1":"product","2":"type-product","3":"status-publish","5":"product_cat-edebiyat","6":"product_cat-roman-oyku","7":"pa_cilt-ciltsiz","8":"pa_tur-kitap","9":"pa_yayinevi-servet-yayinevi","10":"pa_yazar-m-ali-targac","12":"first","13":"instock","14":"sale","15":"shipping-taxable","16":"purchasable","17":"product-type-simple"},"_links":{"self":[{"href":"https:\/\/roveyayinevi.com.tr\/index.php\/wp-json\/wp\/v2\/product\/761322","targetHints":{"allow":["GET"]}}],"collection":[{"href":"https:\/\/roveyayinevi.com.tr\/index.php\/wp-json\/wp\/v2\/product"}],"about":[{"href":"https:\/\/roveyayinevi.com.tr\/index.php\/wp-json\/wp\/v2\/types\/product"}],"wp:attachment":[{"href":"https:\/\/roveyayinevi.com.tr\/index.php\/wp-json\/wp\/v2\/media?parent=761322"}],"wp:term":[{"taxonomy":"product_brand","embeddable":true,"href":"https:\/\/roveyayinevi.com.tr\/index.php\/wp-json\/wp\/v2\/product_brand?post=761322"},{"taxonomy":"product_cat","embeddable":true,"href":"https:\/\/roveyayinevi.com.tr\/index.php\/wp-json\/wp\/v2\/product_cat?post=761322"},{"taxonomy":"product_tag","embeddable":true,"href":"https:\/\/roveyayinevi.com.tr\/index.php\/wp-json\/wp\/v2\/product_tag?post=761322"}],"curies":[{"name":"wp","href":"https:\/\/api.w.org\/{rel}","templated":true}]}}