{"id":761320,"date":"2025-08-28T09:33:58","date_gmt":"2025-08-28T06:33:58","guid":{"rendered":"https:\/\/roveyayinevi.com.tr\/index.php\/urun\/edebiyat-yazilari-1\/"},"modified":"2026-04-16T03:14:48","modified_gmt":"2026-04-16T00:14:48","slug":"edebiyat-yazilari-1","status":"publish","type":"product","link":"https:\/\/roveyayinevi.com.tr\/index.php\/urun\/edebiyat-yazilari-1\/","title":{"rendered":"Edebiyat Yaz\u0131lar\u0131 1"},"content":{"rendered":"<p>\u201cSanatk\u00e2r, lisan\u0131n denizine kendi kan\u0131n\u0131 katmak ihtiyac\u0131n\u0131 duyan ve kalbinin ate\u015fini teskin i\u00e7in bu umman i\u00e7ine dalan bir mahluktur,\u201d diyor Abd\u00fclhak \u015einasi Hisar. Hisar\u2019\u0131n Everest\u2019teki k\u00fclliyat\u0131, bu kavray\u0131\u015fla ve ayr\u0131ca sanat\u00e7\u0131y\u0131 bir m\u00fctefekkir, bir yol g\u00f6sterici olarak g\u00f6ren bir tav\u0131rla kaleme ald\u0131\u011f\u0131 kurmaca d\u0131\u015f\u0131 yaz\u0131lar\u0131n\u0131n yay\u0131mlanmas\u0131yla b\u00fcy\u00fcyor.   Edebiyat Yaz\u0131lar\u0131 1, Abd\u00fclhak \u015einasi Hisar\u2019\u0131n, edebiyat ve sanat\u0131 fanilik, ilham, deha gibi kavramlarla birlikte yorumlad\u0131\u011f\u0131, okuman\u0131n ve yazman\u0131n felsefesi \u00fczerine d\u00fc\u015f\u00fcnd\u00fc\u011f\u00fc, sanat\u00e7\u0131n\u0131n buhran\u0131n\u0131 da unutmayarak, muharrirler, bilhassa gen\u00e7 edipler i\u00e7in nasihatlerini ortaya koydu\u011fu yaz\u0131lar\u0131n\u0131 i\u00e7eriyor. Bu ciltte yer alan metinler, Hisar\u2019\u0131n, 1921 ile 1955 y\u0131llar\u0131 aras\u0131nda A\u011fa\u00e7, Varl\u0131k, Yar\u0131n, Aile, \u0130leri, T\u00fcrk Yurdu, Yeni \u0130stanbul, \u0130stanbul, Derg\u00e2h ve Milliyet\u2019te yay\u0131mlanan yaz\u0131lar\u0131 aras\u0131ndan se\u00e7ilip bir araya getirildi.   Yazmak bilmeyen bir adam ancak bir \u015fey s\u00f6ylemek isterse onu yazar ve yaz\u0131s\u0131ndan da maksad\u0131 az \u00e7ok anla\u015f\u0131l\u0131r. Bir \u015fey s\u00f6ylememek i\u00e7in yazabilmek ve yazarken de maksad\u0131n\u0131 gizleyebilmek, denilebilir ki yazmay\u0131 bilenlerin k\u00e2r\u0131d\u0131r.<\/p>\n","protected":false},"excerpt":{"rendered":"<p>\u201cSanatk\u00e2r, lisan\u0131n denizine kendi kan\u0131n\u0131 katmak ihtiyac\u0131n\u0131 duyan ve kalbinin ate\u015fini teskin i\u00e7in bu umman i\u00e7ine dalan bir mahluktur,\u201d diyor Abd\u00fclhak \u015einasi Hisar. Hisar\u2019\u0131n Everest\u2019teki k\u00fclliyat\u0131,<span class=\"excerpt-hellip\"> [\u2026]<\/span><\/p>\n","protected":false},"featured_media":0,"template":"","meta":{"_monsterinsights_skip_tracking":false,"_monsterinsights_sitenote_active":false,"_monsterinsights_sitenote_note":"","_monsterinsights_sitenote_category":0},"product_brand":[],"product_cat":[12291],"product_tag":[],"class_list":{"0":"post-761320","1":"product","2":"type-product","3":"status-publish","5":"product_cat-edebiyat","6":"pa_cilt-ciltsiz","7":"pa_tur-kitap","8":"pa_yayinevi-everest-yayinlari","9":"pa_yazar-abdulhak-sinasi-hisar","11":"first","12":"instock","13":"sale","14":"shipping-taxable","15":"purchasable","16":"product-type-simple"},"_links":{"self":[{"href":"https:\/\/roveyayinevi.com.tr\/index.php\/wp-json\/wp\/v2\/product\/761320","targetHints":{"allow":["GET"]}}],"collection":[{"href":"https:\/\/roveyayinevi.com.tr\/index.php\/wp-json\/wp\/v2\/product"}],"about":[{"href":"https:\/\/roveyayinevi.com.tr\/index.php\/wp-json\/wp\/v2\/types\/product"}],"wp:attachment":[{"href":"https:\/\/roveyayinevi.com.tr\/index.php\/wp-json\/wp\/v2\/media?parent=761320"}],"wp:term":[{"taxonomy":"product_brand","embeddable":true,"href":"https:\/\/roveyayinevi.com.tr\/index.php\/wp-json\/wp\/v2\/product_brand?post=761320"},{"taxonomy":"product_cat","embeddable":true,"href":"https:\/\/roveyayinevi.com.tr\/index.php\/wp-json\/wp\/v2\/product_cat?post=761320"},{"taxonomy":"product_tag","embeddable":true,"href":"https:\/\/roveyayinevi.com.tr\/index.php\/wp-json\/wp\/v2\/product_tag?post=761320"}],"curies":[{"name":"wp","href":"https:\/\/api.w.org\/{rel}","templated":true}]}}