{"id":761319,"date":"2025-08-28T09:33:56","date_gmt":"2025-08-28T06:33:56","guid":{"rendered":"https:\/\/roveyayinevi.com.tr\/index.php\/urun\/bilge-ugur-bocegi-koyu\/"},"modified":"2026-04-16T03:14:48","modified_gmt":"2026-04-16T00:14:48","slug":"bilge-ugur-bocegi-koyu","status":"publish","type":"product","link":"https:\/\/roveyayinevi.com.tr\/index.php\/urun\/bilge-ugur-bocegi-koyu\/","title":{"rendered":"Bilge U\u011fur B\u00f6ce\u011fi K\u00f6y\u00fc"},"content":{"rendered":"<p>Ba\u015f\u0131m\u0131za gelen olumsuz durumlar kar\u015f\u0131s\u0131nda bir bahane bulmak ne kadar kolay. Acaba bu olumsuz durumlar\u0131n olu\u015fmas\u0131nda kendi pay\u0131m\u0131z yok mu? Bilge u\u011fur b\u00f6ce\u011fi Coccinella, \u201cNEDEN?\u201d sorusunu merkeze alarak, sorumluluklar kavram\u0131 \u00fczerine di\u011fer u\u011fur b\u00f6ceklerini d\u00fc\u015f\u00fcnmeye itiyor. Sadece onlar\u0131 m\u0131? Okuyan her \u00e7ocuk i\u00e7in sorgulama kap\u0131lar\u0131n\u0131 aral\u0131yor.   \u201cYazar, \u00e7ocuklara sorumluluk sahibi olman\u0131n d\u0131\u015fsal fakt\u00f6rlerden ziyade tamamen i\u00e7sel \u00f6zelliklere dayand\u0131\u011f\u0131n\u0131, \u2018ilk neden\u2019 kavram\u0131n\u0131n ne oldu\u011funu, \u2018D\u00fc\u015f\u00fcnmek, en lezzetli ara \u00f6\u011f\u00fcnd\u00fcr.\u2019 diyerek d\u00fc\u015f\u00fcnmenin ruhu doyuran en \u00f6nemli \u015feylerden biri oldu\u011funu, e\u011flenceli ve \u00f6\u011fretici bir hik\u00e2ye ile bizlere aktarmaktad\u0131r.\u201d   G\u00f6k\u00e7em Elif YOLCU Psikolojik Dan\u0131\u015fman &#8211; Oyun Terapisti<\/p>\n","protected":false},"excerpt":{"rendered":"<p>Ba\u015f\u0131m\u0131za gelen olumsuz durumlar kar\u015f\u0131s\u0131nda bir bahane bulmak ne kadar kolay. Acaba bu olumsuz durumlar\u0131n olu\u015fmas\u0131nda kendi pay\u0131m\u0131z yok mu? Bilge u\u011fur b\u00f6ce\u011fi Coccinella, \u201cNEDEN?\u201d sorusunu<span class=\"excerpt-hellip\"> [\u2026]<\/span><\/p>\n","protected":false},"featured_media":0,"template":"","meta":{"_monsterinsights_skip_tracking":false,"_monsterinsights_sitenote_active":false,"_monsterinsights_sitenote_note":"","_monsterinsights_sitenote_category":0},"product_brand":[],"product_cat":[12274,12284],"product_tag":[],"class_list":{"0":"post-761319","1":"product","2":"type-product","3":"status-publish","5":"product_cat-cocuk-ve-genclik-kitaplari","6":"product_cat-hikayeler","7":"pa_cilt-ciltsiz","8":"pa_tur-kitap","9":"pa_yayinevi-luna-cocuk-yayinlari","10":"pa_yazar-sukran-acar-korkmaz","12":"first","13":"instock","14":"sale","15":"shipping-taxable","16":"purchasable","17":"product-type-simple"},"_links":{"self":[{"href":"https:\/\/roveyayinevi.com.tr\/index.php\/wp-json\/wp\/v2\/product\/761319","targetHints":{"allow":["GET"]}}],"collection":[{"href":"https:\/\/roveyayinevi.com.tr\/index.php\/wp-json\/wp\/v2\/product"}],"about":[{"href":"https:\/\/roveyayinevi.com.tr\/index.php\/wp-json\/wp\/v2\/types\/product"}],"wp:attachment":[{"href":"https:\/\/roveyayinevi.com.tr\/index.php\/wp-json\/wp\/v2\/media?parent=761319"}],"wp:term":[{"taxonomy":"product_brand","embeddable":true,"href":"https:\/\/roveyayinevi.com.tr\/index.php\/wp-json\/wp\/v2\/product_brand?post=761319"},{"taxonomy":"product_cat","embeddable":true,"href":"https:\/\/roveyayinevi.com.tr\/index.php\/wp-json\/wp\/v2\/product_cat?post=761319"},{"taxonomy":"product_tag","embeddable":true,"href":"https:\/\/roveyayinevi.com.tr\/index.php\/wp-json\/wp\/v2\/product_tag?post=761319"}],"curies":[{"name":"wp","href":"https:\/\/api.w.org\/{rel}","templated":true}]}}