{"id":761317,"date":"2025-08-28T09:33:53","date_gmt":"2025-08-28T06:33:53","guid":{"rendered":"https:\/\/roveyayinevi.com.tr\/index.php\/urun\/rakamlarin-dili-ve-sekanslari\/"},"modified":"2026-04-16T03:14:48","modified_gmt":"2026-04-16T00:14:48","slug":"rakamlarin-dili-ve-sekanslari","status":"publish","type":"product","link":"https:\/\/roveyayinevi.com.tr\/index.php\/urun\/rakamlarin-dili-ve-sekanslari\/","title":{"rendered":"Rakamlar\u0131n Dili ve Sekanslar\u0131"},"content":{"rendered":"<p>\u015eimdiye kadar rakamlarla ve say\u0131larla ilgili duyduklar\u0131n\u0131z ya da okuduklar\u0131n\u0131z, do\u011fru ya da yanl\u0131\u015f olabilir. Yaz\u0131lan b\u00fct\u00fcn eserlerde, asl\u0131nda size vermek istenileni de\u011fil, vermek istediklerini \u00f6\u011fretirler. Bu kitapla say\u0131lar\u0131n, rakamlar\u0131n ve sekanslar\u0131n farkl\u0131 bir \u015fekilde anlamsal de\u011ferleri, hi\u00e7bir manip\u00fcle olgusu olmadan size oldu\u011fu gibi aktar\u0131lm\u0131\u015ft\u0131r. *** Ge\u00e7mi\u015f zaman dilimlerinden ba\u015flayarak g\u00fcn\u00fcm\u00fcze hatta \u015fimdiki zaman d\u00f6ng\u00fclerinde bile insanlar, bu konular hakk\u0131nda kafa yorup ge\u00e7mi\u015f zaman dilimlerinde yaz\u0131lanlara ilaveler yaparak kadim s\u0131r ve bilgiler hakk\u0131ndaki s\u0131rlara vak\u0131f olmaya \u00e7al\u0131\u015fm\u0131\u015flard\u0131. Rakamlar\u0131n dili ve say\u0131 sekanslar\u0131na, bu kitapta ba\u015fka bir g\u00f6zle bak\u0131p, deyim yerindeyse sizlere \u00f6\u011fretilenlerle ya da bildikleriniz hakk\u0131nda sorgulamalar yapt\u0131r\u0131p, kafa kar\u0131\u015f\u0131kl\u0131\u011f\u0131 ya\u015fayabilirsiniz. Amac\u0131m kesinlikle bu de\u011fil. Sadece ger\u00e7eklerle y\u00fczle\u015fip, neyin ne oldu\u011fu ve ne anlama geldi\u011fi hakk\u0131nda bilgi sahibi olman\u0131zd\u0131r. <\/p>\n","protected":false},"excerpt":{"rendered":"<p>\u015eimdiye kadar rakamlarla ve say\u0131larla ilgili duyduklar\u0131n\u0131z ya da okuduklar\u0131n\u0131z, do\u011fru ya da yanl\u0131\u015f olabilir. Yaz\u0131lan b\u00fct\u00fcn eserlerde, asl\u0131nda size vermek istenileni de\u011fil, vermek istediklerini \u00f6\u011fretirler.<span class=\"excerpt-hellip\"> [\u2026]<\/span><\/p>\n","protected":false},"featured_media":0,"template":"","meta":{"_monsterinsights_skip_tracking":false,"_monsterinsights_sitenote_active":false,"_monsterinsights_sitenote_note":"","_monsterinsights_sitenote_category":0},"product_brand":[],"product_cat":[12364,12376],"product_tag":[],"class_list":{"0":"post-761317","1":"product","2":"type-product","3":"status-publish","5":"product_cat-genel-konular","6":"product_cat-kisisel-gelisim","7":"pa_cilt-ciltsiz","8":"pa_tur-kitap","9":"pa_yayinevi-luna-yayinlari","10":"pa_yazar-nurettin-ozdogan","12":"first","13":"instock","14":"sale","15":"shipping-taxable","16":"purchasable","17":"product-type-simple"},"_links":{"self":[{"href":"https:\/\/roveyayinevi.com.tr\/index.php\/wp-json\/wp\/v2\/product\/761317","targetHints":{"allow":["GET"]}}],"collection":[{"href":"https:\/\/roveyayinevi.com.tr\/index.php\/wp-json\/wp\/v2\/product"}],"about":[{"href":"https:\/\/roveyayinevi.com.tr\/index.php\/wp-json\/wp\/v2\/types\/product"}],"wp:attachment":[{"href":"https:\/\/roveyayinevi.com.tr\/index.php\/wp-json\/wp\/v2\/media?parent=761317"}],"wp:term":[{"taxonomy":"product_brand","embeddable":true,"href":"https:\/\/roveyayinevi.com.tr\/index.php\/wp-json\/wp\/v2\/product_brand?post=761317"},{"taxonomy":"product_cat","embeddable":true,"href":"https:\/\/roveyayinevi.com.tr\/index.php\/wp-json\/wp\/v2\/product_cat?post=761317"},{"taxonomy":"product_tag","embeddable":true,"href":"https:\/\/roveyayinevi.com.tr\/index.php\/wp-json\/wp\/v2\/product_tag?post=761317"}],"curies":[{"name":"wp","href":"https:\/\/api.w.org\/{rel}","templated":true}]}}