{"id":761314,"date":"2025-08-28T09:33:47","date_gmt":"2025-08-28T06:33:47","guid":{"rendered":"https:\/\/roveyayinevi.com.tr\/index.php\/urun\/etkinlikli-bitmeyen-sticker-kitabi\/"},"modified":"2026-04-16T03:14:48","modified_gmt":"2026-04-16T00:14:48","slug":"etkinlikli-bitmeyen-sticker-kitabi","status":"publish","type":"product","link":"https:\/\/roveyayinevi.com.tr\/index.php\/urun\/etkinlikli-bitmeyen-sticker-kitabi\/","title":{"rendered":"Etkinlikli Bitmeyen Sticker Kitab\u0131"},"content":{"rendered":"<p>Renkli Stickerlarla E\u011flenceli \u00d6\u011frenme Muhte\u015fem Maceralara Haz\u0131r Olun\u2026 \u00c7ocuklar\u0131m\u0131z elinizdeki bu kitap ile renklerin ve \u015fekillerin d\u00fcnyas\u0131nda yolculu\u011fa \u00e7\u0131kacak, say\u0131lar\u0131 \u00f6\u011frenip harflerin b\u00fcy\u00fcs\u00fcyle e\u015fsiz bir \u00f6\u011frenme deneyimi ya\u015fayacaklar. El becerilerini art\u0131r\u0131p dikkat gerektiren etkinlikleri kolayl\u0131kla yapabilecekler.  Hey bu kitab\u0131n sahibi sen, stickerlar\u0131 do\u011fru yerlere yap\u0131\u015ft\u0131rarak: Eksik k\u0131s\u0131mlar\u0131 tamamlayabilirsin. Gizli nesneleri bulabilirsin. Z\u0131t anlaml\u0131 kelimeleri \u00f6\u011frenebilirsin. Duygular\u0131 ke\u015ffedebilirsin. Harfleri ve kelimeleri tan\u0131yabilirsin. Say\u0131lar\u0131 ve \u015fekilleri peki\u015ftirebilirsin. \u00d6r\u00fcnt\u00fc tamamlayabilirsin. Denizin alt\u0131ndaki canl\u0131lar\u0131 ke\u015ffedebilirsin. <\/p>\n","protected":false},"excerpt":{"rendered":"<p>Renkli Stickerlarla E\u011flenceli \u00d6\u011frenme Muhte\u015fem Maceralara Haz\u0131r Olun\u2026 \u00c7ocuklar\u0131m\u0131z elinizdeki bu kitap ile renklerin ve \u015fekillerin d\u00fcnyas\u0131nda yolculu\u011fa \u00e7\u0131kacak, say\u0131lar\u0131 \u00f6\u011frenip harflerin b\u00fcy\u00fcs\u00fcyle e\u015fsiz bir \u00f6\u011frenme<span class=\"excerpt-hellip\"> [\u2026]<\/span><\/p>\n","protected":false},"featured_media":0,"template":"","meta":{"_monsterinsights_skip_tracking":false,"_monsterinsights_sitenote_active":false,"_monsterinsights_sitenote_note":"","_monsterinsights_sitenote_category":0},"product_brand":[],"product_cat":[12274,15842],"product_tag":[],"class_list":{"0":"post-761314","1":"product","2":"type-product","3":"status-publish","5":"product_cat-cocuk-ve-genclik-kitaplari","6":"product_cat-egitici-kitaplar","7":"pa_cilt-ciltsiz","8":"pa_tur-kitap","9":"pa_yayinevi-bicirik-yayinlari","10":"pa_yazar-tuba-ozturk","12":"first","13":"instock","14":"sale","15":"shipping-taxable","16":"purchasable","17":"product-type-simple"},"_links":{"self":[{"href":"https:\/\/roveyayinevi.com.tr\/index.php\/wp-json\/wp\/v2\/product\/761314","targetHints":{"allow":["GET"]}}],"collection":[{"href":"https:\/\/roveyayinevi.com.tr\/index.php\/wp-json\/wp\/v2\/product"}],"about":[{"href":"https:\/\/roveyayinevi.com.tr\/index.php\/wp-json\/wp\/v2\/types\/product"}],"wp:attachment":[{"href":"https:\/\/roveyayinevi.com.tr\/index.php\/wp-json\/wp\/v2\/media?parent=761314"}],"wp:term":[{"taxonomy":"product_brand","embeddable":true,"href":"https:\/\/roveyayinevi.com.tr\/index.php\/wp-json\/wp\/v2\/product_brand?post=761314"},{"taxonomy":"product_cat","embeddable":true,"href":"https:\/\/roveyayinevi.com.tr\/index.php\/wp-json\/wp\/v2\/product_cat?post=761314"},{"taxonomy":"product_tag","embeddable":true,"href":"https:\/\/roveyayinevi.com.tr\/index.php\/wp-json\/wp\/v2\/product_tag?post=761314"}],"curies":[{"name":"wp","href":"https:\/\/api.w.org\/{rel}","templated":true}]}}