{"id":761310,"date":"2025-08-28T09:33:40","date_gmt":"2025-08-28T06:33:40","guid":{"rendered":"https:\/\/roveyayinevi.com.tr\/index.php\/urun\/koparilmis-cicekler\/"},"modified":"2026-04-16T03:14:48","modified_gmt":"2026-04-16T00:14:48","slug":"koparilmis-cicekler","status":"publish","type":"product","link":"https:\/\/roveyayinevi.com.tr\/index.php\/urun\/koparilmis-cicekler\/","title":{"rendered":"Kopar\u0131lm\u0131\u015f \u00c7i\u00e7ekler"},"content":{"rendered":"<p>Kaybolan ge\u00e7mi\u015fini mi aramakt\u0131 zor olan, yoksa ya\u015famak zorunda oldu\u011fu gelecek mi? Kopar\u0131lm\u0131\u015ft\u0131 \u00e7i\u00e7ekler bir vazoya konulmak i\u00e7in.   Topra\u011f\u0131ndan kopar\u0131lan bir \u00e7i\u00e7ek, nas\u0131l ya\u015fas\u0131nd\u0131 ki? Elbet bir g\u00fcn solacakt\u0131. Ne toprak susuz kalabilirdi ne de su topraks\u0131z, bir \u00e7i\u00e7e\u011fin b\u00fcy\u00fcmesi i\u00e7in.   Ve kopar\u0131ld\u0131 \u00e7i\u00e7ekler. Kendi hayallerine s\u00fcr\u00fckledi anne ve babalar, \u00e7ocuklar hi\u00e7 istemese de. Gelecek mutlak karanl\u0131kt\u0131; ya\u015fayacak k\u0131sac\u0131k \u00f6mr\u00fc kalan anne babalar i\u00e7in. Karanl\u0131kt\u0131 da ya \u00e7ocuklar ya topra\u011f\u0131ndan veya suyundan kopar\u0131lan \u00e7i\u00e7ekler? Mecburlar m\u0131yd\u0131, susuz veya topraks\u0131z ya\u015famaya? Kimin hakk\u0131 vard\u0131 \u00e7i\u00e7eklere bunu ya\u015fatmaya? <\/p>\n","protected":false},"excerpt":{"rendered":"<p>Kaybolan ge\u00e7mi\u015fini mi aramakt\u0131 zor olan, yoksa ya\u015famak zorunda oldu\u011fu gelecek mi? Kopar\u0131lm\u0131\u015ft\u0131 \u00e7i\u00e7ekler bir vazoya konulmak i\u00e7in. Topra\u011f\u0131ndan kopar\u0131lan bir \u00e7i\u00e7ek, nas\u0131l ya\u015fas\u0131nd\u0131 ki? Elbet<span class=\"excerpt-hellip\"> [\u2026]<\/span><\/p>\n","protected":false},"featured_media":0,"template":"","meta":{"_monsterinsights_skip_tracking":false,"_monsterinsights_sitenote_active":false,"_monsterinsights_sitenote_note":"","_monsterinsights_sitenote_category":0},"product_brand":[],"product_cat":[12291,12711],"product_tag":[],"class_list":{"0":"post-761310","1":"product","2":"type-product","3":"status-publish","5":"product_cat-edebiyat","6":"product_cat-roman-oyku","7":"pa_cilt-ciltsiz","8":"pa_tur-kitap","9":"pa_yayinevi-gulnar-yayinlari","10":"pa_yazar-ahmet-emre-coskun","12":"first","13":"instock","14":"sale","15":"shipping-taxable","16":"purchasable","17":"product-type-simple"},"_links":{"self":[{"href":"https:\/\/roveyayinevi.com.tr\/index.php\/wp-json\/wp\/v2\/product\/761310","targetHints":{"allow":["GET"]}}],"collection":[{"href":"https:\/\/roveyayinevi.com.tr\/index.php\/wp-json\/wp\/v2\/product"}],"about":[{"href":"https:\/\/roveyayinevi.com.tr\/index.php\/wp-json\/wp\/v2\/types\/product"}],"wp:attachment":[{"href":"https:\/\/roveyayinevi.com.tr\/index.php\/wp-json\/wp\/v2\/media?parent=761310"}],"wp:term":[{"taxonomy":"product_brand","embeddable":true,"href":"https:\/\/roveyayinevi.com.tr\/index.php\/wp-json\/wp\/v2\/product_brand?post=761310"},{"taxonomy":"product_cat","embeddable":true,"href":"https:\/\/roveyayinevi.com.tr\/index.php\/wp-json\/wp\/v2\/product_cat?post=761310"},{"taxonomy":"product_tag","embeddable":true,"href":"https:\/\/roveyayinevi.com.tr\/index.php\/wp-json\/wp\/v2\/product_tag?post=761310"}],"curies":[{"name":"wp","href":"https:\/\/api.w.org\/{rel}","templated":true}]}}