{"id":761309,"date":"2025-08-28T09:33:38","date_gmt":"2025-08-28T06:33:38","guid":{"rendered":"https:\/\/roveyayinevi.com.tr\/index.php\/urun\/kusak-ve-yol-el-kitabi\/"},"modified":"2026-04-16T03:14:48","modified_gmt":"2026-04-16T00:14:48","slug":"kusak-ve-yol-el-kitabi","status":"publish","type":"product","link":"https:\/\/roveyayinevi.com.tr\/index.php\/urun\/kusak-ve-yol-el-kitabi\/","title":{"rendered":"Ku\u015fak ve Yol El Kitab\u0131"},"content":{"rendered":"<p>\u201cKu\u015fak ve Yol \u0130nisiyatifi, Cumhurba\u015fkan\u0131 Xi Jinping taraf\u0131ndan g\u00fcndeme getirildi\u011fi 2013 y\u0131l\u0131ndan bu yana, pek \u00e7ok \u00fclkeden ve uluslararas\u0131 \u00f6rg\u00fctten olumlu geri d\u00f6n\u00fc\u015fler ald\u0131. S\u00f6z konusu \u00fclkeler ve \u00f6rg\u00fctler, bu giri\u015fimin i\u00e7inde etkin bi\u00e7imde yer ald\u0131. \u201cKu\u015fak ve Yol\u201d in\u015fas\u0131na kat\u0131lan dostluk \u00e7evresi g\u00fcnden g\u00fcne geni\u015fledi ve i\u015fbirli\u011fi ortaklar\u0131n\u0131n say\u0131s\u0131 g\u00fcnden g\u00fcne artt\u0131. Ku\u015fak ve Yol \u0130nisiyatifi, o g\u00fcnden beri, genel tasar\u0131mdan uygulamaya uzanan bir s\u00fcre\u00e7ten ge\u00e7ti. \u0130\u015fbirli\u011fi ve in\u015fa pratikleri ad\u0131m ad\u0131m derinlik kazan\u0131rken, uygulama \u00f6l\u00e7e\u011fi b\u00fcy\u00fcd\u00fc, geli\u015fim kalitesi de devaml\u0131 ilerleme g\u00f6sterdi. \u00c7in\u2019in ba\u015flatt\u0131\u011f\u0131 \u201cKu\u015fak ve Yol\u201d in\u015fas\u0131, ulusal ve b\u00f6lgesel s\u0131n\u0131rlar\u0131, farkl\u0131 ekonomik ve toplumsal kalk\u0131nma d\u00fczeylerini ve \u00e7e\u015fitli uygarl\u0131klar\u0131 a\u015farak gitgide a\u00e7\u0131k ve kapsay\u0131c\u0131 bir i\u015fbirli\u011fi platformuna ve b\u00fct\u00fcn taraflar\u0131n ortakla\u015fa in\u015fa ettikleri k\u00fcresel bir kamu mal\u0131na d\u00f6n\u00fc\u015ft\u00fc. Birle\u015fmi\u015f Milletler (BM) Genel Kurulu ve BM G\u00fcvenlik Konseyi taraf\u0131ndan al\u0131nan \u00f6nemli kararlar da \u201cKu\u015fak ve Yol\u201d in\u015fas\u0131n\u0131n kapsam\u0131na dahil edildi.\u201dCai Fang\u00c7in Sosyal Bilimler AkademisiUlusal Y\u00fcksek D\u00fc\u015f\u00fcnce Kurulu\u015fu Ba\u015f Uzman\u0131<\/p>\n","protected":false},"excerpt":{"rendered":"<p>\u201cKu\u015fak ve Yol \u0130nisiyatifi, Cumhurba\u015fkan\u0131 Xi Jinping taraf\u0131ndan g\u00fcndeme getirildi\u011fi 2013 y\u0131l\u0131ndan bu yana, pek \u00e7ok \u00fclkeden ve uluslararas\u0131 \u00f6rg\u00fctten olumlu geri d\u00f6n\u00fc\u015fler ald\u0131. S\u00f6z konusu<span class=\"excerpt-hellip\"> [\u2026]<\/span><\/p>\n","protected":false},"featured_media":0,"template":"","meta":{"_monsterinsights_skip_tracking":false,"_monsterinsights_sitenote_active":false,"_monsterinsights_sitenote_note":"","_monsterinsights_sitenote_category":0},"product_brand":[],"product_cat":[12337],"product_tag":[],"class_list":{"0":"post-761309","1":"product","2":"type-product","3":"status-publish","5":"product_cat-politika-siyaset","6":"pa_cilt-ciltsiz","7":"pa_tur-kitap","8":"pa_yayinevi-kirmizi-kedi-yayinevi","9":"pa_yazar-cai-fang-peter-nolan-wang-linggui","11":"first","12":"instock","13":"sale","14":"shipping-taxable","15":"purchasable","16":"product-type-simple"},"_links":{"self":[{"href":"https:\/\/roveyayinevi.com.tr\/index.php\/wp-json\/wp\/v2\/product\/761309","targetHints":{"allow":["GET"]}}],"collection":[{"href":"https:\/\/roveyayinevi.com.tr\/index.php\/wp-json\/wp\/v2\/product"}],"about":[{"href":"https:\/\/roveyayinevi.com.tr\/index.php\/wp-json\/wp\/v2\/types\/product"}],"wp:attachment":[{"href":"https:\/\/roveyayinevi.com.tr\/index.php\/wp-json\/wp\/v2\/media?parent=761309"}],"wp:term":[{"taxonomy":"product_brand","embeddable":true,"href":"https:\/\/roveyayinevi.com.tr\/index.php\/wp-json\/wp\/v2\/product_brand?post=761309"},{"taxonomy":"product_cat","embeddable":true,"href":"https:\/\/roveyayinevi.com.tr\/index.php\/wp-json\/wp\/v2\/product_cat?post=761309"},{"taxonomy":"product_tag","embeddable":true,"href":"https:\/\/roveyayinevi.com.tr\/index.php\/wp-json\/wp\/v2\/product_tag?post=761309"}],"curies":[{"name":"wp","href":"https:\/\/api.w.org\/{rel}","templated":true}]}}