{"id":761307,"date":"2025-08-28T09:33:34","date_gmt":"2025-08-28T06:33:34","guid":{"rendered":"https:\/\/roveyayinevi.com.tr\/index.php\/urun\/hayatimin-musveddesi\/"},"modified":"2025-10-29T10:16:29","modified_gmt":"2025-10-29T07:16:29","slug":"hayatimin-musveddesi","status":"publish","type":"product","link":"https:\/\/roveyayinevi.com.tr\/index.php\/urun\/hayatimin-musveddesi\/","title":{"rendered":"Hayat\u0131m\u0131n M\u00fcsveddesi"},"content":{"rendered":"<p>Fantastik edebiyat\u0131n krali\u00e7esi Nazl\u0131 Eray\u2019dan sars\u0131c\u0131 bir  metafor-roman! Geride b\u0131rak\u0131lm\u0131\u015f uzun, renkli bir hayat\u0131n ac\u0131-tatl\u0131 hat\u0131ralar\u0131, bu romanda adeta b\u00fcy\u00fcl\u00fc bir mercekten s\u00fcz\u00fclerek bir m\u00fcsveddeye giriyor. Hayat\u0131m\u0131n M\u00fcsveddesi \u2019nde, geceleri yaz\u0131l\u0131p sabahlar\u0131 okunamayan tomarlara karalanm\u0131\u015f an\u0131lar, d\u00fc\u015fler, hayaller, buruk ama c\u00fcmb\u00fc\u015fl\u00fc bir ge\u00e7it yap\u0131yor. Nar tanesindeki \u015fehirler, kahkahalarla dolu bir cenaze, g\u00fcvercine d\u00f6n\u00fc\u015f\u00fcp u\u00e7an apartman kap\u0131c\u0131s\u0131 M\u00f6sy\u00f6 Hristo, \u00f6ld\u00fckten sonra ruh \u00e7a\u011f\u0131rma seanslar\u0131nda i\u015fe ba\u015flayan Ali; hatta Pirandello, Paganini ve Cahide Sonku, kahraman\u0131m\u0131z\u0131n m\u00fcsveddelerinde bulu\u015fuyor.   M\u00f6sy\u00f6 Hristo sat\u0131rlar\u0131 kitab\u0131n i\u00e7ine att\u0131. Elime al\u0131p iyice sallad\u0131m kitab\u0131. \u0130\u00e7inden g\u00fcl\u00fc\u015fmeler, ac\u0131 bir h\u0131\u00e7k\u0131r\u0131k, f\u0131s\u0131r f\u0131s\u0131r konu\u015fmalar, isyan \u00e7\u0131\u011fl\u0131klar\u0131, ya\u015fl\u0131 birinin gen\u00e7li\u011fini hat\u0131rlad\u0131k\u00e7a akl\u0131ndan ge\u00e7en g\u00fcr\u00fclt\u00fcl\u00fc d\u00fc\u015f\u00fcnceler, kalpteki duygular, eski ve yeni g\u00fcnler, ku\u015f sesleri geliyordu. \u201cBu burada dursun,\u201d dedim M\u00f6sy\u00f6 Hristo\u2019ya. \u201cMayalans\u0131n. Her \u015fey yerine otursun. Yar\u0131na kadar a\u00e7mayal\u0131m.\u201d Kitab\u0131 rafa kald\u0131rd\u0131m. <\/p>\n","protected":false},"excerpt":{"rendered":"<p>Fantastik edebiyat\u0131n krali\u00e7esi Nazl\u0131 Eray\u2019dan sars\u0131c\u0131 bir metafor-roman! Geride b\u0131rak\u0131lm\u0131\u015f uzun, renkli bir hayat\u0131n ac\u0131-tatl\u0131 hat\u0131ralar\u0131, bu romanda adeta b\u00fcy\u00fcl\u00fc bir mercekten s\u00fcz\u00fclerek bir m\u00fcsveddeye giriyor.<span class=\"excerpt-hellip\"> [\u2026]<\/span><\/p>\n","protected":false},"featured_media":0,"template":"","meta":{"_monsterinsights_skip_tracking":false,"_monsterinsights_sitenote_active":false,"_monsterinsights_sitenote_note":"","_monsterinsights_sitenote_category":0},"product_brand":[],"product_cat":[12291,12711],"product_tag":[],"class_list":{"0":"post-761307","1":"product","2":"type-product","3":"status-publish","5":"product_cat-edebiyat","6":"product_cat-roman-oyku","7":"pa_cilt-ciltsiz","8":"pa_tur-kitap","9":"pa_yayinevi-everest-yayinlari","10":"pa_yazar-nazli-eray","12":"first","13":"instock","14":"sale","15":"shipping-taxable","16":"purchasable","17":"product-type-simple"},"_links":{"self":[{"href":"https:\/\/roveyayinevi.com.tr\/index.php\/wp-json\/wp\/v2\/product\/761307","targetHints":{"allow":["GET"]}}],"collection":[{"href":"https:\/\/roveyayinevi.com.tr\/index.php\/wp-json\/wp\/v2\/product"}],"about":[{"href":"https:\/\/roveyayinevi.com.tr\/index.php\/wp-json\/wp\/v2\/types\/product"}],"wp:attachment":[{"href":"https:\/\/roveyayinevi.com.tr\/index.php\/wp-json\/wp\/v2\/media?parent=761307"}],"wp:term":[{"taxonomy":"product_brand","embeddable":true,"href":"https:\/\/roveyayinevi.com.tr\/index.php\/wp-json\/wp\/v2\/product_brand?post=761307"},{"taxonomy":"product_cat","embeddable":true,"href":"https:\/\/roveyayinevi.com.tr\/index.php\/wp-json\/wp\/v2\/product_cat?post=761307"},{"taxonomy":"product_tag","embeddable":true,"href":"https:\/\/roveyayinevi.com.tr\/index.php\/wp-json\/wp\/v2\/product_tag?post=761307"}],"curies":[{"name":"wp","href":"https:\/\/api.w.org\/{rel}","templated":true}]}}