{"id":761306,"date":"2025-08-28T09:33:33","date_gmt":"2025-08-28T06:33:33","guid":{"rendered":"https:\/\/roveyayinevi.com.tr\/index.php\/urun\/ask-ahlaki\/"},"modified":"2026-04-16T03:14:48","modified_gmt":"2026-04-16T00:14:48","slug":"ask-ahlaki","status":"publish","type":"product","link":"https:\/\/roveyayinevi.com.tr\/index.php\/urun\/ask-ahlaki\/","title":{"rendered":"A\u015fk Ahlak\u0131"},"content":{"rendered":"<p>A\u015fk Ahl\u00e2k\u0131 T\u00fcrk d\u00fc\u015f\u00fcncesinde bir heyecan\u0131 ve ideali dile getiren yap\u0131tlar\u0131n ba\u015f\u0131nda gelir. \u0130lk kez 1931 y\u0131l\u0131nda yay\u0131mlanan kitap o g\u00fcnden bug\u00fcne geni\u015f bir kesimin oda\u011f\u0131nda yer alm\u0131\u015ft\u0131r.   A\u015fk Ahl\u00e2k\u0131\u2019n\u0131 klasik yap\u0131tlar aras\u0131nda saymam\u0131z gereken neden, hi\u00e7 ku\u015fkusuz bireyin tek ba\u015f\u0131na verdi\u011fi m\u00fccadeleye tan\u0131kl\u0131k etmesidir. Bu m\u00fccadele ayn\u0131 zamanda bir uyan\u0131\u015f ve meydan okuma, kalabal\u0131klar\u0131n k\u00f6r kuvvet ve arzular\u0131na kesinlikle teslim olmama ve nihayetinde kendine d\u00f6nebilme becerisi, kendi sesini ve \u015fark\u0131s\u0131n\u0131 duyabilme yetisidir. Cumhuriyet\u2019in ilk y\u0131llar\u0131nda gen\u00e7 Hilmi Ziya, \u00f6zg\u00fcn d\u00fc\u015f\u00fcnce d\u00fcnyas\u0131n\u0131 sabit ve akademik bir \u00e7evreye hapsetmemi\u015f, bireyden ba\u015flay\u0131p evrensele do\u011fru ad\u0131m ad\u0131m ilerleyen bir aray\u0131\u015f\u0131n izlerini s\u00fcrm\u00fc\u015f, insanl\u0131\u011f\u0131n ideallerini daha ba\u011f\u0131ms\u0131z ve \u00f6zg\u00fcr bir \u00fctopya etraf\u0131nda kurmay\u0131 \u00f6nemsemi\u015ftir. \u00dclken, bu kitaptaki amac\u0131n\u0131n, bir yerde, \u0130sa ile Nietzsche\u2019yi bulu\u015fturmak oldu\u011funu belirtmesi bile ne derece geni\u015f bir ufka yelken a\u00e7t\u0131\u011f\u0131n\u0131 g\u00f6sterir. Bu bak\u0131\u015f ayr\u0131ca, y\u00fcksek ideallerle dolu kitaplar\u0131n yazg\u0131s\u0131n\u0131 ta\u015f\u0131d\u0131\u011f\u0131 \u00fczere \u201chalka ra\u011fmen halk i\u00e7in\u201d verilen bir m\u00fccadeleyi gerekli k\u0131lm\u0131\u015ft\u0131r.   A\u015fk Ahl\u00e2k\u0131\u2019n\u0131n hemen her sat\u0131r\u0131nda kendini a\u015fma \u00e7abas\u0131na, her ne ko\u015fulda olursa olsun erdem yolundan d\u00f6nmeyen ve Spinozac\u0131 anlamda daima ak\u0131lla beslenen bir tutkuya (passion) tan\u0131k oluruz.    \u201c\u0130nsan zincirler i\u00e7inde uyan\u0131r; fakat kendi \u00e7abalar\u0131yla bu zincirleri birer birer k\u0131rarak, b\u00fcy\u00fck emekler ve kurbanlar kar\u015f\u0131l\u0131\u011f\u0131nda h\u00fcrriyetini kazan\u0131r.\u201d <\/p>\n","protected":false},"excerpt":{"rendered":"<p>A\u015fk Ahl\u00e2k\u0131 T\u00fcrk d\u00fc\u015f\u00fcncesinde bir heyecan\u0131 ve ideali dile getiren yap\u0131tlar\u0131n ba\u015f\u0131nda gelir. \u0130lk kez 1931 y\u0131l\u0131nda yay\u0131mlanan kitap o g\u00fcnden bug\u00fcne geni\u015f bir kesimin oda\u011f\u0131nda<span class=\"excerpt-hellip\"> [\u2026]<\/span><\/p>\n","protected":false},"featured_media":0,"template":"","meta":{"_monsterinsights_skip_tracking":false,"_monsterinsights_sitenote_active":false,"_monsterinsights_sitenote_note":"","_monsterinsights_sitenote_category":0},"product_brand":[],"product_cat":[12388],"product_tag":[],"class_list":{"0":"post-761306","1":"product","2":"type-product","3":"status-publish","5":"product_cat-felsefe","6":"pa_cilt-ciltsiz","7":"pa_tur-kitap","8":"pa_yayinevi-dogu-bati-yayinlari","9":"pa_yazar-hilmi-ziya-ulken","11":"first","12":"instock","13":"sale","14":"shipping-taxable","15":"purchasable","16":"product-type-simple"},"_links":{"self":[{"href":"https:\/\/roveyayinevi.com.tr\/index.php\/wp-json\/wp\/v2\/product\/761306","targetHints":{"allow":["GET"]}}],"collection":[{"href":"https:\/\/roveyayinevi.com.tr\/index.php\/wp-json\/wp\/v2\/product"}],"about":[{"href":"https:\/\/roveyayinevi.com.tr\/index.php\/wp-json\/wp\/v2\/types\/product"}],"wp:attachment":[{"href":"https:\/\/roveyayinevi.com.tr\/index.php\/wp-json\/wp\/v2\/media?parent=761306"}],"wp:term":[{"taxonomy":"product_brand","embeddable":true,"href":"https:\/\/roveyayinevi.com.tr\/index.php\/wp-json\/wp\/v2\/product_brand?post=761306"},{"taxonomy":"product_cat","embeddable":true,"href":"https:\/\/roveyayinevi.com.tr\/index.php\/wp-json\/wp\/v2\/product_cat?post=761306"},{"taxonomy":"product_tag","embeddable":true,"href":"https:\/\/roveyayinevi.com.tr\/index.php\/wp-json\/wp\/v2\/product_tag?post=761306"}],"curies":[{"name":"wp","href":"https:\/\/api.w.org\/{rel}","templated":true}]}}