{"id":761298,"date":"2025-08-28T09:33:15","date_gmt":"2025-08-28T06:33:15","guid":{"rendered":"https:\/\/roveyayinevi.com.tr\/index.php\/urun\/quentin-tarantino\/"},"modified":"2026-04-13T03:22:03","modified_gmt":"2026-04-13T00:22:03","slug":"quentin-tarantino","status":"publish","type":"product","link":"https:\/\/roveyayinevi.com.tr\/index.php\/urun\/quentin-tarantino\/","title":{"rendered":"Quentin Tarantino"},"content":{"rendered":"<p>Filmlere tak\u0131nt\u0131l\u0131, kendi kendini yeti\u015ftirmi\u015f bir gencin, nas\u0131l \u00e7a\u011f\u0131m\u0131z\u0131n en b\u00fcy\u00fck y\u00f6netmenlerinden biri haline geldi\u011fini ke\u015ffetmenizi sa\u011flayacak 248 SAYFALIK B\u0130R \u00c7\u0130ZG\u0130 ROMAN.   30 YILLIK KAR\u0130YER\u0130NDE S\u0130NEMAYI K\u00d6KTEN DE\u011e\u0130\u015eT\u0130REN 9 F\u0130LM. TARANTINO&#8217;NUN F\u0130LMLER\u0130 BA\u015eLI BA\u015eINA B\u0130R T\u00dcRD\u00dcR AMA AYNI ZAMANDA B\u0130R SIFAT HAL\u0130NE DE GELM\u0130\u015eT\u0130R. \u00c7OK TAKL\u0130T ED\u0130LM\u0130\u015e, ASLA AYNISI YAPILAMAMI\u015eTIR. QUENTIN, POP\u00dcLER SANATLA VEYA CINE Z \u0130LE \u0130Y\u0130 SANAT YAPAB\u0130L\u0130R M\u0130, SORUSUNU: &#8220;KIPIRDAMA &#8230;&#8230;&#8230; ANNE, SANA G\u00d6STERECE\u011e\u0130M.&#8221; D\u0130YE YANITLAMI\u015eTIR. <\/p>\n","protected":false},"excerpt":{"rendered":"<p>Filmlere tak\u0131nt\u0131l\u0131, kendi kendini yeti\u015ftirmi\u015f bir gencin, nas\u0131l \u00e7a\u011f\u0131m\u0131z\u0131n en b\u00fcy\u00fck y\u00f6netmenlerinden biri haline geldi\u011fini ke\u015ffetmenizi sa\u011flayacak 248 SAYFALIK B\u0130R \u00c7\u0130ZG\u0130 ROMAN. 30 YILLIK KAR\u0130YER\u0130NDE S\u0130NEMAYI<span class=\"excerpt-hellip\"> [\u2026]<\/span><\/p>\n","protected":false},"featured_media":0,"template":"","meta":{"_monsterinsights_skip_tracking":false,"_monsterinsights_sitenote_active":false,"_monsterinsights_sitenote_note":"","_monsterinsights_sitenote_category":0},"product_brand":[],"product_cat":[12416,12291],"product_tag":[],"class_list":{"0":"post-761298","1":"product","2":"type-product","3":"status-publish","5":"product_cat-cizgi-roman","6":"product_cat-edebiyat","7":"pa_cilt-ciltsiz","8":"pa_tur-kitap","9":"pa_yayinevi-kara-karga-yayinlari","10":"pa_yazar-amazing-amaziane","12":"first","13":"instock","14":"sale","15":"shipping-taxable","16":"purchasable","17":"product-type-simple"},"_links":{"self":[{"href":"https:\/\/roveyayinevi.com.tr\/index.php\/wp-json\/wp\/v2\/product\/761298","targetHints":{"allow":["GET"]}}],"collection":[{"href":"https:\/\/roveyayinevi.com.tr\/index.php\/wp-json\/wp\/v2\/product"}],"about":[{"href":"https:\/\/roveyayinevi.com.tr\/index.php\/wp-json\/wp\/v2\/types\/product"}],"wp:attachment":[{"href":"https:\/\/roveyayinevi.com.tr\/index.php\/wp-json\/wp\/v2\/media?parent=761298"}],"wp:term":[{"taxonomy":"product_brand","embeddable":true,"href":"https:\/\/roveyayinevi.com.tr\/index.php\/wp-json\/wp\/v2\/product_brand?post=761298"},{"taxonomy":"product_cat","embeddable":true,"href":"https:\/\/roveyayinevi.com.tr\/index.php\/wp-json\/wp\/v2\/product_cat?post=761298"},{"taxonomy":"product_tag","embeddable":true,"href":"https:\/\/roveyayinevi.com.tr\/index.php\/wp-json\/wp\/v2\/product_tag?post=761298"}],"curies":[{"name":"wp","href":"https:\/\/api.w.org\/{rel}","templated":true}]}}