{"id":761297,"date":"2025-08-28T09:33:13","date_gmt":"2025-08-28T06:33:13","guid":{"rendered":"https:\/\/roveyayinevi.com.tr\/index.php\/urun\/kopegimle-baska-dunyalara-yolculuk-1\/"},"modified":"2026-04-16T03:14:48","modified_gmt":"2026-04-16T00:14:48","slug":"kopegimle-baska-dunyalara-yolculuk-1","status":"publish","type":"product","link":"https:\/\/roveyayinevi.com.tr\/index.php\/urun\/kopegimle-baska-dunyalara-yolculuk-1\/","title":{"rendered":"K\u00f6pe\u011fimle Ba\u015fka D\u00fcnyalara Yolculuk 1"},"content":{"rendered":"<p>Takumi, gu\u0308nlerini fazla mesai yaparak ge\u00e7iren bir ofis \u00e7al\u0131\u015fan\u0131d\u0131r. Bir gu\u0308n uyand\u0131\u011f\u0131nda kendini derin bir orman\u0131n i\u00e7inde bulur. G\u00f6zlerinin \u00f6nu\u0308ndeyse dev gibi bir kurt vard\u0131r.   \u201cBu sahiplendi\u011fim k\u00f6pe\u011fim Leo de\u011fil mi!?\u201d   En gu\u0308\u00e7lu\u0308 efsanevi canavar olan gu\u0308mu\u0308\u015f fenrire d\u00f6nu\u0308\u015fen k\u00f6pek ve Takumi\u2019ye bah\u015fedilen gizemli yetenek. Takumi\u2019nin ikinci hayat\u0131nda hedefledi\u011fi \u015fey&#8230; YAVA\u015e YA\u015eAM! <\/p>\n","protected":false},"excerpt":{"rendered":"<p>Takumi, gu\u0308nlerini fazla mesai yaparak ge\u00e7iren bir ofis \u00e7al\u0131\u015fan\u0131d\u0131r. Bir gu\u0308n uyand\u0131\u011f\u0131nda kendini derin bir orman\u0131n i\u00e7inde bulur. G\u00f6zlerinin \u00f6nu\u0308ndeyse dev gibi bir kurt vard\u0131r. \u201cBu<span class=\"excerpt-hellip\"> [\u2026]<\/span><\/p>\n","protected":false},"featured_media":0,"template":"","meta":{"_monsterinsights_skip_tracking":false,"_monsterinsights_sitenote_active":false,"_monsterinsights_sitenote_note":"","_monsterinsights_sitenote_category":0},"product_brand":[],"product_cat":[12416,12291],"product_tag":[],"class_list":{"0":"post-761297","1":"product","2":"type-product","3":"status-publish","5":"product_cat-cizgi-roman","6":"product_cat-edebiyat","7":"pa_cilt-ciltsiz","8":"pa_tur-kitap","9":"pa_yayinevi-athica-yayinlari","10":"pa_yazar-hana-ichika","12":"first","13":"instock","14":"sale","15":"shipping-taxable","16":"purchasable","17":"product-type-simple"},"_links":{"self":[{"href":"https:\/\/roveyayinevi.com.tr\/index.php\/wp-json\/wp\/v2\/product\/761297","targetHints":{"allow":["GET"]}}],"collection":[{"href":"https:\/\/roveyayinevi.com.tr\/index.php\/wp-json\/wp\/v2\/product"}],"about":[{"href":"https:\/\/roveyayinevi.com.tr\/index.php\/wp-json\/wp\/v2\/types\/product"}],"wp:attachment":[{"href":"https:\/\/roveyayinevi.com.tr\/index.php\/wp-json\/wp\/v2\/media?parent=761297"}],"wp:term":[{"taxonomy":"product_brand","embeddable":true,"href":"https:\/\/roveyayinevi.com.tr\/index.php\/wp-json\/wp\/v2\/product_brand?post=761297"},{"taxonomy":"product_cat","embeddable":true,"href":"https:\/\/roveyayinevi.com.tr\/index.php\/wp-json\/wp\/v2\/product_cat?post=761297"},{"taxonomy":"product_tag","embeddable":true,"href":"https:\/\/roveyayinevi.com.tr\/index.php\/wp-json\/wp\/v2\/product_tag?post=761297"}],"curies":[{"name":"wp","href":"https:\/\/api.w.org\/{rel}","templated":true}]}}