{"id":761296,"date":"2025-08-28T09:33:11","date_gmt":"2025-08-28T06:33:11","guid":{"rendered":"https:\/\/roveyayinevi.com.tr\/index.php\/urun\/psikomitoloji-insani-oykulerinde-aramak-2\/"},"modified":"2025-10-14T10:11:21","modified_gmt":"2025-10-14T07:11:21","slug":"psikomitoloji-insani-oykulerinde-aramak-2","status":"publish","type":"product","link":"https:\/\/roveyayinevi.com.tr\/index.php\/urun\/psikomitoloji-insani-oykulerinde-aramak-2\/","title":{"rendered":"Psikomitoloji \u2013 \u0130nsan\u0131 \u00d6yk\u00fclerinde Aramak 2"},"content":{"rendered":"<p>\u201c\u2026 \u00f6yk\u00fcleri seviyor ama vazettikleri hakikate de ku\u015fkuyla yakla\u015f\u0131yoruz. \u00c7\u00fcnk\u00fc biliyoruz ki, insan\u0131n el yordam\u0131yla ya\u015fad\u0131\u011f\u0131 bu d\u00fcnyada, do\u011frulu\u011fundan emin olabilece\u011fi mutlak bir hakikat yok; ne biliyorsa kendine ve hayata dair, her \u015fey hik\u00e2ye!\u201d\u00d6yku\u0308lerinde \/ mitlerinde ararken insan\u0131, farkl\u0131 du\u0308nya g\u00f6ru\u0308\u015flerinin farkl\u0131 \u00e7\u00f6zu\u0308mlemeleri temellendirdi\u011fini tespit edebiliriz. Bilmemiz gereken, hi\u00e7bir yorumun tek ba\u015f\u0131na bu\u0308tu\u0308ncu\u0308l kavrama i\u00e7in yeterli olmayaca\u011f\u0131. Bireysel ya da kolektif bir miti yorumlaman\u0131n, ancak bir ba\u015fka mitin i\u00e7inden mu\u0308mku\u0308n olaca\u011f\u0131n\u0131 da unutmamal\u0131y\u0131z. Hi\u00e7 kimse ger\u00e7e\u011fe sahip de\u011fil.Bu fark\u0131ndal\u0131k, temel etik sorunsal\u0131m\u0131za yap\u0131c\u0131 bir \u00f6nermeye de a\u00e7\u0131yor bizi: Kendi du\u0308nya g\u00f6ru\u0308\u015fu\u0308mu\u0308zu\u0308 \u201c\u00f6teki\u201d u\u0308zerine \u00f6rtmekten imtina etmek, anl\u0131yor \/ a\u00e7\u0131kl\u0131yor gibi yaparken yarg\u0131lamaktan ka\u00e7\u0131nmay\u0131 insanbilimlerinin \u015fiar\u0131 olarak benimsemek, her \u015feyin referans\u0131n\u0131n insan zihni oldu\u011funu varsaymak ve bu\u0308tu\u0308nu\u0308 kavramaya bir nebze olsun yakla\u015fabilmek i\u00e7in \u00e7o\u011fulcu-e\u015fitlik\u00e7i ve dahi kendinden ku\u015fkulu \/ \u00f6tekiye merakl\u0131 bir tutumun esas oldu\u011funun fark\u0131ndal\u0131\u011f\u0131, birlikte-du\u0308nyadal\u0131\u011f\u0131m\u0131z\u0131 zenginle\u015ftirmek i\u00e7in elimizdeki tek formu\u0308l.<\/p>\n","protected":false},"excerpt":{"rendered":"<p>\u201c\u2026 \u00f6yk\u00fcleri seviyor ama vazettikleri hakikate de ku\u015fkuyla yakla\u015f\u0131yoruz. \u00c7\u00fcnk\u00fc biliyoruz ki, insan\u0131n el yordam\u0131yla ya\u015fad\u0131\u011f\u0131 bu d\u00fcnyada, do\u011frulu\u011fundan emin olabilece\u011fi mutlak bir hakikat yok; ne<span class=\"excerpt-hellip\"> [\u2026]<\/span><\/p>\n","protected":false},"featured_media":0,"template":"","meta":{"_monsterinsights_skip_tracking":false,"_monsterinsights_sitenote_active":false,"_monsterinsights_sitenote_note":"","_monsterinsights_sitenote_category":0},"product_brand":[],"product_cat":[12718,12858],"product_tag":[],"class_list":{"0":"post-761296","1":"product","2":"type-product","3":"status-publish","5":"product_cat-din","6":"product_cat-mitolojiler","7":"pa_cilt-ciltsiz","8":"pa_tur-kitap","9":"pa_yayinevi-minotor-kitap","10":"pa_yazar-m-bilgin-saydam-hasan-kiziltan","12":"first","13":"instock","14":"sale","15":"shipping-taxable","16":"purchasable","17":"product-type-simple"},"_links":{"self":[{"href":"https:\/\/roveyayinevi.com.tr\/index.php\/wp-json\/wp\/v2\/product\/761296","targetHints":{"allow":["GET"]}}],"collection":[{"href":"https:\/\/roveyayinevi.com.tr\/index.php\/wp-json\/wp\/v2\/product"}],"about":[{"href":"https:\/\/roveyayinevi.com.tr\/index.php\/wp-json\/wp\/v2\/types\/product"}],"wp:attachment":[{"href":"https:\/\/roveyayinevi.com.tr\/index.php\/wp-json\/wp\/v2\/media?parent=761296"}],"wp:term":[{"taxonomy":"product_brand","embeddable":true,"href":"https:\/\/roveyayinevi.com.tr\/index.php\/wp-json\/wp\/v2\/product_brand?post=761296"},{"taxonomy":"product_cat","embeddable":true,"href":"https:\/\/roveyayinevi.com.tr\/index.php\/wp-json\/wp\/v2\/product_cat?post=761296"},{"taxonomy":"product_tag","embeddable":true,"href":"https:\/\/roveyayinevi.com.tr\/index.php\/wp-json\/wp\/v2\/product_tag?post=761296"}],"curies":[{"name":"wp","href":"https:\/\/api.w.org\/{rel}","templated":true}]}}