{"id":761294,"date":"2025-08-28T09:33:07","date_gmt":"2025-08-28T06:33:07","guid":{"rendered":"https:\/\/roveyayinevi.com.tr\/index.php\/urun\/tanrilarin-ve-canavarlarin-gundelik-yasami\/"},"modified":"2026-04-16T03:14:47","modified_gmt":"2026-04-16T00:14:47","slug":"tanrilarin-ve-canavarlarin-gundelik-yasami","status":"publish","type":"product","link":"https:\/\/roveyayinevi.com.tr\/index.php\/urun\/tanrilarin-ve-canavarlarin-gundelik-yasami\/","title":{"rendered":"Tanr\u0131lar\u0131n ve Canavarlar\u0131n G\u00fcndelik Ya\u015fam\u0131"},"content":{"rendered":"<p>On alt\u0131 ya\u015f\u0131ndaki Ariadne\u2019nin hayat\u0131, t\u00fcm d\u00fcnyan\u0131n g\u00f6zleri \u00f6n\u00fcnde sergilenmekteydi.   Ailesinin e\u011flence sekt\u00f6r\u00fcn\u00fc y\u00f6nlendiren imparatorlu\u011fu magazin bas\u0131n\u0131 taraf\u0131ndan \u00e7ok seviliyor, yapt\u0131klar\u0131 her program sosyal medyan\u0131n en \u00e7ok konu\u015fulan konular\u0131ndan biri h\u00e2line geliyor ve izleyenleri televizyon ekranlar\u0131na kilitliyordu. En \u00e7ok ilgi g\u00f6reni ise on d\u00f6rt gencin karde\u015fi Minotauros\u2019u \u00f6ld\u00fcrmeleri i\u00e7in Ariadne\u2019nin e\u015fli\u011finde bir labirente girdi\u011fi Labirent Kar\u015f\u0131la\u015fmalar\u0131\u2019yd\u0131.   Kazanmak sonsuz bir zafer, kaybetmek ise \u00f6l\u00fcm demekti ve on sezondur hi\u00e7 kimse kazanamam\u0131\u015ft\u0131.   Yak\u0131\u015f\u0131kl\u0131 Atina Prensi Theseus yar\u0131\u015fmaya kat\u0131l\u0131p Ariadne\u2019den zafere ula\u015fmas\u0131na yard\u0131m etmesini istedi\u011finde, Ariadne ona \u00e2\u015f\u0131k olmay\u0131 beklemiyordu. Prens sadece reytingleri art\u0131rmak i\u00e7in onunla ilgileniyormu\u015f gibi davran\u0131yor olabilirdi. Yine de aralar\u0131ndaki \u00e7ekim ink\u00e2r edilemezdi.   B\u00f6ylece Ariadne, hayatta kalmas\u0131 i\u00e7in ona yard\u0131m etmeye karar verdi. Ancak Theseus kazan\u0131rsa yar\u0131\u015fma ebediyen sona erecekti ve Ariadne yaln\u0131zca ailesinin imparatorlu\u011funu tehlikeye atmakla kalmayacak, Minotauros\u2019un da \u00f6lmesi gerecekti.   Ve Ariadne i\u00e7in kurtar\u0131lmaya de\u011fer tek hayat karde\u015fininkiydi.     \u201cRoberson, Yunan mitolojisini Kardashian tarz\u0131 bir dokunu\u015fla, ustal\u0131kla modernize ediyor.\u201d \u2014Publishers Weekly   \u201cMinotauros efsanesinin orijinal hik\u00e2yeye sad\u0131k kalarak yaz\u0131lm\u0131\u015f, sosyal medya, \u015f\u00f6hret k\u00fclt\u00fcr\u00fc ve reality show\u2019lar gibi modern fenomenler \u00fczerine \u00f6nemli yorumlarla dolu, yarat\u0131c\u0131 ve ak\u0131c\u0131 bir yeniden anlat\u0131m\u0131. Konsept fazlas\u0131yla ilgi \u00e7ekici ve ortaya \u00e7\u0131kan hik\u00e2ye karanl\u0131k ve e\u011flenceli. A\u00e7l\u0131k Oyunlar\u0131, Keeping Up with the Kardashians ve Yunan mitolojisinin bir kar\u0131\u015f\u0131m\u0131 olan bu roman, Percy Jackson hayranlar\u0131n\u0131 kendine \u00e7ekecek.\u201d \u2014School Library Journal   \u201cRoberson b\u00fcy\u00fck \u00f6l\u00e7\u00fcde orijinal mite sad\u0131k kal\u0131yor ve hik\u00e2yenin en \u00e7arp\u0131k y\u00f6nlerini, s\u00f6m\u00fcr\u00fcn\u00fcn ve reytinglerin her \u015fey oldu\u011fu, ac\u0131mas\u0131z reality show evrenine harika bir \u015fekilde uyarl\u0131yor. Antik bir efsaneye yepyeni bir bak\u0131\u015f a\u00e7\u0131s\u0131.\u201d \u2014Kirkus Reviews   \u201cModern bir \u015fekilde kurgulanm\u0131\u015f bu mit, okuyucu kitlesini bulmakta hi\u00e7 zorlanmayacak.\u201d \u2014Booklist   \u201cYeni nesil okuyucular\u0131n Yunan mitolojisini takdir etmelerini ve mitlere a\u015fina olan okuyucular\u0131n da hik\u00e2yeyi Ariadne\u2019nin bak\u0131\u015f a\u00e7\u0131s\u0131ndan de\u011ferlendirmelerini sa\u011flayacak bir uyarlama.\u201d \u2014Tor.com   \u201cMutlaka okunmas\u0131 gereken bir kitap&#8230; Roberson\u2019\u0131n yeniden anlatt\u0131\u011f\u0131 bu mit, modernin ve klasi\u011fin g\u00fczel bir birle\u015fimi olmas\u0131n\u0131n yan\u0131 s\u0131ra, \u2018canavar\u2019 teriminin anlam\u0131n\u0131 yeniden yorumluyor ve de\u011fi\u015ftiriyor.\u201d \u2014Paperback Paris   \u201c\u015eehvetli, esprili ve y\u00fcrekleri burkan bu kitapta Emily Roberson, Yunan mitolojisi ile g\u00fcn\u00fcm\u00fcz\u00fcn \u015f\u00f6hret k\u00fclt\u00fcr\u00fcn\u00fc ustaca birle\u015ftirdi\u011fi bir d\u00fcnyada ge\u00e7en bir a\u015fk hik\u00e2yesi ve aile tablosu anlat\u0131yor bizlere.\u201d \u2014MARIT WEISENBERG <\/p>\n","protected":false},"excerpt":{"rendered":"<p>On alt\u0131 ya\u015f\u0131ndaki Ariadne\u2019nin hayat\u0131, t\u00fcm d\u00fcnyan\u0131n g\u00f6zleri \u00f6n\u00fcnde sergilenmekteydi. Ailesinin e\u011flence sekt\u00f6r\u00fcn\u00fc y\u00f6nlendiren imparatorlu\u011fu magazin bas\u0131n\u0131 taraf\u0131ndan \u00e7ok seviliyor, yapt\u0131klar\u0131 her program sosyal medyan\u0131n en<span class=\"excerpt-hellip\"> [\u2026]<\/span><\/p>\n","protected":false},"featured_media":0,"template":"","meta":{"_monsterinsights_skip_tracking":false,"_monsterinsights_sitenote_active":false,"_monsterinsights_sitenote_note":"","_monsterinsights_sitenote_category":0},"product_brand":[],"product_cat":[12291,14777],"product_tag":[],"class_list":{"0":"post-761294","1":"product","2":"type-product","3":"status-publish","5":"product_cat-edebiyat","6":"product_cat-fantastik","7":"pa_cilt-ciltsiz","8":"pa_tur-kitap","9":"pa_yayinevi-yabanci-yayinevi","10":"pa_yazar-emily-roberson","12":"first","13":"instock","14":"sale","15":"shipping-taxable","16":"purchasable","17":"product-type-simple"},"_links":{"self":[{"href":"https:\/\/roveyayinevi.com.tr\/index.php\/wp-json\/wp\/v2\/product\/761294","targetHints":{"allow":["GET"]}}],"collection":[{"href":"https:\/\/roveyayinevi.com.tr\/index.php\/wp-json\/wp\/v2\/product"}],"about":[{"href":"https:\/\/roveyayinevi.com.tr\/index.php\/wp-json\/wp\/v2\/types\/product"}],"wp:attachment":[{"href":"https:\/\/roveyayinevi.com.tr\/index.php\/wp-json\/wp\/v2\/media?parent=761294"}],"wp:term":[{"taxonomy":"product_brand","embeddable":true,"href":"https:\/\/roveyayinevi.com.tr\/index.php\/wp-json\/wp\/v2\/product_brand?post=761294"},{"taxonomy":"product_cat","embeddable":true,"href":"https:\/\/roveyayinevi.com.tr\/index.php\/wp-json\/wp\/v2\/product_cat?post=761294"},{"taxonomy":"product_tag","embeddable":true,"href":"https:\/\/roveyayinevi.com.tr\/index.php\/wp-json\/wp\/v2\/product_tag?post=761294"}],"curies":[{"name":"wp","href":"https:\/\/api.w.org\/{rel}","templated":true}]}}