{"id":761290,"date":"2025-08-28T09:32:58","date_gmt":"2025-08-28T06:32:58","guid":{"rendered":"https:\/\/roveyayinevi.com.tr\/index.php\/urun\/galatea-2-2\/"},"modified":"2026-04-16T03:14:47","modified_gmt":"2026-04-16T00:14:47","slug":"galatea-2-2","status":"publish","type":"product","link":"https:\/\/roveyayinevi.com.tr\/index.php\/urun\/galatea-2-2\/","title":{"rendered":"Galatea 2.2"},"content":{"rendered":"<p>Richard Powers, bili\u015fim teknolojilerinin primitif h\u00e2llerinin b\u00fcy\u00fck bir at\u0131l\u0131mla a\u015f\u0131ld\u0131\u011f\u0131 20. y\u00fczy\u0131l\u0131n sonlar\u0131na do\u011fru yazd\u0131\u011f\u0131 be\u015finci roman\u0131 Galatea 2.2\u2019de, n\u00f6ral a\u011flardan olu\u015fan bir yapay zek\u00e2 program\u0131n\u0131, \u0130ngiliz Edebiyat\u0131 kanonundan girece\u011fi s\u0131nav\u0131 kazanacak kadar geli\u015ftirmeye \u00e7al\u0131\u015fan romanc\u0131 Richard Powers\u2019\u0131 anlat\u0131yor. D\u00f6rt roman\u0131 yay\u0131mlanm\u0131\u015f, mezunu oldu\u011fu ve ilk a\u015fk\u0131n\u0131 buldu\u011fu \u00fcniversiteye y\u0131llar sonra misafir akademisyen olarak yaln\u0131z ba\u015f\u0131na d\u00f6nm\u00fc\u015f romanc\u0131, sinirbilimci arkada\u015flar\u0131n\u0131n aras\u0131ndaki bir iddiada, Helen ad\u0131n\u0131 alacak yapay zek\u00e2y\u0131 edebiyat metinleriyle besleyece\u011fi asistanl\u0131k rol\u00fcn\u00fc kabul eder. Bu s\u00fcre\u00e7te kalbi terk etti\u011fi ilk a\u015fk\u0131 C ile \u00fcniversite koridorlar\u0131nda g\u00f6r\u00fcp \u00e2\u015f\u0131k oldu\u011fu A aras\u0131nda gidip gelirken gitgide basit bir programdan \u00f6teye ge\u00e7en zamane yarat\u0131s\u0131na akl\u0131n\u0131 kapt\u0131racakt\u0131r.   Daha \u00f6nceden The Gold Bug Variations\u2019la genetik, m\u00fczik ve bilgisayar programc\u0131l\u0131\u011f\u0131 aras\u0131ndaki ba\u011flar\u0131 g\u00f6steren Powers\u2019\u0131n bu edebi varyasyonu da, mitolojik hik\u00e2yedeki heykelt\u0131ra\u015f\u0131n yapt\u0131\u011f\u0131 heykele \u00e2\u015f\u0131k olmas\u0131 gibi kendi sanat\u0131n\u0131n \u00fcr\u00fcn\u00fcne \u00e2\u015f\u0131k olacakt\u0131r. Pygmalion\u2019dan My Fair Lady\u2019ye edebiyat ve sinemada pek \u00e7ok uyarlamas\u0131 yap\u0131lan bu mitin sanal versiyonu, yazar\u0131n Ulusal Kitap Ele\u015ftirmenleri \u00c7evresi \u00d6d\u00fcl\u00fc aday\u0131 g\u00f6sterilmesini sa\u011flam\u0131\u015ft\u0131.   Richard Powers\u2019\u0131n kendisini okurlar\u0131na en fazla g\u00f6sterdi\u011fi bu yap\u0131t, Her \u015eeyin Hik\u00e2yesi\u2019nin yazar\u0131na zihinsel bir giri\u015f kap\u0131s\u0131, ayn\u0131 zamanda yazar\u0131n olu\u015fumunun ve yazma tutkusunun roman\u0131.   \u201cPynchon, Gaddis ve DeLillo\u2019nun miras\u0131na ortak \u00e7\u0131kabilmeye aday az say\u0131daki Amerikan yazar\u0131ndan biri.\u201d    \u2014THE NATION   \u201cG\u00f6z kama\u015ft\u0131r\u0131c\u0131&#8230; hem entelekt\u00fcel a\u00e7\u0131dan dikkat \u00e7ekici hem duygusal a\u00e7\u0131dan ilgi uyand\u0131ran bir beyin maceras\u0131, canl\u0131 bir g\u00fc\u00e7 g\u00f6sterisi.\u201d   \u2014Michiko Kakutani <\/p>\n","protected":false},"excerpt":{"rendered":"<p>Richard Powers, bili\u015fim teknolojilerinin primitif h\u00e2llerinin b\u00fcy\u00fck bir at\u0131l\u0131mla a\u015f\u0131ld\u0131\u011f\u0131 20. y\u00fczy\u0131l\u0131n sonlar\u0131na do\u011fru yazd\u0131\u011f\u0131 be\u015finci roman\u0131 Galatea 2.2\u2019de, n\u00f6ral a\u011flardan olu\u015fan bir yapay zek\u00e2 program\u0131n\u0131,<span class=\"excerpt-hellip\"> [\u2026]<\/span><\/p>\n","protected":false},"featured_media":0,"template":"","meta":{"_monsterinsights_skip_tracking":false,"_monsterinsights_sitenote_active":false,"_monsterinsights_sitenote_note":"","_monsterinsights_sitenote_category":0},"product_brand":[],"product_cat":[12291,12711],"product_tag":[],"class_list":{"0":"post-761290","1":"product","2":"type-product","3":"status-publish","5":"product_cat-edebiyat","6":"product_cat-roman-oyku","7":"pa_cilt-ciltsiz","8":"pa_tur-kitap","9":"pa_yayinevi-ithaki-yayinlari","10":"pa_yazar-richard-powers","12":"first","13":"instock","14":"sale","15":"shipping-taxable","16":"purchasable","17":"product-type-simple"},"_links":{"self":[{"href":"https:\/\/roveyayinevi.com.tr\/index.php\/wp-json\/wp\/v2\/product\/761290","targetHints":{"allow":["GET"]}}],"collection":[{"href":"https:\/\/roveyayinevi.com.tr\/index.php\/wp-json\/wp\/v2\/product"}],"about":[{"href":"https:\/\/roveyayinevi.com.tr\/index.php\/wp-json\/wp\/v2\/types\/product"}],"wp:attachment":[{"href":"https:\/\/roveyayinevi.com.tr\/index.php\/wp-json\/wp\/v2\/media?parent=761290"}],"wp:term":[{"taxonomy":"product_brand","embeddable":true,"href":"https:\/\/roveyayinevi.com.tr\/index.php\/wp-json\/wp\/v2\/product_brand?post=761290"},{"taxonomy":"product_cat","embeddable":true,"href":"https:\/\/roveyayinevi.com.tr\/index.php\/wp-json\/wp\/v2\/product_cat?post=761290"},{"taxonomy":"product_tag","embeddable":true,"href":"https:\/\/roveyayinevi.com.tr\/index.php\/wp-json\/wp\/v2\/product_tag?post=761290"}],"curies":[{"name":"wp","href":"https:\/\/api.w.org\/{rel}","templated":true}]}}