{"id":761288,"date":"2025-08-28T09:32:54","date_gmt":"2025-08-28T06:32:54","guid":{"rendered":"https:\/\/roveyayinevi.com.tr\/index.php\/urun\/gece-yarisi-gelgitleri-malazan-yitikler-kitabi-5\/"},"modified":"2026-04-16T03:14:47","modified_gmt":"2026-04-16T00:14:47","slug":"gece-yarisi-gelgitleri-malazan-yitikler-kitabi-5","status":"publish","type":"product","link":"https:\/\/roveyayinevi.com.tr\/index.php\/urun\/gece-yarisi-gelgitleri-malazan-yitikler-kitabi-5\/","title":{"rendered":"Gece Yar\u0131s\u0131 Gelgitleri \/ Malazan Yitikler Kitab\u0131 5"},"content":{"rendered":"<p>\u201cGE\u00c7M\u0130\u015e BAZEN HORTLAYIP SADECE \u0130RADE G\u00dcC\u00dcYLE VE M\u00dc\u015eTEREK G\u00d6R\u00dc\u015eLE D\u0130R\u0130 TUTULAN YALANLARI MEYDANA \u00c7IKARIR. BU \u0130F\u015eA BAZEN TAZE KANLA SIRILSIKLAMDIR.\u201d   Onlarca y\u0131l s\u00fcren sava\u015flar\u0131n ard\u0131ndan, Tiste Edur kabileleri sonunda Ba\u011fc\u0131 Kral&#8217;\u0131n y\u00f6netimi alt\u0131nda birle\u015fmi\u015fti. Ancak bar\u0131\u015f korkun\u00e7 bir bedel kar\u015f\u0131l\u0131\u011f\u0131nda elde edilmi\u015fti: Amac\u0131 en iyi ihtimalle \u015f\u00fcpheli, en k\u00f6t\u00fc ihtimalle \u00f6l\u00fcmc\u00fcl olan gizli bir g\u00fc\u00e7le yap\u0131lan anla\u015fma&#8230; G\u00fcneyde ise yay\u0131lmac\u0131 Lether Krall\u0131\u011f\u0131 daha az medeni g\u00f6rd\u00fc\u011f\u00fc t\u00fcm kom\u015fular\u0131n\u0131 a\u00e7g\u00f6zl\u00fcl\u00fckle yutmu\u015ftu. Tiste Edurlar hari\u00e7 hepsini. Yedinci Sonlan\u0131\u015f ad\u0131 verilen kadim bir kehanete inanan Letheriiler, imparatorluklar\u0131n\u0131n yeniden do\u011fu\u015funu arzularken bak\u0131\u015flar\u0131n\u0131 Tiste Edur&#8217;un zengin topraklar\u0131na dikmi\u015flerdi. Kabilelerin ya alt\u0131n\u0131n ezici a\u011f\u0131rl\u0131\u011f\u0131na ya da k\u0131l\u0131c\u0131n ucundaki katliama teslim olmas\u0131 ka\u00e7\u0131n\u0131lmaz g\u00f6r\u00fcn\u00fcyordu. T\u00fcm bu gerginli\u011fin i\u00e7inde iki taraf a\u00e7\u0131s\u0131ndan \u00e7ok \u00f6nemli g\u00f6r\u00fclen bir antla\u015fman\u0131n g\u00f6r\u00fc\u015fmeleri yakla\u015f\u0131rken, bilinmeyen kadim g\u00fc\u00e7ler uyanacakt\u0131. Hem Letheriiler hem de Tiste Edurlar aras\u0131ndaki m\u00fccadele, \u00e7ok daha derin ve ilkel bir sava\u015f\u0131n soluk bir yans\u0131mas\u0131ndan ibaret h\u00e2le gelecekti. Oysaki temelinde ihanetin h\u00e2l\u00e2 kanayan yaras\u0131n\u0131n ve intikam arzusunun yatt\u0131\u011f\u0131 bir y\u00fczle\u015fmeydi bu..   \u201cDestans\u0131 g\u00fc\u00e7 ve d\u00fcnya derinli\u011fini gerek t\u00fcm detaylar\u0131yla hayal edilmi\u015f karakterler vas\u0131tas\u0131yla gerekse heyecan verici bir macerayla b\u00f6ylesine ak\u0131c\u0131 bir \u015fekilde harmanlayabilecek yazarlar nadirdir fakat Steven Erikson bunu d\u00f6rt d\u00f6rtl\u00fck ba\u015far\u0131yor.\u201d \u2014Michael A. Stackpole   \u201cHeyecan verici, hareketli, insan\u0131 kendinden ge\u00e7irecek kadar kasvetli\u2026 Erikson epik fantazi t\u00fcr\u00fcne tesirli, b\u00fcy\u00fcleyici bir yaz\u0131m tarz\u0131 getirerek okurda silinmez bir izlenim b\u0131rak\u0131yor. Tamamen s\u00fcr\u00fckleyici.\u201d \u2014Elizabeth Hayden <\/p>\n","protected":false},"excerpt":{"rendered":"<p>\u201cGE\u00c7M\u0130\u015e BAZEN HORTLAYIP SADECE \u0130RADE G\u00dcC\u00dcYLE VE M\u00dc\u015eTEREK G\u00d6R\u00dc\u015eLE D\u0130R\u0130 TUTULAN YALANLARI MEYDANA \u00c7IKARIR. BU \u0130F\u015eA BAZEN TAZE KANLA SIRILSIKLAMDIR.\u201d Onlarca y\u0131l s\u00fcren sava\u015flar\u0131n ard\u0131ndan, Tiste<span class=\"excerpt-hellip\"> [\u2026]<\/span><\/p>\n","protected":false},"featured_media":0,"template":"","meta":{"_monsterinsights_skip_tracking":false,"_monsterinsights_sitenote_active":false,"_monsterinsights_sitenote_note":"","_monsterinsights_sitenote_category":0},"product_brand":[],"product_cat":[12291,14777],"product_tag":[],"class_list":{"0":"post-761288","1":"product","2":"type-product","3":"status-publish","5":"product_cat-edebiyat","6":"product_cat-fantastik","7":"pa_cilt-ciltsiz","8":"pa_tur-kitap","9":"pa_yayinevi-ithaki-yayinlari","10":"pa_yazar-steven-erikson","12":"first","13":"instock","14":"sale","15":"shipping-taxable","16":"purchasable","17":"product-type-simple"},"_links":{"self":[{"href":"https:\/\/roveyayinevi.com.tr\/index.php\/wp-json\/wp\/v2\/product\/761288","targetHints":{"allow":["GET"]}}],"collection":[{"href":"https:\/\/roveyayinevi.com.tr\/index.php\/wp-json\/wp\/v2\/product"}],"about":[{"href":"https:\/\/roveyayinevi.com.tr\/index.php\/wp-json\/wp\/v2\/types\/product"}],"wp:attachment":[{"href":"https:\/\/roveyayinevi.com.tr\/index.php\/wp-json\/wp\/v2\/media?parent=761288"}],"wp:term":[{"taxonomy":"product_brand","embeddable":true,"href":"https:\/\/roveyayinevi.com.tr\/index.php\/wp-json\/wp\/v2\/product_brand?post=761288"},{"taxonomy":"product_cat","embeddable":true,"href":"https:\/\/roveyayinevi.com.tr\/index.php\/wp-json\/wp\/v2\/product_cat?post=761288"},{"taxonomy":"product_tag","embeddable":true,"href":"https:\/\/roveyayinevi.com.tr\/index.php\/wp-json\/wp\/v2\/product_tag?post=761288"}],"curies":[{"name":"wp","href":"https:\/\/api.w.org\/{rel}","templated":true}]}}