{"id":761286,"date":"2025-08-28T09:32:50","date_gmt":"2025-08-28T06:32:50","guid":{"rendered":"https:\/\/roveyayinevi.com.tr\/index.php\/urun\/zumrut-denizli-tress\/"},"modified":"2026-04-16T03:14:47","modified_gmt":"2026-04-16T00:14:47","slug":"zumrut-denizli-tress","status":"publish","type":"product","link":"https:\/\/roveyayinevi.com.tr\/index.php\/urun\/zumrut-denizli-tress\/","title":{"rendered":"Z\u00fcmr\u00fct Denizli Tress"},"content":{"rendered":"<p>Okyanusun ortas\u0131nda, bir kayan\u0131n \u00fczerinde ya\u015fayan bir k\u0131z vard\u0131. Bu \u00f6yle hayal etti\u011finiz gibi bir okyanus de\u011fildi. Kaya da hayal etti\u011finiz gibi de\u011fildi. Lakin k\u0131z belki hayal etti\u011finiz gibiydi\u2026 tabii onu anlay\u0131\u015fl\u0131, tatl\u0131 dilli ve fincan toplamaya fazlas\u0131yla d\u00fc\u015fk\u00fcn biri olarak hayal ediyorsan\u0131z.   Brandon Sanderson, F\u0131rt\u0131na\u0131\u015f\u0131\u011f\u0131 Ar\u015fivi ve Sissoylu ile payla\u015ft\u0131\u011f\u0131 Kozmer evrenini yeni ve ba\u011f\u0131ms\u0131z bir romanla geni\u015fletiyor.   &#8220;Sadece epik fantezinin m\u00fcthi\u015f bir yazar\u0131 de\u011fil, bildi\u011finiz m\u00fcthi\u015f bir yazar. Nokta.&#8221; \u2013 Patrick Rothfuss   &#8220;S\u00fcr\u00fckleyici d\u00fcnya kurgusu, \u00e7ekici karakterleri ve mizah duygusu bu kitab\u0131 Sanderson\u2019\u0131n evrenine iyi bir giri\u015f yap\u0131yor.&#8221; \u2013 Kirkus <\/p>\n","protected":false},"excerpt":{"rendered":"<p>Okyanusun ortas\u0131nda, bir kayan\u0131n \u00fczerinde ya\u015fayan bir k\u0131z vard\u0131. Bu \u00f6yle hayal etti\u011finiz gibi bir okyanus de\u011fildi. Kaya da hayal etti\u011finiz gibi de\u011fildi. Lakin k\u0131z belki<span class=\"excerpt-hellip\"> [\u2026]<\/span><\/p>\n","protected":false},"featured_media":0,"template":"","meta":{"_monsterinsights_skip_tracking":false,"_monsterinsights_sitenote_active":false,"_monsterinsights_sitenote_note":"","_monsterinsights_sitenote_category":0},"product_brand":[],"product_cat":[12291,14777],"product_tag":[],"class_list":{"0":"post-761286","1":"product","2":"type-product","3":"status-publish","5":"product_cat-edebiyat","6":"product_cat-fantastik","7":"pa_cilt-ciltsiz","8":"pa_tur-kitap","9":"pa_yayinevi-ithaki-yayinlari","10":"pa_yazar-brandon-sanderson","12":"first","13":"instock","14":"sale","15":"shipping-taxable","16":"purchasable","17":"product-type-simple"},"_links":{"self":[{"href":"https:\/\/roveyayinevi.com.tr\/index.php\/wp-json\/wp\/v2\/product\/761286","targetHints":{"allow":["GET"]}}],"collection":[{"href":"https:\/\/roveyayinevi.com.tr\/index.php\/wp-json\/wp\/v2\/product"}],"about":[{"href":"https:\/\/roveyayinevi.com.tr\/index.php\/wp-json\/wp\/v2\/types\/product"}],"wp:attachment":[{"href":"https:\/\/roveyayinevi.com.tr\/index.php\/wp-json\/wp\/v2\/media?parent=761286"}],"wp:term":[{"taxonomy":"product_brand","embeddable":true,"href":"https:\/\/roveyayinevi.com.tr\/index.php\/wp-json\/wp\/v2\/product_brand?post=761286"},{"taxonomy":"product_cat","embeddable":true,"href":"https:\/\/roveyayinevi.com.tr\/index.php\/wp-json\/wp\/v2\/product_cat?post=761286"},{"taxonomy":"product_tag","embeddable":true,"href":"https:\/\/roveyayinevi.com.tr\/index.php\/wp-json\/wp\/v2\/product_tag?post=761286"}],"curies":[{"name":"wp","href":"https:\/\/api.w.org\/{rel}","templated":true}]}}