{"id":761284,"date":"2025-08-28T09:32:46","date_gmt":"2025-08-28T06:32:46","guid":{"rendered":"https:\/\/roveyayinevi.com.tr\/index.php\/urun\/dramali-hasanin-namus-davasi\/"},"modified":"2026-04-12T03:17:59","modified_gmt":"2026-04-12T00:17:59","slug":"dramali-hasanin-namus-davasi","status":"publish","type":"product","link":"https:\/\/roveyayinevi.com.tr\/index.php\/urun\/dramali-hasanin-namus-davasi\/","title":{"rendered":"Dramal\u0131 Hasan\u2019\u0131n Namus Davas\u0131"},"content":{"rendered":"<p>Odada sadece \u00fc\u00e7\u00fcm\u00fcz kald\u0131k. Yako, cebinden usulca c\u00fczdan\u0131n\u0131 \u00e7\u0131kard\u0131. \u0130\u00e7inden, f\u0131r\u0131ndan yeni \u00e7\u0131km\u0131\u015f duman\u0131 t\u00fcten simit gibi g\u0131c\u0131r g\u0131c\u0131r bir ye\u015fil onluk \u00e7ekip \u00f6n\u00fcmdeki masaya boylu boyunca uzatt\u0131. Ve benim g\u00f6z\u00fcm\u00fcn i\u00e7ine bakarak:   \u201cDramal\u0131, i\u015fte para, i\u015fte kad\u0131n! S\u00f6v kad\u0131na al paray\u0131! dedi hi\u00e7 istifini bozmadan. Ben ne yapay\u0131m diye d\u00fc\u015f\u00fcn\u00fcrken bana bu ahlaks\u0131z teklifi yapan Yako\u2019ya:   \u201cSen ne diyorsun Yako?! Bir kad\u0131n\u0131n yan\u0131nda b\u00f6yle bir teklifi bana nas\u0131l yapars\u0131n? Biz \u2018namus davas\u0131\u2019 \u201ddiye devam eden nutuk atmaya kalk\u0131nca Yako, hi\u00e7 etkilenmemi\u015f bir \u015fekilde tekrar masada gelinlik k\u0131z gibi duran paray\u0131 i\u015faret etti.   \u201c\u0130\u015fte para, i\u015fte kad\u0131n! S\u00f6v kad\u0131na al paray\u0131!\u201d demez mi&#8230;   Yokluk, yoksulluk insanda t\u00fcm de\u011ferleri k\u00f6reltirmi\u015f me\u011ferse&#8230;! \u00d6yle de oldu&#8230; Sonunda ailem a\u011f\u0131r bast\u0131 ve o on liraya sahip olmak i\u00e7in y\u00fcz\u00fcne bakmaya utand\u0131\u011f\u0131m kad\u0131na k\u00fcfretmek zorunda kald\u0131m. Yako benim kad\u0131na a\u011f\u0131z dolusu k\u00fcfretti\u011fimi g\u00f6r\u00fcnce a\u011fz\u0131 kulaklar\u0131nda kahkahalarla g\u00fclmeye ba\u015flad\u0131. Masadaki paray\u0131 al\u0131p bana uzat\u0131rken:   \u201cAl paray\u0131 Dramal\u0131, anan\u0131n ak s\u00fct\u00fc g\u00fcn\u00fc helal olsun\u201d dedi. Daha inand\u0131r\u0131c\u0131 olsun diye olmal\u0131, kad\u0131n\u0131n \u00e7antas\u0131ndan k\u0131rm\u0131z\u0131 kapl\u0131 evlilik c\u00fczdan\u0131n\u0131 \u00e7\u0131kart\u0131p:   \u201cEee Dramal\u0131, az \u00f6nce k\u00fcfretti\u011fin kad\u0131n benim nikahl\u0131 kar\u0131md\u0131r. Sen \u015fimdi benim namusuma dil uzatm\u0131\u015f oldun. Ben de sizin yapt\u0131\u011f\u0131n\u0131z gibi namusumu temizlemek i\u00e7in seni \u00f6ld\u00fcrmem mi gerekiyor?\u201d dedi b\u00fcy\u00fck bir olgunluk i\u00e7inde&#8230; <\/p>\n","protected":false},"excerpt":{"rendered":"<p>Odada sadece \u00fc\u00e7\u00fcm\u00fcz kald\u0131k. Yako, cebinden usulca c\u00fczdan\u0131n\u0131 \u00e7\u0131kard\u0131. \u0130\u00e7inden, f\u0131r\u0131ndan yeni \u00e7\u0131km\u0131\u015f duman\u0131 t\u00fcten simit gibi g\u0131c\u0131r g\u0131c\u0131r bir ye\u015fil onluk \u00e7ekip \u00f6n\u00fcmdeki masaya boylu<span class=\"excerpt-hellip\"> [\u2026]<\/span><\/p>\n","protected":false},"featured_media":0,"template":"","meta":{"_monsterinsights_skip_tracking":false,"_monsterinsights_sitenote_active":false,"_monsterinsights_sitenote_note":"","_monsterinsights_sitenote_category":0},"product_brand":[],"product_cat":[12291,12711],"product_tag":[],"class_list":{"0":"post-761284","1":"product","2":"type-product","3":"status-publish","5":"product_cat-edebiyat","6":"product_cat-roman-oyku","7":"pa_cilt-ciltsiz","8":"pa_tur-kitap","9":"pa_yayinevi-gulnar-yayinlari","10":"pa_yazar-ibrahim-koser","12":"first","13":"instock","14":"sale","15":"shipping-taxable","16":"purchasable","17":"product-type-simple"},"_links":{"self":[{"href":"https:\/\/roveyayinevi.com.tr\/index.php\/wp-json\/wp\/v2\/product\/761284","targetHints":{"allow":["GET"]}}],"collection":[{"href":"https:\/\/roveyayinevi.com.tr\/index.php\/wp-json\/wp\/v2\/product"}],"about":[{"href":"https:\/\/roveyayinevi.com.tr\/index.php\/wp-json\/wp\/v2\/types\/product"}],"wp:attachment":[{"href":"https:\/\/roveyayinevi.com.tr\/index.php\/wp-json\/wp\/v2\/media?parent=761284"}],"wp:term":[{"taxonomy":"product_brand","embeddable":true,"href":"https:\/\/roveyayinevi.com.tr\/index.php\/wp-json\/wp\/v2\/product_brand?post=761284"},{"taxonomy":"product_cat","embeddable":true,"href":"https:\/\/roveyayinevi.com.tr\/index.php\/wp-json\/wp\/v2\/product_cat?post=761284"},{"taxonomy":"product_tag","embeddable":true,"href":"https:\/\/roveyayinevi.com.tr\/index.php\/wp-json\/wp\/v2\/product_tag?post=761284"}],"curies":[{"name":"wp","href":"https:\/\/api.w.org\/{rel}","templated":true}]}}