{"id":761283,"date":"2025-08-28T09:32:45","date_gmt":"2025-08-28T06:32:45","guid":{"rendered":"https:\/\/roveyayinevi.com.tr\/index.php\/urun\/kes-yapistir-eglen\/"},"modified":"2026-04-16T03:14:47","modified_gmt":"2026-04-16T00:14:47","slug":"kes-yapistir-eglen","status":"publish","type":"product","link":"https:\/\/roveyayinevi.com.tr\/index.php\/urun\/kes-yapistir-eglen\/","title":{"rendered":"Kes Yap\u0131\u015ft\u0131r E\u011flen"},"content":{"rendered":"<p>Sevgili \u00e7ocuklar, Bu kitapta sizi, renkli bir kes-yap\u0131\u015ft\u0131r d\u00fcnyas\u0131 bekliyor! Farkl\u0131 temalarda haz\u0131rlanm\u0131\u015f, reng\u00e2renk kes-yap\u0131\u015ft\u0131r sayfalar\u0131 ile e\u011flenirken el becerilerinizi geli\u015ftireceksiniz. Kes-yap\u0131\u015ft\u0131r etkinlikleri, konsantrasyon ve dikkat s\u00fcresini art\u0131r\u0131r, ince motor becerilerini ve el-g\u00f6z koordinasyonunu geli\u015ftirir. Sevgili \u00e7ocuklar, makas kullan\u0131rken l\u00fctfen dikkatli olun. Yap\u0131\u015ft\u0131r\u0131c\u0131y\u0131 kullan\u0131rken de yeti\u015fkinlerden yard\u0131m al\u0131n. \u00c7al\u0131\u015fma alan\u0131n\u0131z\u0131 temiz tutun ve \u00e7ok e\u011flenin! Eksik resimleri tamamlama, yap-boz par\u00e7alar\u0131n\u0131 kesip yerle\u015ftirme, yeni model olu\u015fturma, \u00fc\u00e7 boyutlu modeller yapma gibi farkl\u0131 etkinlikleri \u00e7ok seveceksiniz. Kes-Yap\u0131\u015ft\u0131r E\u011flencesine Ba\u015flayal\u0131m! <\/p>\n","protected":false},"excerpt":{"rendered":"<p>Sevgili \u00e7ocuklar, Bu kitapta sizi, renkli bir kes-yap\u0131\u015ft\u0131r d\u00fcnyas\u0131 bekliyor! Farkl\u0131 temalarda haz\u0131rlanm\u0131\u015f, reng\u00e2renk kes-yap\u0131\u015ft\u0131r sayfalar\u0131 ile e\u011flenirken el becerilerinizi geli\u015ftireceksiniz. Kes-yap\u0131\u015ft\u0131r etkinlikleri, konsantrasyon ve dikkat<span class=\"excerpt-hellip\"> [\u2026]<\/span><\/p>\n","protected":false},"featured_media":0,"template":"","meta":{"_monsterinsights_skip_tracking":false,"_monsterinsights_sitenote_active":false,"_monsterinsights_sitenote_note":"","_monsterinsights_sitenote_category":0},"product_brand":[],"product_cat":[12274,15842],"product_tag":[],"class_list":{"0":"post-761283","1":"product","2":"type-product","3":"status-publish","5":"product_cat-cocuk-ve-genclik-kitaplari","6":"product_cat-egitici-kitaplar","7":"pa_cilt-ciltsiz","8":"pa_tur-kitap","9":"pa_yayinevi-bicirik-yayinlari","10":"pa_yazar-tuba-ozturk","12":"first","13":"instock","14":"sale","15":"shipping-taxable","16":"purchasable","17":"product-type-simple"},"_links":{"self":[{"href":"https:\/\/roveyayinevi.com.tr\/index.php\/wp-json\/wp\/v2\/product\/761283","targetHints":{"allow":["GET"]}}],"collection":[{"href":"https:\/\/roveyayinevi.com.tr\/index.php\/wp-json\/wp\/v2\/product"}],"about":[{"href":"https:\/\/roveyayinevi.com.tr\/index.php\/wp-json\/wp\/v2\/types\/product"}],"wp:attachment":[{"href":"https:\/\/roveyayinevi.com.tr\/index.php\/wp-json\/wp\/v2\/media?parent=761283"}],"wp:term":[{"taxonomy":"product_brand","embeddable":true,"href":"https:\/\/roveyayinevi.com.tr\/index.php\/wp-json\/wp\/v2\/product_brand?post=761283"},{"taxonomy":"product_cat","embeddable":true,"href":"https:\/\/roveyayinevi.com.tr\/index.php\/wp-json\/wp\/v2\/product_cat?post=761283"},{"taxonomy":"product_tag","embeddable":true,"href":"https:\/\/roveyayinevi.com.tr\/index.php\/wp-json\/wp\/v2\/product_tag?post=761283"}],"curies":[{"name":"wp","href":"https:\/\/api.w.org\/{rel}","templated":true}]}}