{"id":761282,"date":"2025-08-28T09:32:43","date_gmt":"2025-08-28T06:32:43","guid":{"rendered":"https:\/\/roveyayinevi.com.tr\/index.php\/urun\/cocuklar-icin-kolay-origami\/"},"modified":"2026-04-16T03:14:47","modified_gmt":"2026-04-16T00:14:47","slug":"cocuklar-icin-kolay-origami","status":"publish","type":"product","link":"https:\/\/roveyayinevi.com.tr\/index.php\/urun\/cocuklar-icin-kolay-origami\/","title":{"rendered":"\u00c7ocuklar \u0130\u00e7in Kolay Origami"},"content":{"rendered":"<p>Sevgili \u00e7ocuklar, elinizde tutmu\u015f oldu\u011funuz kitab\u0131n ad\u0131 \u201cOrigami\u201d. Peki neymi\u015f bu origami hep beraber bakal\u0131m m\u0131? Origami, Japonca bir kelime olup, \u201ckatlanm\u0131\u015f k\u00e2\u011f\u0131t\u201d anlam\u0131na gelir. Origami, k\u00e2\u011f\u0131d\u0131n yap\u0131\u015ft\u0131r\u0131c\u0131 ve makas kullan\u0131lmadan sadece katlanarak \u00e7e\u015fitli fig\u00fcrlerin ortaya \u00e7\u0131kmas\u0131 sanat\u0131d\u0131r. Origamide genel olarak kare \u015feklinde k\u00e2\u011f\u0131t kullan\u0131lsa da k\u00e2\u011f\u0131d\u0131n \u015feklinde bir s\u0131n\u0131rlama yoktur. K\u00e2\u011f\u0131d\u0131n b\u00fcy\u00fcl\u00fc d\u00fcnyas\u0131 olarak da tan\u0131mlayabilece\u011fimiz origami, basit bir k\u00e2\u011f\u0131t par\u00e7as\u0131n\u0131, sadece katlama teknikleri kullanarak, inan\u0131lmaz sanat eserlerine d\u00f6n\u00fc\u015ft\u00fcrme sanat\u0131d\u0131r. Bu kitap, size bu b\u00fcy\u00fcl\u00fc d\u00fcnyaya ad\u0131m atman\u0131z i\u00e7in gereken her \u015feyi sunuyor. \u015eimdi de kitapta neler var biraz buna g\u00f6z atal\u0131m. Origamiye ba\u015flamadan \u00f6nce bilmeniz gereken t\u00fcm temel katlama teknikleri detayl\u0131 ve g\u00f6rsellerle a\u00e7\u0131klanm\u0131\u015ft\u0131r. \u00c7o\u011funlu\u011fu ba\u015flang\u0131\u00e7 seviyesindekiler i\u00e7in olan, basit ve e\u011flenceli modeller sunulmu\u015ftur. Bu modellerle origamiye kolayca giri\u015f yapabilirsiniz. Origami yapmak i\u00e7in ihtiyac\u0131n\u0131z olan malzeme sadece bir k\u00e2\u011f\u0131t par\u00e7as\u0131. Biz bu kitapta, modelleri reng\u00e2renk yapabilmeniz i\u00e7in m\u00fcthi\u015f renklere sahip k\u00e2\u011f\u0131tlar da haz\u0131rlad\u0131k. E\u011flenceli ve yarat\u0131c\u0131 aktivite arayanlar, her ya\u015ftan \u00e7ocuklar ve yeti\u015fkinler i\u00e7in \u015fahane bir kaynak\u2026 Origami ile e\u011flenin! <\/p>\n","protected":false},"excerpt":{"rendered":"<p>Sevgili \u00e7ocuklar, elinizde tutmu\u015f oldu\u011funuz kitab\u0131n ad\u0131 \u201cOrigami\u201d. Peki neymi\u015f bu origami hep beraber bakal\u0131m m\u0131? Origami, Japonca bir kelime olup, \u201ckatlanm\u0131\u015f k\u00e2\u011f\u0131t\u201d anlam\u0131na gelir. Origami,<span class=\"excerpt-hellip\"> [\u2026]<\/span><\/p>\n","protected":false},"featured_media":0,"template":"","meta":{"_monsterinsights_skip_tracking":false,"_monsterinsights_sitenote_active":false,"_monsterinsights_sitenote_note":"","_monsterinsights_sitenote_category":0},"product_brand":[],"product_cat":[12274,15842],"product_tag":[],"class_list":{"0":"post-761282","1":"product","2":"type-product","3":"status-publish","5":"product_cat-cocuk-ve-genclik-kitaplari","6":"product_cat-egitici-kitaplar","7":"pa_cilt-ciltsiz","8":"pa_tur-kitap10","9":"pa_yayinevi-bicirik-yayinlari","10":"pa_yazar-tuba-ozturk","12":"first","13":"instock","14":"sale","15":"shipping-taxable","16":"purchasable","17":"product-type-simple"},"_links":{"self":[{"href":"https:\/\/roveyayinevi.com.tr\/index.php\/wp-json\/wp\/v2\/product\/761282","targetHints":{"allow":["GET"]}}],"collection":[{"href":"https:\/\/roveyayinevi.com.tr\/index.php\/wp-json\/wp\/v2\/product"}],"about":[{"href":"https:\/\/roveyayinevi.com.tr\/index.php\/wp-json\/wp\/v2\/types\/product"}],"wp:attachment":[{"href":"https:\/\/roveyayinevi.com.tr\/index.php\/wp-json\/wp\/v2\/media?parent=761282"}],"wp:term":[{"taxonomy":"product_brand","embeddable":true,"href":"https:\/\/roveyayinevi.com.tr\/index.php\/wp-json\/wp\/v2\/product_brand?post=761282"},{"taxonomy":"product_cat","embeddable":true,"href":"https:\/\/roveyayinevi.com.tr\/index.php\/wp-json\/wp\/v2\/product_cat?post=761282"},{"taxonomy":"product_tag","embeddable":true,"href":"https:\/\/roveyayinevi.com.tr\/index.php\/wp-json\/wp\/v2\/product_tag?post=761282"}],"curies":[{"name":"wp","href":"https:\/\/api.w.org\/{rel}","templated":true}]}}