{"id":761278,"date":"2025-08-28T09:32:37","date_gmt":"2025-08-28T06:32:37","guid":{"rendered":"https:\/\/roveyayinevi.com.tr\/index.php\/urun\/asrin-felaketi-kulakcikli\/"},"modified":"2026-04-16T03:14:47","modified_gmt":"2026-04-16T00:14:47","slug":"asrin-felaketi-kulakcikli","status":"publish","type":"product","link":"https:\/\/roveyayinevi.com.tr\/index.php\/urun\/asrin-felaketi-kulakcikli\/","title":{"rendered":"Asr\u0131n Felaketi (Kulak\u00e7\u0131kl\u0131)"},"content":{"rendered":"<p>6 \u015eubat 2023\u2019te tarihimizin en b\u00fcy\u00fck felaketlerinden biri ya\u015fanm\u0131\u015ft\u0131r. Yerle bir olmu\u015f binalar, g\u00f6\u00e7\u00fckte kalan canlar, g\u00f6zya\u015f\u0131, umut; hepsi bir aradayd\u0131. Anadolu Ajans\u0131 Yay\u0131nlar\u0131 olarak, toplumsal vazifemizi yerine getirmek maksad\u0131yla bu trajik olay\u0131 bir kitap h\u00e2line getirmeyi hedefledik. Eserde, felaketin neleri beraberinde getirdi\u011fini, foto\u011fraflar e\u015fli\u011finde sunduk. Ailelerin yok olu\u015funu, hayatta kalma m\u00fccadelesini ve toplumsal dayan\u0131\u015fman\u0131n g\u00fcc\u00fcn\u00fc ortaya koymaya \u00e7al\u0131\u015ft\u0131k. Devlet ile milletin el ele verdi\u011fi m\u00fccadeleyi resmetmeyi istedik. Literat\u00fcre \u201cAsr\u0131n Felaketi\u201d olarak ge\u00e7en depremleri ele alan bu kitap, sars\u0131nt\u0131n\u0131n ilk anlar\u0131ndan itibaren ya\u015fananlar\u0131 anlat\u0131yor ve toplumumuzun bu felaketle ba\u015fa \u00e7\u0131kma imtihan\u0131n\u0131 ortaya koyuyor. Yaln\u0131zca depremin y\u0131k\u0131c\u0131l\u0131\u011f\u0131n\u0131 de\u011fil, ayn\u0131 zamanda yeniden in\u015fa s\u00fcrecindeki umudu ve dayan\u0131\u015fmay\u0131 da inceliyor. \u0130lk haftan\u0131n kronolojisinin detayl\u0131 bir \u015fekilde ele al\u0131nd\u0131\u011f\u0131 \u00e7al\u0131\u015fmam\u0131zda, sars\u0131nt\u0131n\u0131n ilk an\u0131nda ya\u015fanan kaos ile sonras\u0131nda ortaya \u00e7\u0131kan zorluklar analizler ve infografiklerle desteklenmi\u015ftir. Elinizdeki eserde; depremlerin a\u00e7t\u0131\u011f\u0131 yaralar, toplumun kenetleni\u015fi ve yeniden do\u011fu\u015fun hik\u00e2yesini bulacaks\u0131n\u0131z. <\/p>\n","protected":false},"excerpt":{"rendered":"<p>6 \u015eubat 2023\u2019te tarihimizin en b\u00fcy\u00fck felaketlerinden biri ya\u015fanm\u0131\u015ft\u0131r. Yerle bir olmu\u015f binalar, g\u00f6\u00e7\u00fckte kalan canlar, g\u00f6zya\u015f\u0131, umut; hepsi bir aradayd\u0131. Anadolu Ajans\u0131 Yay\u0131nlar\u0131 olarak, toplumsal<span class=\"excerpt-hellip\"> [\u2026]<\/span><\/p>\n","protected":false},"featured_media":0,"template":"","meta":{"_monsterinsights_skip_tracking":false,"_monsterinsights_sitenote_active":false,"_monsterinsights_sitenote_note":"","_monsterinsights_sitenote_category":0},"product_brand":[],"product_cat":[13488],"product_tag":[],"class_list":{"0":"post-761278","1":"product","2":"type-product","3":"status-publish","5":"product_cat-toplum-ve-insan","6":"pa_cilt-ciltsiz","7":"pa_tur-kitap","8":"pa_yayinevi-anadolu-ajansi-yayinevi","9":"pa_yazar-kolektif","11":"first","12":"instock","13":"sale","14":"shipping-taxable","15":"purchasable","16":"product-type-simple"},"_links":{"self":[{"href":"https:\/\/roveyayinevi.com.tr\/index.php\/wp-json\/wp\/v2\/product\/761278","targetHints":{"allow":["GET"]}}],"collection":[{"href":"https:\/\/roveyayinevi.com.tr\/index.php\/wp-json\/wp\/v2\/product"}],"about":[{"href":"https:\/\/roveyayinevi.com.tr\/index.php\/wp-json\/wp\/v2\/types\/product"}],"wp:attachment":[{"href":"https:\/\/roveyayinevi.com.tr\/index.php\/wp-json\/wp\/v2\/media?parent=761278"}],"wp:term":[{"taxonomy":"product_brand","embeddable":true,"href":"https:\/\/roveyayinevi.com.tr\/index.php\/wp-json\/wp\/v2\/product_brand?post=761278"},{"taxonomy":"product_cat","embeddable":true,"href":"https:\/\/roveyayinevi.com.tr\/index.php\/wp-json\/wp\/v2\/product_cat?post=761278"},{"taxonomy":"product_tag","embeddable":true,"href":"https:\/\/roveyayinevi.com.tr\/index.php\/wp-json\/wp\/v2\/product_tag?post=761278"}],"curies":[{"name":"wp","href":"https:\/\/api.w.org\/{rel}","templated":true}]}}