{"id":761277,"date":"2025-08-28T09:32:35","date_gmt":"2025-08-28T06:32:35","guid":{"rendered":"https:\/\/roveyayinevi.com.tr\/index.php\/urun\/imkansiz-yaratiklar\/"},"modified":"2026-04-16T03:14:47","modified_gmt":"2026-04-16T00:14:47","slug":"imkansiz-yaratiklar","status":"publish","type":"product","link":"https:\/\/roveyayinevi.com.tr\/index.php\/urun\/imkansiz-yaratiklar\/","title":{"rendered":"\u0130mkans\u0131z Yarat\u0131klar"},"content":{"rendered":"<p>WATERSTONES YILIN K\u0130TABI \u00d6D\u00dcL\u00dc   Benzersiz Katherine Rundell, \u00f6d\u00fcl ve \u00f6vg\u00fclere bo\u011fulan kitab\u0131 \u0130MK\u00c2NSIZ YARATIKLAR\u2019da bizi efsanelerdeki t\u00fcm o yarat\u0131klar\u0131n h\u00e2l\u00e2 ya\u015fad\u0131\u011f\u0131 vah\u015fi ve b\u00fcy\u00fcleyici bir yere g\u00f6t\u00fcr\u00fcyor.B\u00fcy\u00fckbabas\u0131n\u0131n s\u00f6z\u00fcn\u00fc dinlemeyip bo\u011fulan bir griffin yavrusunu gizli g\u00f6lden kurtard\u0131\u011f\u0131 g\u00fcn Christopher\u2019\u0131n hayat\u0131 sonsuza dek de\u011fi\u015fti. O g\u00fcn Christopher, hi\u00e7bir haritada g\u00f6r\u00fcnmeyen tak\u0131madalar\u0131n varl\u0131\u011f\u0131n\u0131 \u00f6\u011frendi: Hi\u00e7 var olmad\u0131klar\u0131n\u0131 ya da \u00e7oktan yok olduklar\u0131n\u0131 sand\u0131\u011f\u0131m\u0131z t\u00fcm efsanevi yarat\u0131klar\u0131n ya\u015fad\u0131\u011f\u0131 yer, AR\u015e\u0130PELAGO. Ve ayn\u0131 g\u00fcn, u\u00e7an paltolu Malu\u2019yla tan\u0131\u015ft\u0131. Pe\u015findeki katilden ka\u00e7arken evinden fazlaca uzakla\u015fm\u0131\u015f bu \u00e7aresiz k\u0131z\u0131 yaln\u0131z b\u0131rakamazd\u0131. \u00dcstelik katil, \u00e7ok daha b\u00fcy\u00fck bir k\u00f6t\u00fcl\u00fc\u011f\u00fcn par\u00e7as\u0131yd\u0131.\u0130kili, deniz canavarlar\u0131, \u00f6l\u00fcmc\u00fcl bilmeceler, y\u0131rt\u0131c\u0131 yarat\u0131klar, meymenetsiz tiplerle dolu vah\u015fi bir yolculu\u011fa \u00e7\u0131kacak; yolda sfenkslere dan\u0131\u015facak, krakenlerle sava\u015f\u0131p ejderhalarla pazarl\u0131k etmek zorunda kalacak.D\u00fcnyan\u0131n kaderi bu iki \u00e7ocu\u011fun ellerinin aras\u0131nda.\u201c\u00d6nce Tolkien vard\u0131, sonra Pullman ve \u015fimdi art\u0131k Katherine Rundell var.\u201d \u2014Michael Morpurgo\u201cKatherine Rundell bir d\u00e2hi. Her ya\u015ftan ve her t\u00fcrden okuru memnun eden \u00f6zg\u00fcn ve heyecan veren kitaplar yaz\u0131yor.\u201d \u2014Neil Gaiman\u201cG\u00fcn\u00fcm\u00fcz\u00fcn en yetenekli hik\u00e2ye anlat\u0131c\u0131lar\u0131ndan birinin elinden \u00e7\u0131km\u0131\u015f bir klasik, \u00e2deta bir mucize.\u201d \u2014Katherine Applegate <\/p>\n","protected":false},"excerpt":{"rendered":"<p>WATERSTONES YILIN K\u0130TABI \u00d6D\u00dcL\u00dc Benzersiz Katherine Rundell, \u00f6d\u00fcl ve \u00f6vg\u00fclere bo\u011fulan kitab\u0131 \u0130MK\u00c2NSIZ YARATIKLAR\u2019da bizi efsanelerdeki t\u00fcm o yarat\u0131klar\u0131n h\u00e2l\u00e2 ya\u015fad\u0131\u011f\u0131 vah\u015fi ve b\u00fcy\u00fcleyici bir yere<span class=\"excerpt-hellip\"> [\u2026]<\/span><\/p>\n","protected":false},"featured_media":0,"template":"","meta":{"_monsterinsights_skip_tracking":false,"_monsterinsights_sitenote_active":false,"_monsterinsights_sitenote_note":"","_monsterinsights_sitenote_category":0},"product_brand":[],"product_cat":[12291,12711],"product_tag":[],"class_list":{"0":"post-761277","1":"product","2":"type-product","3":"status-publish","5":"product_cat-edebiyat","6":"product_cat-roman-oyku","7":"pa_cilt-ciltsiz","8":"pa_tur-kitap","9":"pa_yayinevi-domingo-yayinevi","10":"pa_yazar-katherine-rundell","12":"first","13":"instock","14":"sale","15":"shipping-taxable","16":"purchasable","17":"product-type-simple"},"_links":{"self":[{"href":"https:\/\/roveyayinevi.com.tr\/index.php\/wp-json\/wp\/v2\/product\/761277","targetHints":{"allow":["GET"]}}],"collection":[{"href":"https:\/\/roveyayinevi.com.tr\/index.php\/wp-json\/wp\/v2\/product"}],"about":[{"href":"https:\/\/roveyayinevi.com.tr\/index.php\/wp-json\/wp\/v2\/types\/product"}],"wp:attachment":[{"href":"https:\/\/roveyayinevi.com.tr\/index.php\/wp-json\/wp\/v2\/media?parent=761277"}],"wp:term":[{"taxonomy":"product_brand","embeddable":true,"href":"https:\/\/roveyayinevi.com.tr\/index.php\/wp-json\/wp\/v2\/product_brand?post=761277"},{"taxonomy":"product_cat","embeddable":true,"href":"https:\/\/roveyayinevi.com.tr\/index.php\/wp-json\/wp\/v2\/product_cat?post=761277"},{"taxonomy":"product_tag","embeddable":true,"href":"https:\/\/roveyayinevi.com.tr\/index.php\/wp-json\/wp\/v2\/product_tag?post=761277"}],"curies":[{"name":"wp","href":"https:\/\/api.w.org\/{rel}","templated":true}]}}