{"id":761275,"date":"2025-08-28T09:32:31","date_gmt":"2025-08-28T06:32:31","guid":{"rendered":"https:\/\/roveyayinevi.com.tr\/index.php\/urun\/disney-uykudan-once-en-tatli-oykuler-ciltli-sunger-kapak\/"},"modified":"2026-04-16T03:14:47","modified_gmt":"2026-04-16T00:14:47","slug":"disney-uykudan-once-en-tatli-oykuler-ciltli-sunger-kapak","status":"publish","type":"product","link":"https:\/\/roveyayinevi.com.tr\/index.php\/urun\/disney-uykudan-once-en-tatli-oykuler-ciltli-sunger-kapak\/","title":{"rendered":"Disney Uykudan \u00d6nce En Tatl\u0131 \u00d6yk\u00fcler (Ciltli &#8211; S\u00fcnger Kapak)"},"content":{"rendered":"<p>Tatl\u0131 r\u00fcyalar!   En sevdi\u011finiz Disney ve Pixar kahramanlar\u0131yla uyku zaman\u0131! Russell ve Carl\u2019la birlikte hayalet \u00e7i\u00e7ek aray\u0131\u015f\u0131na \u00e7\u0131k\u0131n; Mickey ve arkada\u015flar\u0131yla kampa gidin, Wendy\u2019yle maceraya at\u0131l\u0131n ve \u00e7ok daha fazla e\u011flenceli \u00f6yk\u00fcyle uykuya haz\u0131rlan\u0131n. Bu muhte\u015fem koleksiyon, en sevilen klasik ve yeni \u00f6yk\u00fclerle uyku vakitlerinize ne\u015fe katacak! <\/p>\n","protected":false},"excerpt":{"rendered":"<p>Tatl\u0131 r\u00fcyalar! En sevdi\u011finiz Disney ve Pixar kahramanlar\u0131yla uyku zaman\u0131! Russell ve Carl\u2019la birlikte hayalet \u00e7i\u00e7ek aray\u0131\u015f\u0131na \u00e7\u0131k\u0131n; Mickey ve arkada\u015flar\u0131yla kampa gidin, Wendy\u2019yle maceraya at\u0131l\u0131n<span class=\"excerpt-hellip\"> [\u2026]<\/span><\/p>\n","protected":false},"featured_media":0,"template":"","meta":{"_monsterinsights_skip_tracking":false,"_monsterinsights_sitenote_active":false,"_monsterinsights_sitenote_note":"","_monsterinsights_sitenote_category":0},"product_brand":[],"product_cat":[12274,12284],"product_tag":[],"class_list":{"0":"post-761275","1":"product","2":"type-product","3":"status-publish","5":"product_cat-cocuk-ve-genclik-kitaplari","6":"product_cat-hikayeler","7":"pa_cilt-ciltli","8":"pa_tur-kitap","9":"pa_yayinevi-dogan-cocuk","10":"pa_yazar-kolektif","12":"first","13":"instock","14":"sale","15":"shipping-taxable","16":"purchasable","17":"product-type-simple"},"_links":{"self":[{"href":"https:\/\/roveyayinevi.com.tr\/index.php\/wp-json\/wp\/v2\/product\/761275","targetHints":{"allow":["GET"]}}],"collection":[{"href":"https:\/\/roveyayinevi.com.tr\/index.php\/wp-json\/wp\/v2\/product"}],"about":[{"href":"https:\/\/roveyayinevi.com.tr\/index.php\/wp-json\/wp\/v2\/types\/product"}],"wp:attachment":[{"href":"https:\/\/roveyayinevi.com.tr\/index.php\/wp-json\/wp\/v2\/media?parent=761275"}],"wp:term":[{"taxonomy":"product_brand","embeddable":true,"href":"https:\/\/roveyayinevi.com.tr\/index.php\/wp-json\/wp\/v2\/product_brand?post=761275"},{"taxonomy":"product_cat","embeddable":true,"href":"https:\/\/roveyayinevi.com.tr\/index.php\/wp-json\/wp\/v2\/product_cat?post=761275"},{"taxonomy":"product_tag","embeddable":true,"href":"https:\/\/roveyayinevi.com.tr\/index.php\/wp-json\/wp\/v2\/product_tag?post=761275"}],"curies":[{"name":"wp","href":"https:\/\/api.w.org\/{rel}","templated":true}]}}