{"id":761273,"date":"2025-08-28T09:32:27","date_gmt":"2025-08-28T06:32:27","guid":{"rendered":"https:\/\/roveyayinevi.com.tr\/index.php\/urun\/beni-gozunuzde-buyutmeyin\/"},"modified":"2026-04-16T03:14:47","modified_gmt":"2026-04-16T00:14:47","slug":"beni-gozunuzde-buyutmeyin","status":"publish","type":"product","link":"https:\/\/roveyayinevi.com.tr\/index.php\/urun\/beni-gozunuzde-buyutmeyin\/","title":{"rendered":"Beni G\u00f6z\u00fcn\u00fczde B\u00fcy\u00fctmeyin!"},"content":{"rendered":"<p>Mutsuz olmak i\u00e7in milyonlarca sebep bulabilirsiniz: Ekonomi, \u00fclkenin hali, k\u00fcresel \u0131s\u0131nma, gelecek kayg\u0131s\u0131,  iyi d\u00f6nerin art\u0131k \u00e7ok zor bulunmas\u0131\u2026 Ama g\u00fclmek i\u00e7in \u00e7ok sa\u011flam bir sebep var. Hayattay\u0131z. Ve arabesk rap\u2019\u00e7iler \u00f6yle d\u00fc\u015f\u00fcnmese de hayat g\u00fczel ve ya\u015famaya de\u011fer! Bu elinizdeki kitap belki de sizin k\u00fc\u00e7\u00fck \u00e7apl\u0131 ve hesapl\u0131 terapiniz. Kaybetti\u011finizi d\u00fc\u015f\u00fcnd\u00fc\u011f\u00fcn\u00fcz, oysa kanepe minderinin aras\u0131na kaym\u0131\u015f ne\u015feniz. Akl\u0131ma gelenlere kendi kendime g\u00fclece\u011fime, dedim anlatay\u0131m da hep beraber g\u00fclelim. O zaman anlat\u0131yorum\u2026 <\/p>\n","protected":false},"excerpt":{"rendered":"<p>Mutsuz olmak i\u00e7in milyonlarca sebep bulabilirsiniz: Ekonomi, \u00fclkenin hali, k\u00fcresel \u0131s\u0131nma, gelecek kayg\u0131s\u0131, iyi d\u00f6nerin art\u0131k \u00e7ok zor bulunmas\u0131\u2026 Ama g\u00fclmek i\u00e7in \u00e7ok sa\u011flam bir sebep<span class=\"excerpt-hellip\"> [\u2026]<\/span><\/p>\n","protected":false},"featured_media":0,"template":"","meta":{"_monsterinsights_skip_tracking":false,"_monsterinsights_sitenote_active":false,"_monsterinsights_sitenote_note":"","_monsterinsights_sitenote_category":0},"product_brand":[],"product_cat":[12291,14825],"product_tag":[],"class_list":{"0":"post-761273","1":"product","2":"type-product","3":"status-publish","5":"product_cat-edebiyat","6":"product_cat-mizah","7":"pa_cilt-ciltsiz","8":"pa_tur-kitap","9":"pa_yayinevi-dogan-kitap","10":"pa_yazar-gulse-birsel","12":"first","13":"instock","14":"sale","15":"shipping-taxable","16":"purchasable","17":"product-type-simple"},"_links":{"self":[{"href":"https:\/\/roveyayinevi.com.tr\/index.php\/wp-json\/wp\/v2\/product\/761273","targetHints":{"allow":["GET"]}}],"collection":[{"href":"https:\/\/roveyayinevi.com.tr\/index.php\/wp-json\/wp\/v2\/product"}],"about":[{"href":"https:\/\/roveyayinevi.com.tr\/index.php\/wp-json\/wp\/v2\/types\/product"}],"wp:attachment":[{"href":"https:\/\/roveyayinevi.com.tr\/index.php\/wp-json\/wp\/v2\/media?parent=761273"}],"wp:term":[{"taxonomy":"product_brand","embeddable":true,"href":"https:\/\/roveyayinevi.com.tr\/index.php\/wp-json\/wp\/v2\/product_brand?post=761273"},{"taxonomy":"product_cat","embeddable":true,"href":"https:\/\/roveyayinevi.com.tr\/index.php\/wp-json\/wp\/v2\/product_cat?post=761273"},{"taxonomy":"product_tag","embeddable":true,"href":"https:\/\/roveyayinevi.com.tr\/index.php\/wp-json\/wp\/v2\/product_tag?post=761273"}],"curies":[{"name":"wp","href":"https:\/\/api.w.org\/{rel}","templated":true}]}}