{"id":761272,"date":"2025-08-28T09:32:26","date_gmt":"2025-08-28T06:32:26","guid":{"rendered":"https:\/\/roveyayinevi.com.tr\/index.php\/urun\/psikoloji-kitaplari-seti-3-kitap-takim\/"},"modified":"2026-04-16T03:14:47","modified_gmt":"2026-04-16T00:14:47","slug":"psikoloji-kitaplari-seti-3-kitap-takim","status":"publish","type":"product","link":"https:\/\/roveyayinevi.com.tr\/index.php\/urun\/psikoloji-kitaplari-seti-3-kitap-takim\/","title":{"rendered":"Psikoloji Kitaplar\u0131 Seti (3 Kitap Tak\u0131m)"},"content":{"rendered":"<p>Kendinle Sava\u015fma Sanat\u0131, S\u0131\u00e7ray\u0131\u015f, Rezonans KanunuKuantum d\u00fc\u015f\u00fcnce tekni\u011finin temelinde yer alan Rezonans Kanunu\u2019na g\u00f6re sizi isteklerinizi ger\u00e7ekle\u015ftirmekten al\u0131koyan s\u0131n\u0131rlar yaln\u0131zca kalbinizdedir. Pierre Franckh bu kitapta arzular\u0131n\u0131z\u0131 bloke edebilme potansiyeline sahip i\u00e7 ve d\u0131\u015f etkileri nas\u0131l ortadan kald\u0131raca\u011f\u0131n\u0131z\u0131, hedeflerinize dair pozitif bir imgelemeyi nas\u0131l yapaca\u011f\u0131n\u0131z\u0131, nas\u0131l g\u00fc\u00e7l\u00fc rezonans alan\u0131 kuraca\u011f\u0131n\u0131z\u0131, d\u00fc\u015f\u00fcnce g\u00fcc\u00fcn\u00fcz ve hislerinizle hayat\u0131n\u0131zda olmas\u0131n\u0131 istedi\u011finiz de\u011fi\u015fiklikleri nas\u0131l elde edece\u011finizi anlat\u0131yor.Pema Ch\u00f6dr\u00f6n bu kitapta Budist bir \u00f6\u011freti olan shenpa\u2019dan yola \u00e7\u0131karak zihnin belli al\u0131\u015fkanl\u0131klar\u0131n\u0131n ki\u015fiyi nas\u0131l \u2018yakalad\u0131\u011f\u0131n\u0131\u2019 ve k\u0131zg\u0131nl\u0131k, su\u00e7luluk, nefret ve ba\u011f\u0131ml\u0131l\u0131k gibi duygulara y\u00f6neltti\u011fini a\u00e7\u0131kl\u0131yor. Ch\u00f6dr\u00f6n davran\u0131\u015flar\u0131m\u0131za, tepkilerimize ve d\u00fc\u015f\u00fcncelerimize tak\u0131l\u0131 bir \u2018kanca\u2019 oldu\u011funu, bu kanca orada kald\u0131\u011f\u0131 m\u00fcddet\u00e7e kal\u0131plar\u0131m\u0131z\u0131n de\u011fi\u015fmedi\u011fini ve ayn\u0131 hikayenin tekrar tekrar ya\u015fand\u0131\u011f\u0131n\u0131 vurgulayarak bunu tersine \u00e7evirmek i\u00e7in kalbi her saniyedeki sonsuz olas\u0131l\u0131klara a\u00e7man\u0131n \u00f6nemini anlat\u0131yor.Bir filozof ve gen\u00e7 bir adam\u0131n, Freud ve Jung\u2019la birlikte on dokuzuncu y\u00fczy\u0131l\u0131n en \u00f6nemli isimlerinden Avusturyal\u0131 psikoterapist Alfred Adler\u2019in \u00f6n\u00fcn\u00fc a\u00e7t\u0131\u011f\u0131 yolda deneyimledikleri beyin f\u0131rt\u0131nas\u0131, Japonya\u2019da milyonlarca insan\u0131n hayat\u0131n\u0131 de\u011fi\u015ftiren bir fenomene d\u00f6n\u00fc\u015ft\u00fc ve \u015fimdi de size duygular\u0131n\u0131zdan korkmadan ya\u015faman\u0131z, ge\u00e7mi\u015fin zincirlerini k\u0131rarak \u00f6zg\u00fcrle\u015fmeniz ve kendiniz olman\u0131n \u00f6n\u00fcndeki en b\u00fcy\u00fck engele yani kendinize kar\u015f\u0131 sava\u015ftan galip \u00e7\u0131kman\u0131z i\u00e7in gerekli strateji ve felsefeyi sunuyor.<\/p>\n","protected":false},"excerpt":{"rendered":"<p>Kendinle Sava\u015fma Sanat\u0131, S\u0131\u00e7ray\u0131\u015f, Rezonans KanunuKuantum d\u00fc\u015f\u00fcnce tekni\u011finin temelinde yer alan Rezonans Kanunu\u2019na g\u00f6re sizi isteklerinizi ger\u00e7ekle\u015ftirmekten al\u0131koyan s\u0131n\u0131rlar yaln\u0131zca kalbinizdedir. Pierre Franckh bu kitapta arzular\u0131n\u0131z\u0131<span class=\"excerpt-hellip\"> [\u2026]<\/span><\/p>\n","protected":false},"featured_media":0,"template":"","meta":{"_monsterinsights_skip_tracking":false,"_monsterinsights_sitenote_active":false,"_monsterinsights_sitenote_note":"","_monsterinsights_sitenote_category":0},"product_brand":[],"product_cat":[12364,12376],"product_tag":[],"class_list":{"0":"post-761272","1":"product","2":"type-product","3":"status-publish","5":"product_cat-genel-konular","6":"product_cat-kisisel-gelisim","7":"pa_cilt-ciltsiz","8":"pa_tur-kitap","9":"pa_yayinevi-koridor-yayincilik","10":"pa_yazar-ichiko-kishime-pema-chodron-pierre-franckh","12":"first","13":"instock","14":"sale","15":"shipping-taxable","16":"purchasable","17":"product-type-simple"},"_links":{"self":[{"href":"https:\/\/roveyayinevi.com.tr\/index.php\/wp-json\/wp\/v2\/product\/761272","targetHints":{"allow":["GET"]}}],"collection":[{"href":"https:\/\/roveyayinevi.com.tr\/index.php\/wp-json\/wp\/v2\/product"}],"about":[{"href":"https:\/\/roveyayinevi.com.tr\/index.php\/wp-json\/wp\/v2\/types\/product"}],"wp:attachment":[{"href":"https:\/\/roveyayinevi.com.tr\/index.php\/wp-json\/wp\/v2\/media?parent=761272"}],"wp:term":[{"taxonomy":"product_brand","embeddable":true,"href":"https:\/\/roveyayinevi.com.tr\/index.php\/wp-json\/wp\/v2\/product_brand?post=761272"},{"taxonomy":"product_cat","embeddable":true,"href":"https:\/\/roveyayinevi.com.tr\/index.php\/wp-json\/wp\/v2\/product_cat?post=761272"},{"taxonomy":"product_tag","embeddable":true,"href":"https:\/\/roveyayinevi.com.tr\/index.php\/wp-json\/wp\/v2\/product_tag?post=761272"}],"curies":[{"name":"wp","href":"https:\/\/api.w.org\/{rel}","templated":true}]}}