{"id":761270,"date":"2025-08-28T09:32:22","date_gmt":"2025-08-28T06:32:22","guid":{"rendered":"https:\/\/roveyayinevi.com.tr\/index.php\/urun\/horoscope\/"},"modified":"2026-04-16T03:14:47","modified_gmt":"2026-04-16T00:14:47","slug":"horoscope","status":"publish","type":"product","link":"https:\/\/roveyayinevi.com.tr\/index.php\/urun\/horoscope\/","title":{"rendered":"Horoscope"},"content":{"rendered":"<p>Merve Dedeo\u011flu\u2019nun \u201cHoroscope\u201d isimli piyano alb\u00fcm\u00fc 2003 y\u0131l\u0131nda bestelenmi\u015ftir. Eserin her bir b\u00f6l\u00fcm\u00fc bir bur\u00e7 karakterini anlatmaya y\u00f6nelik olarak tasarlanm\u0131\u015ft\u0131r. \u201cY\u0131ld\u0131z Haritas\u0131\u201d anlam\u0131na gelen Horoscope\u2019ta besteci her bir burcu ayr\u0131 ayr\u0131 ele alarak betimlemi\u015ftir. Enerjik, duyarl\u0131, i\u00e7e d\u00f6n\u00fck, hassas ya da g\u00f6steri\u015fli gibi karakteristik \u00f6\u011feler, b\u00f6l\u00fcmleri tasarlarken besteci taraf\u0131ndan derinlemesine d\u00fc\u015f\u00fcn\u00fclm\u00fc\u015ft\u00fcr.   S\u0131k\u0131 12 ton tekni\u011fi ile yaz\u0131lan bu eserlerde, orijinal dizi ilk \u00f6nce bestelenen \u201cLeo\u201d b\u00f6l\u00fcm\u00fcnde kendini g\u00f6stermektedir. Bestecinin s\u0131k\u0131 12 ton tekni\u011finden \u00f6d\u00fcn vermeyen yaz\u0131 stili, \u201cHoroscope\u201d daki b\u00fct\u00fcnl\u00fck duygusunu kuvvetlendirmektedir. Alb\u00fcmdeki eserlerin s\u0131ras\u0131ndan da anla\u015f\u0131laca\u011f\u0131 gibi bur\u00e7lar astrolojideki s\u0131ras\u0131na g\u00f6re de\u011fil, \u00e7ok daha \u00f6znel bir s\u0131rayla ele al\u0131narak \u00e7al\u0131\u015f\u0131lm\u0131\u015ft\u0131r. Onur \u00d6zmen * * * \u201cHoroscope\u201d piyano alb\u00fcm\u00fcn\u00fcn tamam\u0131, 22 Kas\u0131m 2004 tarihinde Dokuz Eyl\u00fcl \u00dcniversitesi Devlet Konservatuvar\u0131 Kompozisyon ve Orkestra \u015eefli\u011fi Ana Sanat Dal\u0131 Konserinde Ece \u00d6zdeniz taraf\u0131ndan seslendirilmi\u015ftir. <\/p>\n","protected":false},"excerpt":{"rendered":"<p>Merve Dedeo\u011flu\u2019nun \u201cHoroscope\u201d isimli piyano alb\u00fcm\u00fc 2003 y\u0131l\u0131nda bestelenmi\u015ftir. Eserin her bir b\u00f6l\u00fcm\u00fc bir bur\u00e7 karakterini anlatmaya y\u00f6nelik olarak tasarlanm\u0131\u015ft\u0131r. \u201cY\u0131ld\u0131z Haritas\u0131\u201d anlam\u0131na gelen Horoscope\u2019ta besteci<span class=\"excerpt-hellip\"> [\u2026]<\/span><\/p>\n","protected":false},"featured_media":0,"template":"","meta":{"_monsterinsights_skip_tracking":false,"_monsterinsights_sitenote_active":false,"_monsterinsights_sitenote_note":"","_monsterinsights_sitenote_category":0},"product_brand":[],"product_cat":[14556],"product_tag":[],"class_list":{"0":"post-761270","1":"product","2":"type-product","3":"status-publish","5":"product_cat-muzik","6":"pa_cilt-ciltsiz","7":"pa_tur-kitap","8":"pa_yayinevi-muzik-egitimi-yayinlari","9":"pa_yazar-merve-dedeoglu","11":"first","12":"instock","13":"sale","14":"shipping-taxable","15":"purchasable","16":"product-type-simple"},"_links":{"self":[{"href":"https:\/\/roveyayinevi.com.tr\/index.php\/wp-json\/wp\/v2\/product\/761270","targetHints":{"allow":["GET"]}}],"collection":[{"href":"https:\/\/roveyayinevi.com.tr\/index.php\/wp-json\/wp\/v2\/product"}],"about":[{"href":"https:\/\/roveyayinevi.com.tr\/index.php\/wp-json\/wp\/v2\/types\/product"}],"wp:attachment":[{"href":"https:\/\/roveyayinevi.com.tr\/index.php\/wp-json\/wp\/v2\/media?parent=761270"}],"wp:term":[{"taxonomy":"product_brand","embeddable":true,"href":"https:\/\/roveyayinevi.com.tr\/index.php\/wp-json\/wp\/v2\/product_brand?post=761270"},{"taxonomy":"product_cat","embeddable":true,"href":"https:\/\/roveyayinevi.com.tr\/index.php\/wp-json\/wp\/v2\/product_cat?post=761270"},{"taxonomy":"product_tag","embeddable":true,"href":"https:\/\/roveyayinevi.com.tr\/index.php\/wp-json\/wp\/v2\/product_tag?post=761270"}],"curies":[{"name":"wp","href":"https:\/\/api.w.org\/{rel}","templated":true}]}}