{"id":761267,"date":"2025-08-28T09:32:18","date_gmt":"2025-08-28T06:32:18","guid":{"rendered":"https:\/\/roveyayinevi.com.tr\/index.php\/urun\/turk-kirmizisi-ciltli\/"},"modified":"2026-04-16T03:14:47","modified_gmt":"2026-04-16T00:14:47","slug":"turk-kirmizisi-ciltli","status":"publish","type":"product","link":"https:\/\/roveyayinevi.com.tr\/index.php\/urun\/turk-kirmizisi-ciltli\/","title":{"rendered":"T\u00fcrk K\u0131rm\u0131z\u0131s\u0131 (Ciltli)"},"content":{"rendered":"<p>\u201cT\u00fcrk K\u0131rm\u0131z\u0131s\u0131, \u0130slam Teknolojisinin bir zaferiydi.\u201dA.Travis \u201cT\u00fcrk K\u0131rm\u0131z\u0131s\u0131 b\u00fct\u00fcn d\u00fcnyay\u0131 ele ge\u00e7irdi. T\u00fcrk K\u0131rm\u0131z\u0131s\u0131 19. y\u00fczy\u0131l\u0131n yar\u0131lar\u0131nda radikal de\u011fi\u015fikliklere sahne olan b\u00fcy\u00fck kimyasal ara\u015ft\u0131rmalar\u0131n\u0131n da kayna\u011f\u0131. T\u00fcrk K\u0131rm\u0131z\u0131s\u0131 her zaman g\u00f6r\u00fcp g\u00f6rebilece\u011fimiz en iyi macera olarak kalacakt\u0131r; k\u00fc\u00e7\u00fck bir pamu\u011fun d\u00fcnyay\u0131 ele ge\u00e7irme maceras\u0131d\u0131r bu.\u201d J. Jacqua\u201cYa\u015fl\u0131 \u0130ngiltere, ordusunda ve avc\u0131lar\u0131na parlak T\u00fcrk K\u0131rm\u0131z\u0131s\u0131 giydirerek ince zevkini kan\u0131tlam\u0131\u015ft\u0131.\u2019\u2019F. Keller\u201cT\u00fcrk K\u0131rm\u0131z\u0131s\u0131 \u00fcn\u00fcn\u00fc ona t\u00fcm evrenin hayranl\u0131k ve g\u00fcven duydu\u011fu, gurur ve k\u0131skan\u00e7l\u0131kla saklanan s\u0131rr\u0131na bor\u00e7lu.\u201dJ.B. Vitalis\u201c19. y\u00fczy\u0131l boyunca kovboylar t\u00fcccarlardan T\u00fcrk K\u0131rm\u0131z\u0131s\u0131 kuma\u015ftan sat\u0131n al\u0131p, gururla boynuna ba\u011flad\u0131. Bu cesur bandanalar daha sonra bat\u0131 romanlar\u0131na konu olup yayg\u0131nla\u015ft\u0131. Roman kapaklar\u0131nda kovboy k\u0131yafetlerini simgeleyen T\u00fcrk K\u0131rm\u0131z\u0131s\u0131 ikonlar ayn\u0131 zamanda vah\u015fi bat\u0131 g\u00f6sterilerinin afi\u015flerini s\u00fcslemekteydi.\u201dD. Reeves\u201cAvrupa\u2019da pamuk bask\u0131 end\u00fcstrisinin geli\u015fmesi sadece \u00fcretim a\u015famalar\u0131 bilgisiyle olmam\u0131\u015ft\u0131. Mordan ve yeni boyalarla, \u00f6zellikle iki temel renk olan T\u00fcrk K\u0131rm\u0131z\u0131s\u0131 ve indigo mavisi ile olan denemelerin de bu geli\u015fime katk\u0131s\u0131 olmu\u015ftu.\u201dG.B. Souza\u201cT\u00fcrk K\u0131rm\u0131z\u0131s\u0131 form\u00fcl\u00fc o kadar b\u00fcy\u00fck \u00f6neme sahiptir ki; bu d\u00f6rt ortak, d\u00f6rt farkl\u0131 anahtar\u0131n ayn\u0131 anda a\u00e7\u0131labildi\u011fi bir kasa yapt\u0131r\u0131rlar ve form\u00fcl\u00fc bu \u00f6zel kasada muhafaza ederler. Rouen \u015fehrinde kurulan fabrikalarda y\u00fczlerce i\u015f\u00e7i \u00e7al\u0131\u015f\u0131r ama i\u015f\u00e7iler s\u0131n\u0131flara ayr\u0131lm\u0131\u015ft\u0131r ve h\u00fccre \u00f6rg\u00fctlenmesi ile birbirlerinden habersiz \u00e7al\u0131\u015f\u0131rlar. 10 y\u0131l boyunca, 5 Nisan 1756 y\u0131l\u0131na kadar bu gizli \u00e7al\u0131\u015fma devam eder ve ortaklar b\u00fcy\u00fck servet edinirler.\u201dL. Peynal<\/p>\n","protected":false},"excerpt":{"rendered":"<p>\u201cT\u00fcrk K\u0131rm\u0131z\u0131s\u0131, \u0130slam Teknolojisinin bir zaferiydi.\u201dA.Travis \u201cT\u00fcrk K\u0131rm\u0131z\u0131s\u0131 b\u00fct\u00fcn d\u00fcnyay\u0131 ele ge\u00e7irdi. T\u00fcrk K\u0131rm\u0131z\u0131s\u0131 19. y\u00fczy\u0131l\u0131n yar\u0131lar\u0131nda radikal de\u011fi\u015fikliklere sahne olan b\u00fcy\u00fck kimyasal ara\u015ft\u0131rmalar\u0131n\u0131n da kayna\u011f\u0131.<span class=\"excerpt-hellip\"> [\u2026]<\/span><\/p>\n","protected":false},"featured_media":0,"template":"","meta":{"_monsterinsights_skip_tracking":false,"_monsterinsights_sitenote_active":false,"_monsterinsights_sitenote_note":"","_monsterinsights_sitenote_category":0},"product_brand":[],"product_cat":[12408],"product_tag":[],"class_list":{"0":"post-761267","1":"product","2":"type-product","3":"status-publish","5":"product_cat-sanat","6":"pa_cilt-ciltli","7":"pa_tur-kitap","8":"pa_yayinevi-otuken-nesriyat","9":"pa_yazar-turan-sahin","11":"first","12":"instock","13":"sale","14":"shipping-taxable","15":"purchasable","16":"product-type-simple"},"_links":{"self":[{"href":"https:\/\/roveyayinevi.com.tr\/index.php\/wp-json\/wp\/v2\/product\/761267","targetHints":{"allow":["GET"]}}],"collection":[{"href":"https:\/\/roveyayinevi.com.tr\/index.php\/wp-json\/wp\/v2\/product"}],"about":[{"href":"https:\/\/roveyayinevi.com.tr\/index.php\/wp-json\/wp\/v2\/types\/product"}],"wp:attachment":[{"href":"https:\/\/roveyayinevi.com.tr\/index.php\/wp-json\/wp\/v2\/media?parent=761267"}],"wp:term":[{"taxonomy":"product_brand","embeddable":true,"href":"https:\/\/roveyayinevi.com.tr\/index.php\/wp-json\/wp\/v2\/product_brand?post=761267"},{"taxonomy":"product_cat","embeddable":true,"href":"https:\/\/roveyayinevi.com.tr\/index.php\/wp-json\/wp\/v2\/product_cat?post=761267"},{"taxonomy":"product_tag","embeddable":true,"href":"https:\/\/roveyayinevi.com.tr\/index.php\/wp-json\/wp\/v2\/product_tag?post=761267"}],"curies":[{"name":"wp","href":"https:\/\/api.w.org\/{rel}","templated":true}]}}