{"id":761265,"date":"2025-08-28T09:32:16","date_gmt":"2025-08-28T06:32:16","guid":{"rendered":"https:\/\/roveyayinevi.com.tr\/index.php\/urun\/ateist-kardeslerim-icin\/"},"modified":"2026-04-16T03:14:47","modified_gmt":"2026-04-16T00:14:47","slug":"ateist-kardeslerim-icin","status":"publish","type":"product","link":"https:\/\/roveyayinevi.com.tr\/index.php\/urun\/ateist-kardeslerim-icin\/","title":{"rendered":"Ateist Karde\u015flerim \u0130\u00e7in"},"content":{"rendered":"<p>Ad\u0131 Konulmam\u0131\u015f \u00dc\u00e7 Beladan Kurtulmak \u0130\u00e7in 1- Milliyet\u00e7ilik, insanl\u0131\u011f\u0131 vah\u015fetten ve \u0131s\u0131r\u0131c\u0131 bencillikten kurtaran ilk ad\u0131md\u0131r. Fakat gel g\u00f6r ki; katliamlara, bask\u0131lara, zul\u00fcmlere, nefrete ve b\u00f6l\u00fcnmelere sebep oluyor. Nitekim \u0130stiklal, azalma ve k\u00fc\u00e7\u00fclme demektir. Evet, art\u0131k T\u00fcrk ve K\u00fcrt kan\u0131 d\u00f6k\u00fclmesin; elli bin T\u00fcrk askeri ve y\u00fcz bin K\u00fcrt genci anlams\u0131z bir \u015fekilde \u00f6lmesin; Devlet K\u00fcrt k\u00fclt\u00fcr\u00fcne \u00f6zg\u00fcrl\u00fckler verip, sava\u015f yerine bu sorunu ba\u015fka \u015fekillerde \u00e7\u00f6zmeye \u00e7al\u0131\u015fs\u0131n, dedi\u011fim i\u00e7in bana edilmedik hakaret b\u0131rakmad\u0131lar. 2- Dinler \u00f6zellikle semavi denilen dinler, insanl\u0131\u011f\u0131 ba\u015fta hukuk olmak \u00fczere soyut de\u011ferlerde sonsuza dek geli\u015ftiren temel bir fakt\u00f6r iken, insanlar avam oldu\u011fundan somut alg\u0131 soyutu yenince dinler, gericilik i\u015fareti olan putperestli\u011fe d\u00f6n\u00fc\u015ft\u00fcler. Nitekim bug\u00fcnk\u00fc haliyle dinlerin hukuk, varl\u0131k ve Allah alg\u0131s\u0131, s\u0131n\u0131rl\u0131 ve literal \u015fekillerden ibarettir. Bilim ehline \u00f6zellikle fen ehline art\u0131k hitap etmiyor. \u00c7\u00fcnk\u00fc insan t\u00fcr\u00fcn\u00fcn m\u00fc\u015fterek akl\u0131 olan fen bilimlerini d\u0131\u015fl\u0131yorlar. Evet b\u00f6yle s\u0131n\u0131rl\u0131-somut-literal bir dil ile anlat\u0131ld\u0131klar\u0131 i\u00e7in bu as\u0131rda dinler g\u00fcven ve ahlaka d\u00f6n\u00fc\u015fm\u00fcyor. 3- Bilimler \u00f6zellikle fen bilimleri varl\u0131\u011f\u0131 ve hayat\u0131 ayd\u0131nlat\u0131p insana alt\u0131n bir \u00e7a\u011f ya\u015fataca\u011f\u0131na anlams\u0131zl\u0131k y\u00fcz\u00fcnden, karanl\u0131\u011fa kaynak ve insan psikolojisini ve ekolojiyi zehirleyen birer toksin oldular. \u00c7\u00fcnk\u00fc materyalize oldular. Ve soyut, sonsuz, do\u011fal de\u011ferleri inkara kalk\u0131\u015ft\u0131lar. \u0130\u015fte bu karde\u015finiz, bu ad\u0131 konulmam\u0131\u015f \u00fc\u00e7 beladan kurtulmak \u00fczere 500 makale yazd\u0131. Bunlar\u0131 38 kitap haline getirdi. Ge\u00e7en hafta da (19 Mart, 2024) di\u011fer haftalarda yay\u0131nlad\u0131\u011f\u0131m gibi Whatsapp&#8217;ta ve Mailde \u00fc\u00e7 k\u0131sa not yay\u0131nlad\u0131m. Fakat varl\u0131\u011f\u0131n anlaml\u0131 bir yaz\u0131l\u0131m oldu\u011fu noktas\u0131 tam a\u00e7\u0131klanmad\u0131. \u015eimdi b\u00fct\u00fcn o mesajlarla beraber, bu hacimli kitab\u0131 da siz de\u011ferli dostlar\u0131ma g\u00f6nderiyorum. Ki varl\u0131\u011f\u0131n sonsuz enerji, yaz\u0131l\u0131m ve evrimden (eski deyimle kudret, ilim ve iradeden) ibaret oldu\u011fu bilinsin, \u0130nsanl\u0131\u011f\u0131n Kurtulu\u015fu bir nebze tahakkuk etsin. <\/p>\n","protected":false},"excerpt":{"rendered":"<p>Ad\u0131 Konulmam\u0131\u015f \u00dc\u00e7 Beladan Kurtulmak \u0130\u00e7in 1- Milliyet\u00e7ilik, insanl\u0131\u011f\u0131 vah\u015fetten ve \u0131s\u0131r\u0131c\u0131 bencillikten kurtaran ilk ad\u0131md\u0131r. Fakat gel g\u00f6r ki; katliamlara, bask\u0131lara, zul\u00fcmlere, nefrete ve b\u00f6l\u00fcnmelere<span class=\"excerpt-hellip\"> [\u2026]<\/span><\/p>\n","protected":false},"featured_media":0,"template":"","meta":{"_monsterinsights_skip_tracking":false,"_monsterinsights_sitenote_active":false,"_monsterinsights_sitenote_note":"","_monsterinsights_sitenote_category":0},"product_brand":[],"product_cat":[12718],"product_tag":[],"class_list":{"0":"post-761265","1":"product","2":"type-product","3":"status-publish","5":"product_cat-din","6":"pa_cilt-ciltsiz","7":"pa_tur-kitap","8":"pa_yayinevi-gulnar-yayinlari","9":"pa_yazar-bahaeddin-saglam","11":"first","12":"instock","13":"sale","14":"shipping-taxable","15":"purchasable","16":"product-type-simple"},"_links":{"self":[{"href":"https:\/\/roveyayinevi.com.tr\/index.php\/wp-json\/wp\/v2\/product\/761265","targetHints":{"allow":["GET"]}}],"collection":[{"href":"https:\/\/roveyayinevi.com.tr\/index.php\/wp-json\/wp\/v2\/product"}],"about":[{"href":"https:\/\/roveyayinevi.com.tr\/index.php\/wp-json\/wp\/v2\/types\/product"}],"wp:attachment":[{"href":"https:\/\/roveyayinevi.com.tr\/index.php\/wp-json\/wp\/v2\/media?parent=761265"}],"wp:term":[{"taxonomy":"product_brand","embeddable":true,"href":"https:\/\/roveyayinevi.com.tr\/index.php\/wp-json\/wp\/v2\/product_brand?post=761265"},{"taxonomy":"product_cat","embeddable":true,"href":"https:\/\/roveyayinevi.com.tr\/index.php\/wp-json\/wp\/v2\/product_cat?post=761265"},{"taxonomy":"product_tag","embeddable":true,"href":"https:\/\/roveyayinevi.com.tr\/index.php\/wp-json\/wp\/v2\/product_tag?post=761265"}],"curies":[{"name":"wp","href":"https:\/\/api.w.org\/{rel}","templated":true}]}}