{"id":761264,"date":"2025-08-28T09:32:13","date_gmt":"2025-08-28T06:32:13","guid":{"rendered":"https:\/\/roveyayinevi.com.tr\/index.php\/urun\/rubailer-5\/"},"modified":"2026-04-16T03:14:47","modified_gmt":"2026-04-16T00:14:47","slug":"rubailer-5","status":"publish","type":"product","link":"https:\/\/roveyayinevi.com.tr\/index.php\/urun\/rubailer-5\/","title":{"rendered":"Rubailer"},"content":{"rendered":"<p>\u201cGel \u00fcz\u00fcnt\u00fcy\u00fc \u00e7ekmeyelim, yar\u0131n\u0131n yas\u0131n\u0131 F\u0131rsat bu diyelim biz hayat\u0131n an\u0131lar\u0131n\u0131 Yar\u0131n bir g\u00f6\u00e7t\u00fck m\u00fc, k\u00f6hne d\u00fcnyadan Buluruz bin y\u0131l \u00f6nce g\u00f6\u00e7 eden yolcular\u0131.\u201d Bu d\u00f6rtl\u00fckler, \u00d6mer Hayyam&#8217;\u0131n derin d\u00fc\u015f\u00fcncelerini nas\u0131l incelikle i\u015fledi\u011fini g\u00f6sterir bizlere. Hayyam, ya\u015fam\u0131n ac\u0131 tatl\u0131 anlar\u0131n\u0131 kendine has \u00fcslubuyla yeniden yorumlar. Rubailer sadece bir \u201c\u015fiir kitab\u0131\u201d de\u011fil; bir ya\u015fam rehberi, bir felsefi manifesto ve bir ruhani yol haritas\u0131d\u0131r. \u00d6mer Hayyam&#8217;\u0131n bazen felsefi bazen mizahi yakla\u015f\u0131m\u0131 ve estetik anlat\u0131m\u0131yla dolu bu eser, okuyucular\u0131n ruhunu besleyecek, onlar\u0131 d\u00fc\u015f\u00fcnd\u00fcrecek ve okurlara ilham verecek. Rubailer\u2019in her bir d\u00f6rtl\u00fc\u011f\u00fc, ya\u015fam\u0131n anlam\u0131n\u0131 sorgulayan, insan\u0131n varolu\u015fsal durumu \u00fczerine d\u00fc\u015f\u00fcnen ve i\u00e7sel huzurun pe\u015finde ko\u015fanlar\u0131n yolunu ayd\u0131nlat\u0131yor. <\/p>\n","protected":false},"excerpt":{"rendered":"<p>\u201cGel \u00fcz\u00fcnt\u00fcy\u00fc \u00e7ekmeyelim, yar\u0131n\u0131n yas\u0131n\u0131 F\u0131rsat bu diyelim biz hayat\u0131n an\u0131lar\u0131n\u0131 Yar\u0131n bir g\u00f6\u00e7t\u00fck m\u00fc, k\u00f6hne d\u00fcnyadan Buluruz bin y\u0131l \u00f6nce g\u00f6\u00e7 eden yolcular\u0131.\u201d Bu d\u00f6rtl\u00fckler,<span class=\"excerpt-hellip\"> [\u2026]<\/span><\/p>\n","protected":false},"featured_media":0,"template":"","meta":{"_monsterinsights_skip_tracking":false,"_monsterinsights_sitenote_active":false,"_monsterinsights_sitenote_note":"","_monsterinsights_sitenote_category":0},"product_brand":[],"product_cat":[12291,12509],"product_tag":[],"class_list":{"0":"post-761264","1":"product","2":"type-product","3":"status-publish","5":"product_cat-edebiyat","6":"product_cat-siir","7":"pa_cilt-ciltsiz","8":"pa_tur-kitap","9":"pa_yayinevi-kirmizi-ada-yayinlari","10":"pa_yazar-omer-hayyam","12":"first","13":"instock","14":"sale","15":"shipping-taxable","16":"purchasable","17":"product-type-simple"},"_links":{"self":[{"href":"https:\/\/roveyayinevi.com.tr\/index.php\/wp-json\/wp\/v2\/product\/761264","targetHints":{"allow":["GET"]}}],"collection":[{"href":"https:\/\/roveyayinevi.com.tr\/index.php\/wp-json\/wp\/v2\/product"}],"about":[{"href":"https:\/\/roveyayinevi.com.tr\/index.php\/wp-json\/wp\/v2\/types\/product"}],"wp:attachment":[{"href":"https:\/\/roveyayinevi.com.tr\/index.php\/wp-json\/wp\/v2\/media?parent=761264"}],"wp:term":[{"taxonomy":"product_brand","embeddable":true,"href":"https:\/\/roveyayinevi.com.tr\/index.php\/wp-json\/wp\/v2\/product_brand?post=761264"},{"taxonomy":"product_cat","embeddable":true,"href":"https:\/\/roveyayinevi.com.tr\/index.php\/wp-json\/wp\/v2\/product_cat?post=761264"},{"taxonomy":"product_tag","embeddable":true,"href":"https:\/\/roveyayinevi.com.tr\/index.php\/wp-json\/wp\/v2\/product_tag?post=761264"}],"curies":[{"name":"wp","href":"https:\/\/api.w.org\/{rel}","templated":true}]}}