{"id":761263,"date":"2025-08-28T09:32:11","date_gmt":"2025-08-28T06:32:11","guid":{"rendered":"https:\/\/roveyayinevi.com.tr\/index.php\/urun\/romeo-ve-juliet-11\/"},"modified":"2026-04-16T03:14:47","modified_gmt":"2026-04-16T00:14:47","slug":"romeo-ve-juliet-11","status":"publish","type":"product","link":"https:\/\/roveyayinevi.com.tr\/index.php\/urun\/romeo-ve-juliet-11\/","title":{"rendered":"Romeo ve Juliet"},"content":{"rendered":"<p>Verona&#8217;n\u0131n kaderine yaz\u0131lm\u0131\u015f a\u015fk\u0131, Romeo ve Juliet&#8217;in trajik hik\u00e2yesi, aileler aras\u0131ndaki kan davas\u0131n\u0131n g\u00f6lgesinde ye\u015ferir. William Shakespeare&#8217;in kaleminden \u00e7\u0131kan bu \u00f6l\u00fcms\u00fcz eser, a\u015fk\u0131n ve nefretin en \u00e7arp\u0131c\u0131 haliyle anlat\u0131ld\u0131\u011f\u0131 bir ba\u015fyap\u0131tt\u0131r. Capulet ve Montague aileleri aras\u0131ndaki derin d\u00fc\u015fmanl\u0131k, iki gen\u00e7 sevgilinin tutkulu a\u015fklar\u0131n\u0131 karanl\u0131k bir sona s\u00fcr\u00fcklerken, Verona \u015fehri bu h\u00fcz\u00fcnl\u00fc a\u015fk masal\u0131n\u0131n tan\u0131\u011f\u0131 olur. Romeo ve Juliet&#8217;in hik\u00e2yesi, y\u00fczy\u0131llar boyunca a\u015fk\u0131n ad\u0131n\u0131 f\u0131s\u0131ldar. Ailelerin d\u00fc\u015fmanl\u0131\u011f\u0131na meydan okuyan bu iki gen\u00e7, kaderin a\u011flar\u0131nda s\u0131k\u0131\u015f\u0131p kalm\u0131\u015f, birbirlerine duyduklar\u0131 derin sevgiyle d\u00fcnyaya meydan okurlar. Shakespeare&#8217;in zarif dili ve derinlemesine karakter analizi, Romeo ve Juliet&#8217;i sadece bir a\u015fk hik\u00e2yesi olmaktan \u00e7\u0131kar\u0131p, insan do\u011fas\u0131n\u0131n en temel duygular\u0131n\u0131 sorgulatan bir esere d\u00f6n\u00fc\u015ft\u00fcr\u00fcr. K\u0131rm\u0131z\u0131 Ada Yay\u0131nlar\u0131 olarak bu \u00f6zel eseri sizlerle bulu\u015fturmaktan b\u00fcy\u00fck mutluluk duyuyoruz. <\/p>\n","protected":false},"excerpt":{"rendered":"<p>Verona&#8217;n\u0131n kaderine yaz\u0131lm\u0131\u015f a\u015fk\u0131, Romeo ve Juliet&#8217;in trajik hik\u00e2yesi, aileler aras\u0131ndaki kan davas\u0131n\u0131n g\u00f6lgesinde ye\u015ferir. William Shakespeare&#8217;in kaleminden \u00e7\u0131kan bu \u00f6l\u00fcms\u00fcz eser, a\u015fk\u0131n ve nefretin en<span class=\"excerpt-hellip\"> [\u2026]<\/span><\/p>\n","protected":false},"featured_media":0,"template":"","meta":{"_monsterinsights_skip_tracking":false,"_monsterinsights_sitenote_active":false,"_monsterinsights_sitenote_note":"","_monsterinsights_sitenote_category":0},"product_brand":[],"product_cat":[12291,14272],"product_tag":[],"class_list":{"0":"post-761263","1":"product","2":"type-product","3":"status-publish","5":"product_cat-edebiyat","6":"product_cat-tiyatro","7":"pa_cilt-ciltsiz","8":"pa_tur-kitap","9":"pa_yayinevi-kirmizi-ada-yayinlari","10":"pa_yazar-william-shakespeare","12":"first","13":"instock","14":"sale","15":"shipping-taxable","16":"purchasable","17":"product-type-simple"},"_links":{"self":[{"href":"https:\/\/roveyayinevi.com.tr\/index.php\/wp-json\/wp\/v2\/product\/761263","targetHints":{"allow":["GET"]}}],"collection":[{"href":"https:\/\/roveyayinevi.com.tr\/index.php\/wp-json\/wp\/v2\/product"}],"about":[{"href":"https:\/\/roveyayinevi.com.tr\/index.php\/wp-json\/wp\/v2\/types\/product"}],"wp:attachment":[{"href":"https:\/\/roveyayinevi.com.tr\/index.php\/wp-json\/wp\/v2\/media?parent=761263"}],"wp:term":[{"taxonomy":"product_brand","embeddable":true,"href":"https:\/\/roveyayinevi.com.tr\/index.php\/wp-json\/wp\/v2\/product_brand?post=761263"},{"taxonomy":"product_cat","embeddable":true,"href":"https:\/\/roveyayinevi.com.tr\/index.php\/wp-json\/wp\/v2\/product_cat?post=761263"},{"taxonomy":"product_tag","embeddable":true,"href":"https:\/\/roveyayinevi.com.tr\/index.php\/wp-json\/wp\/v2\/product_tag?post=761263"}],"curies":[{"name":"wp","href":"https:\/\/api.w.org\/{rel}","templated":true}]}}