{"id":761262,"date":"2025-08-28T09:32:09","date_gmt":"2025-08-28T06:32:09","guid":{"rendered":"https:\/\/roveyayinevi.com.tr\/index.php\/urun\/macbeth-9\/"},"modified":"2026-04-16T03:14:47","modified_gmt":"2026-04-16T00:14:47","slug":"macbeth-9","status":"publish","type":"product","link":"https:\/\/roveyayinevi.com.tr\/index.php\/urun\/macbeth-9\/","title":{"rendered":"Macbeth"},"content":{"rendered":"<p>William Shakespeare&#8217;in en karanl\u0131k ve etkileyici eserlerinden biri olan &#8220;Macbeth&#8221;, iktidar h\u0131rs\u0131n\u0131n insan ruhunu nas\u0131l zehirleyebilece\u011fini dramatik bir \u015fekilde i\u015fler. \u0130sko\u00e7ya&#8217;n\u0131n sert ve kasvetli manzaralar\u0131nda ge\u00e7en bu trajedi, Macbeth ve e\u015fi Lady Macbeth&#8217;in kral olma arzular\u0131n\u0131n nas\u0131l yozla\u015fmaya ve sonunda kendi y\u0131k\u0131mlar\u0131na yol a\u00e7t\u0131\u011f\u0131n\u0131 anlat\u0131r. \u00dc\u00e7 cad\u0131n\u0131n kehanetiyle ba\u015flayan hik\u00e2ye, Macbeth&#8217;in taht\u0131 ele ge\u00e7irme \u00e7abas\u0131yla giderek karanl\u0131k bir yola sapmas\u0131n\u0131 ve bu yolda i\u015fledi\u011fi cinayetleri konu al\u0131r. Shakespeare, &#8220;Macbeth&#8221;te iktidar\u0131n karanl\u0131k y\u00fcz\u00fcn\u00fc, su\u00e7luluk psikolojisini ve insan\u0131n kendi kaderini \u015fekillendirme \u00e7abalar\u0131n\u0131 ustal\u0131kla sahneye ta\u015f\u0131r. Oyun, cesaret, ihanet, delilik ve \u00f6l\u00fcm gibi evrensel temalar\u0131 i\u00e7 i\u00e7e ge\u00e7irirken, dilin b\u00fcy\u00fcleyici g\u00fcc\u00fcyle okurlar\u0131 ve seyircileri derinden etkiler. &#8220;Macbeth&#8221;, sadece bir iktidar m\u00fccadelesi de\u011fil, ayn\u0131 zamanda ahlaki \u00e7\u00f6k\u00fc\u015f\u00fcn ve insan do\u011fas\u0131n\u0131n karanl\u0131k y\u00f6nlerinin trajik bir resmidir. Bu eser, Shakespeare&#8217;in anlat\u0131 ustal\u0131\u011f\u0131n\u0131n ve karakter yaratma becerisinin doruk noktas\u0131n\u0131 temsil eder ve edebiyat\u0131n en b\u00fcy\u00fck trajedilerinden biri olarak kabul edilir. Bu kapsaml\u0131 ve derinlemesine hik\u00e2ye, zaman ve mek\u00e2n\u0131 a\u015farak, bug\u00fcn bile t\u00fcm d\u00fcnya sahnelerinde hayat bulmaya devam ediyor.<\/p>\n","protected":false},"excerpt":{"rendered":"<p>William Shakespeare&#8217;in en karanl\u0131k ve etkileyici eserlerinden biri olan &#8220;Macbeth&#8221;, iktidar h\u0131rs\u0131n\u0131n insan ruhunu nas\u0131l zehirleyebilece\u011fini dramatik bir \u015fekilde i\u015fler. \u0130sko\u00e7ya&#8217;n\u0131n sert ve kasvetli manzaralar\u0131nda ge\u00e7en<span class=\"excerpt-hellip\"> [\u2026]<\/span><\/p>\n","protected":false},"featured_media":0,"template":"","meta":{"_monsterinsights_skip_tracking":false,"_monsterinsights_sitenote_active":false,"_monsterinsights_sitenote_note":"","_monsterinsights_sitenote_category":0},"product_brand":[],"product_cat":[12291,14272],"product_tag":[],"class_list":{"0":"post-761262","1":"product","2":"type-product","3":"status-publish","5":"product_cat-edebiyat","6":"product_cat-tiyatro","7":"pa_cilt-ciltsiz","8":"pa_tur-kitap","9":"pa_yayinevi-kirmizi-ada-yayinlari","10":"pa_yazar-william-shakespeare","12":"first","13":"instock","14":"sale","15":"shipping-taxable","16":"purchasable","17":"product-type-simple"},"_links":{"self":[{"href":"https:\/\/roveyayinevi.com.tr\/index.php\/wp-json\/wp\/v2\/product\/761262","targetHints":{"allow":["GET"]}}],"collection":[{"href":"https:\/\/roveyayinevi.com.tr\/index.php\/wp-json\/wp\/v2\/product"}],"about":[{"href":"https:\/\/roveyayinevi.com.tr\/index.php\/wp-json\/wp\/v2\/types\/product"}],"wp:attachment":[{"href":"https:\/\/roveyayinevi.com.tr\/index.php\/wp-json\/wp\/v2\/media?parent=761262"}],"wp:term":[{"taxonomy":"product_brand","embeddable":true,"href":"https:\/\/roveyayinevi.com.tr\/index.php\/wp-json\/wp\/v2\/product_brand?post=761262"},{"taxonomy":"product_cat","embeddable":true,"href":"https:\/\/roveyayinevi.com.tr\/index.php\/wp-json\/wp\/v2\/product_cat?post=761262"},{"taxonomy":"product_tag","embeddable":true,"href":"https:\/\/roveyayinevi.com.tr\/index.php\/wp-json\/wp\/v2\/product_tag?post=761262"}],"curies":[{"name":"wp","href":"https:\/\/api.w.org\/{rel}","templated":true}]}}