{"id":761257,"date":"2025-08-28T09:32:00","date_gmt":"2025-08-28T06:32:00","guid":{"rendered":"https:\/\/roveyayinevi.com.tr\/index.php\/urun\/milli-servet\/"},"modified":"2026-04-16T03:14:46","modified_gmt":"2026-04-16T00:14:46","slug":"milli-servet","status":"publish","type":"product","link":"https:\/\/roveyayinevi.com.tr\/index.php\/urun\/milli-servet\/","title":{"rendered":"Milli Servet"},"content":{"rendered":"<p>\u201cEsra Zaman, \u015eehir Tiyatrosu\u2019nda sahnelemeye haz\u0131rland\u0131\u011f\u0131 kendi cenaze t\u00f6reni i\u00e7in benden bir anma yaz\u0131s\u0131 istedi\u011finde ilk ba\u015fta \u00f6fkelendim ve an\u0131nda reddettim. Ama bu fikir ufak ufak, akl\u0131m\u0131n bir k\u00f6\u015fesinde yer etti. Hatta birka\u00e7 g\u00fcn sonra beni korkutmakla birlikte ho\u015fuma bile gitmeye ba\u015flad\u0131. Korkumun sebebi basitti: Esra   Zaman benim annem ve o, T\u00fcrk sinemas\u0131n\u0131n en b\u00fcy\u00fck y\u0131ld\u0131z\u0131.\u201d 16 ya\u015f\u0131nda ailesini ve \u00fclkesini terk ederek Paris\u2019e yerle\u015fmi\u015f olan H\u00fclya; Ye\u015fil\u00e7am melodramlar\u0131n\u0131n b\u00fcy\u00fck y\u0131ld\u0131z\u0131, annesi Esra Zaman ve 12 Eyl\u00fcl d\u00f6neminde \u00f6ld\u00fcr\u00fclm\u00fc\u015f foto muhabiri babas\u0131 \u0130shak. \u00d6l\u00fcm d\u00f6\u015fe\u011findeki annesinin bu tuhaf, neredeyse uygunsuz \u00e7a\u011fr\u0131s\u0131 H\u00fclya\u2019y\u0131 ge\u00e7mi\u015fi yeniden in\u015fa etmeye g\u00f6t\u00fcr\u00fcr; sars\u0131c\u0131 bir anne-k\u0131z ili\u015fkisi ekseninde simalar\u0131 ve g\u00fc\u00e7 ili\u015fkileriyle T\u00fcrkiye\u2019nin k\u00fclt\u00fcr sanat hayat\u0131n\u0131 ku\u015fatan, ayn\u0131 zamanda yak\u0131n siyasi tarihin sorguland\u0131\u011f\u0131 bir roman \u00e7\u0131kar ortaya.   1985\u2019ten bu yana Fransa\u2019da ya\u015fayan dramaturg, tiyatro y\u00f6netmeni, senaryo, oyun ve roman yazar\u0131 Sedef Ecer, Fransa\u2019da ilk \u00e7\u0131kt\u0131\u011f\u0131nda \u00e7ok b\u00fcy\u00fck bir ilgiyle kar\u015f\u0131lanan Milli Servet ile edebiyat sahnesine unutulmaz kahramanlar kazand\u0131r\u0131yor.   \u201cAnne-k\u0131z ili\u015fkileri, eski \u0130stanbul \u00f6zlemi ve T\u00fcrkiye tarihinin son y\u0131llarda ya\u015fad\u0131\u011f\u0131 \u00e7alkant\u0131lar \u00fczerine b\u00fcy\u00fcleyici bir roman [&#8230;] Sedef Ecer \u00e7ok ger\u00e7ek\u00e7i bir hik\u00e2ye yazmay\u0131 ba\u015farm\u0131\u015f&#8230;\u201d Le Monde   \u201cBu roman, bir k\u0131z\u0131n annesine olan a\u015fk\u0131n\u0131n ve nefretinin ilan\u0131.\u201d Lib\u00e9ration<\/p>\n","protected":false},"excerpt":{"rendered":"<p>\u201cEsra Zaman, \u015eehir Tiyatrosu\u2019nda sahnelemeye haz\u0131rland\u0131\u011f\u0131 kendi cenaze t\u00f6reni i\u00e7in benden bir anma yaz\u0131s\u0131 istedi\u011finde ilk ba\u015fta \u00f6fkelendim ve an\u0131nda reddettim. Ama bu fikir ufak ufak,<span class=\"excerpt-hellip\"> [\u2026]<\/span><\/p>\n","protected":false},"featured_media":0,"template":"","meta":{"_monsterinsights_skip_tracking":false,"_monsterinsights_sitenote_active":false,"_monsterinsights_sitenote_note":"","_monsterinsights_sitenote_category":0},"product_brand":[],"product_cat":[12291,12711],"product_tag":[],"class_list":{"0":"post-761257","1":"product","2":"type-product","3":"status-publish","5":"product_cat-edebiyat","6":"product_cat-roman-oyku","7":"pa_cilt-ciltsiz","8":"pa_tur-kitap","9":"pa_yayinevi-everest-yayinlari","10":"pa_yazar-sedef-ecer","12":"first","13":"instock","14":"sale","15":"shipping-taxable","16":"purchasable","17":"product-type-simple"},"_links":{"self":[{"href":"https:\/\/roveyayinevi.com.tr\/index.php\/wp-json\/wp\/v2\/product\/761257","targetHints":{"allow":["GET"]}}],"collection":[{"href":"https:\/\/roveyayinevi.com.tr\/index.php\/wp-json\/wp\/v2\/product"}],"about":[{"href":"https:\/\/roveyayinevi.com.tr\/index.php\/wp-json\/wp\/v2\/types\/product"}],"wp:attachment":[{"href":"https:\/\/roveyayinevi.com.tr\/index.php\/wp-json\/wp\/v2\/media?parent=761257"}],"wp:term":[{"taxonomy":"product_brand","embeddable":true,"href":"https:\/\/roveyayinevi.com.tr\/index.php\/wp-json\/wp\/v2\/product_brand?post=761257"},{"taxonomy":"product_cat","embeddable":true,"href":"https:\/\/roveyayinevi.com.tr\/index.php\/wp-json\/wp\/v2\/product_cat?post=761257"},{"taxonomy":"product_tag","embeddable":true,"href":"https:\/\/roveyayinevi.com.tr\/index.php\/wp-json\/wp\/v2\/product_tag?post=761257"}],"curies":[{"name":"wp","href":"https:\/\/api.w.org\/{rel}","templated":true}]}}