{"id":761255,"date":"2025-08-28T09:31:56","date_gmt":"2025-08-28T06:31:56","guid":{"rendered":"https:\/\/roveyayinevi.com.tr\/index.php\/urun\/koca-tembel\/"},"modified":"2026-04-16T03:14:46","modified_gmt":"2026-04-16T00:14:46","slug":"koca-tembel","status":"publish","type":"product","link":"https:\/\/roveyayinevi.com.tr\/index.php\/urun\/koca-tembel\/","title":{"rendered":"Koca Tembel"},"content":{"rendered":"<p>K\u0131r\u0131lganl\u0131\u011f\u0131n ve ironinin mutlak iktidar\u0131na selam duran Romain Gary, \u00c9mile Ajar personas\u0131n\u0131n do\u011fu\u015funu m\u00fcjdeleyen Koca Tembel&#8217;de, g\u00fcr\u00fcl g\u00fcr\u00fcl akan bir kentte i\u00e7ine d\u00fc\u015ft\u00fc\u011f\u00fc yaln\u0131zl\u0131k belas\u0131ndan, g\u00f6r\u00fcnmez kollar\u0131n bedenini sarmalad\u0131\u011f\u0131 g\u00fcnd\u00fcz d\u00fc\u015fleriyle kurtulmaya \u00e7al\u0131\u015fan ve \u00e7areyi do\u011fa kanunlar\u0131na meydan okurcas\u0131na devasa bir piton sahiplenmekte bulan bir adam\u0131n hik\u00e2yesini anlat\u0131r.Yalan-Roman&#8217;da -m\u0131\u015f gibi yapmaktan \u00e7oktan vazge\u00e7ip art\u0131k var oldu\u011funu \u00f6zg\u00fcrce hayk\u0131rabilen \u00c9mile Ajar&#8217;\u0131n Koca Tembel&#8217;deki metaforik do\u011fumu, ba\u015f karakterin art\u0131k gizlemeye son verdi\u011fi esrik benli\u011finden s\u0131yr\u0131l\u0131\u015f\u0131yla paralelle\u015fir. Kelimeler bocalay\u0131p k\u0131y\u0131ya vurur, ger\u00e7eklik abs\u00fcrd\u00fcn sahneyi ele ge\u00e7irmesiyle daha az can yakar; alay, saplant\u0131, hezeyanlar; hepsi onu insan&#8221;m\u0131\u015f gibi yapma&#8221;n\u0131n y\u00fck\u00fcnden kurtar\u0131p pullu bir derinin ard\u0131na saklanmas\u0131na \u00f6nayak olur.Delilikte sakl\u0131 masumiyeti s\u00f6zdizimsel ve anlamsal m\u00fcdahaleler, fallik g\u00f6ndermeler, u\u00e7ar\u0131 espriler ve insan-olu\u015fa dair radikal ele\u015ftirilerle okuruna kan\u0131tlayan, Fransa&#8217;n\u0131n iki Goncourt \u00f6d\u00fcll\u00fc tek yazar\u0131 Romain Gary&#8217;nin \u00c9mile Ajar m\u00fcstear\u0131yla yay\u0131nlad\u0131\u011f\u0131 ilk roman\u0131 Koca Tembel, \u00f6nceki edisyonlarda yer almayan alternatif sonuyla ilk kez T\u00fcrk\u00e7ede.<\/p>\n","protected":false},"excerpt":{"rendered":"<p>K\u0131r\u0131lganl\u0131\u011f\u0131n ve ironinin mutlak iktidar\u0131na selam duran Romain Gary, \u00c9mile Ajar personas\u0131n\u0131n do\u011fu\u015funu m\u00fcjdeleyen Koca Tembel&#8217;de, g\u00fcr\u00fcl g\u00fcr\u00fcl akan bir kentte i\u00e7ine d\u00fc\u015ft\u00fc\u011f\u00fc yaln\u0131zl\u0131k belas\u0131ndan, g\u00f6r\u00fcnmez<span class=\"excerpt-hellip\"> [\u2026]<\/span><\/p>\n","protected":false},"featured_media":0,"template":"","meta":{"_monsterinsights_skip_tracking":false,"_monsterinsights_sitenote_active":false,"_monsterinsights_sitenote_note":"","_monsterinsights_sitenote_category":0},"product_brand":[],"product_cat":[12291,12711],"product_tag":[],"class_list":{"0":"post-761255","1":"product","2":"type-product","3":"status-publish","5":"product_cat-edebiyat","6":"product_cat-roman-oyku","7":"pa_cilt-ciltsiz","8":"pa_tur-kitap","9":"pa_yayinevi-sel-yayincilik","10":"pa_yazar-romain-gary-emile-ajar","12":"first","13":"instock","14":"sale","15":"shipping-taxable","16":"purchasable","17":"product-type-simple"},"_links":{"self":[{"href":"https:\/\/roveyayinevi.com.tr\/index.php\/wp-json\/wp\/v2\/product\/761255","targetHints":{"allow":["GET"]}}],"collection":[{"href":"https:\/\/roveyayinevi.com.tr\/index.php\/wp-json\/wp\/v2\/product"}],"about":[{"href":"https:\/\/roveyayinevi.com.tr\/index.php\/wp-json\/wp\/v2\/types\/product"}],"wp:attachment":[{"href":"https:\/\/roveyayinevi.com.tr\/index.php\/wp-json\/wp\/v2\/media?parent=761255"}],"wp:term":[{"taxonomy":"product_brand","embeddable":true,"href":"https:\/\/roveyayinevi.com.tr\/index.php\/wp-json\/wp\/v2\/product_brand?post=761255"},{"taxonomy":"product_cat","embeddable":true,"href":"https:\/\/roveyayinevi.com.tr\/index.php\/wp-json\/wp\/v2\/product_cat?post=761255"},{"taxonomy":"product_tag","embeddable":true,"href":"https:\/\/roveyayinevi.com.tr\/index.php\/wp-json\/wp\/v2\/product_tag?post=761255"}],"curies":[{"name":"wp","href":"https:\/\/api.w.org\/{rel}","templated":true}]}}