{"id":761253,"date":"2025-08-28T09:31:52","date_gmt":"2025-08-28T06:31:52","guid":{"rendered":"https:\/\/roveyayinevi.com.tr\/index.php\/urun\/umuda-agit\/"},"modified":"2026-04-16T03:14:46","modified_gmt":"2026-04-16T00:14:46","slug":"umuda-agit","status":"publish","type":"product","link":"https:\/\/roveyayinevi.com.tr\/index.php\/urun\/umuda-agit\/","title":{"rendered":"Umuda A\u011f\u0131t"},"content":{"rendered":"<p>Ah yaral\u0131 takvimler Ka\u00e7 yitik \u015fehre ekildi a\u011f\u0131tlar Ka\u00e7 bulut \u00e7\u00f6kt\u00fc ba\u011fr\u0131ma Tutu\u015fur \u00f6kse otu oturur y\u00fcre\u011fime Yang\u0131n yeridir zemheri   Gezegenler aras\u0131 atom havas\u0131nda Donuk toprak s\u00f6n\u00fck yaprak olurum Ne bir heves ne de zehir zemberek Bir nefes al\u0131r beni   K\u0131\u015f g\u00fcne\u015fi ku\u015fluk vakti ka\u00e7 kan \u00e7i\u00e7e\u011fi \u00c7\u00f6kt\u00fc yanaklar\u0131ma?                                                               Hangi \u00e7iy tanesi Kur\u015fun tanesi oldu, akt\u0131 \u015fakaklar\u0131ma.   Kahpe sevda sarmal\u0131na tutulan, d\u00fc\u015fman D\u00fc\u015fman bu ne neme nem aman da aman. Seni ah yaral\u0131 takvim Ocak ay\u0131 nas\u0131l anlatsam seni? <\/p>\n","protected":false},"excerpt":{"rendered":"<p>Ah yaral\u0131 takvimler Ka\u00e7 yitik \u015fehre ekildi a\u011f\u0131tlar Ka\u00e7 bulut \u00e7\u00f6kt\u00fc ba\u011fr\u0131ma Tutu\u015fur \u00f6kse otu oturur y\u00fcre\u011fime Yang\u0131n yeridir zemheri Gezegenler aras\u0131 atom havas\u0131nda Donuk toprak<span class=\"excerpt-hellip\"> [\u2026]<\/span><\/p>\n","protected":false},"featured_media":0,"template":"","meta":{"_monsterinsights_skip_tracking":false,"_monsterinsights_sitenote_active":false,"_monsterinsights_sitenote_note":"","_monsterinsights_sitenote_category":0},"product_brand":[],"product_cat":[12291,12509],"product_tag":[],"class_list":{"0":"post-761253","1":"product","2":"type-product","3":"status-publish","5":"product_cat-edebiyat","6":"product_cat-siir","7":"pa_cilt-ciltsiz","8":"pa_tur-kitap","9":"pa_yayinevi-favori-yayinlari","10":"pa_yazar-aydin-nikbay","12":"first","13":"instock","14":"sale","15":"shipping-taxable","16":"purchasable","17":"product-type-simple"},"_links":{"self":[{"href":"https:\/\/roveyayinevi.com.tr\/index.php\/wp-json\/wp\/v2\/product\/761253","targetHints":{"allow":["GET"]}}],"collection":[{"href":"https:\/\/roveyayinevi.com.tr\/index.php\/wp-json\/wp\/v2\/product"}],"about":[{"href":"https:\/\/roveyayinevi.com.tr\/index.php\/wp-json\/wp\/v2\/types\/product"}],"wp:attachment":[{"href":"https:\/\/roveyayinevi.com.tr\/index.php\/wp-json\/wp\/v2\/media?parent=761253"}],"wp:term":[{"taxonomy":"product_brand","embeddable":true,"href":"https:\/\/roveyayinevi.com.tr\/index.php\/wp-json\/wp\/v2\/product_brand?post=761253"},{"taxonomy":"product_cat","embeddable":true,"href":"https:\/\/roveyayinevi.com.tr\/index.php\/wp-json\/wp\/v2\/product_cat?post=761253"},{"taxonomy":"product_tag","embeddable":true,"href":"https:\/\/roveyayinevi.com.tr\/index.php\/wp-json\/wp\/v2\/product_tag?post=761253"}],"curies":[{"name":"wp","href":"https:\/\/api.w.org\/{rel}","templated":true}]}}