{"id":761250,"date":"2025-08-28T09:31:46","date_gmt":"2025-08-28T06:31:46","guid":{"rendered":"https:\/\/roveyayinevi.com.tr\/index.php\/urun\/gercekciligin-yukselisi\/"},"modified":"2026-04-16T03:14:46","modified_gmt":"2026-04-16T00:14:46","slug":"gercekciligin-yukselisi","status":"publish","type":"product","link":"https:\/\/roveyayinevi.com.tr\/index.php\/urun\/gercekciligin-yukselisi\/","title":{"rendered":"Ger\u00e7ek\u00e7ili\u011fin Y\u00fckseli\u015fi"},"content":{"rendered":"<p>Manuel DeLanda ve Graham Harman, ger\u00e7ek\u00e7ili\u011fin dikkat \u00e7ekici y\u00fckseli\u015fini inceledikleri bu kitapta kendi felsefelerindeki benzerlik ve farkl\u0131l\u0131klar\u0131 ke\u015ffederken, ba\u015fka filozoflar\u0131n \u00e7al\u0131\u015fmalar\u0131n\u0131 da g\u00f6z \u00f6n\u00fcnde bulundurarak \u00e7a\u011fda\u015f felsefedeki \u00e7at\u0131\u015fan e\u011filimleri de\u011ferlendiriyorlar.Ger\u00e7ek\u00e7ilik ile maddecilik aras\u0131ndaki ili\u015fkiyi tart\u0131\u015fmaya a\u00e7an kitap, DeLanda\u2019n\u0131n \u00e7ekerler ve tekillikler tart\u0131\u015fmas\u0131yla Harman\u2019\u0131n nesne y\u00f6nelimli ontolojisi \u00fczerine canl\u0131 bir d\u00fc\u015f\u00fcnsel al\u0131\u015fveri\u015fi i\u00e7eriyor. Bilimsel bilginin ger\u00e7ekli\u011fi tam olarak yans\u0131t\u0131p yans\u0131tmad\u0131\u011f\u0131 \u201cbilinebilirlik\u201d kavram\u0131yla birlikte ele al\u0131n\u0131yor. Ayr\u0131ca yazarlar\u0131n daha genel olarak uzay, zaman ve bilime dair d\u00fc\u015f\u00fcncelerine de yer veriliyor.Felsefe ve ele\u015ftirel teoriye dair g\u00fcncel tart\u0131\u015fmalarla ilgilenen herkes i\u00e7in b\u00fcy\u00fck de\u011fer ta\u015f\u0131yan Ger\u00e7ek\u00e7ili\u011fin Y\u00fckseli\u015fi, k\u0131ta felsefesinde ger\u00e7ek\u00e7ili\u011fe giden farkl\u0131 yollar\u0131 ayd\u0131nlatan en \u00f6nemli eserlerden biri.<\/p>\n","protected":false},"excerpt":{"rendered":"<p>Manuel DeLanda ve Graham Harman, ger\u00e7ek\u00e7ili\u011fin dikkat \u00e7ekici y\u00fckseli\u015fini inceledikleri bu kitapta kendi felsefelerindeki benzerlik ve farkl\u0131l\u0131klar\u0131 ke\u015ffederken, ba\u015fka filozoflar\u0131n \u00e7al\u0131\u015fmalar\u0131n\u0131 da g\u00f6z \u00f6n\u00fcnde bulundurarak \u00e7a\u011fda\u015f<span class=\"excerpt-hellip\"> [\u2026]<\/span><\/p>\n","protected":false},"featured_media":0,"template":"","meta":{"_monsterinsights_skip_tracking":false,"_monsterinsights_sitenote_active":false,"_monsterinsights_sitenote_note":"","_monsterinsights_sitenote_category":0},"product_brand":[],"product_cat":[12388],"product_tag":[],"class_list":{"0":"post-761250","1":"product","2":"type-product","3":"status-publish","5":"product_cat-felsefe","6":"pa_cilt-ciltsiz","7":"pa_tur-kitap","8":"pa_yayinevi-tellekt","9":"pa_yazar-manuel-delanda-graham-harman","11":"first","12":"instock","13":"sale","14":"shipping-taxable","15":"purchasable","16":"product-type-simple"},"_links":{"self":[{"href":"https:\/\/roveyayinevi.com.tr\/index.php\/wp-json\/wp\/v2\/product\/761250","targetHints":{"allow":["GET"]}}],"collection":[{"href":"https:\/\/roveyayinevi.com.tr\/index.php\/wp-json\/wp\/v2\/product"}],"about":[{"href":"https:\/\/roveyayinevi.com.tr\/index.php\/wp-json\/wp\/v2\/types\/product"}],"wp:attachment":[{"href":"https:\/\/roveyayinevi.com.tr\/index.php\/wp-json\/wp\/v2\/media?parent=761250"}],"wp:term":[{"taxonomy":"product_brand","embeddable":true,"href":"https:\/\/roveyayinevi.com.tr\/index.php\/wp-json\/wp\/v2\/product_brand?post=761250"},{"taxonomy":"product_cat","embeddable":true,"href":"https:\/\/roveyayinevi.com.tr\/index.php\/wp-json\/wp\/v2\/product_cat?post=761250"},{"taxonomy":"product_tag","embeddable":true,"href":"https:\/\/roveyayinevi.com.tr\/index.php\/wp-json\/wp\/v2\/product_tag?post=761250"}],"curies":[{"name":"wp","href":"https:\/\/api.w.org\/{rel}","templated":true}]}}