{"id":761248,"date":"2025-08-28T09:31:42","date_gmt":"2025-08-28T06:31:42","guid":{"rendered":"https:\/\/roveyayinevi.com.tr\/index.php\/urun\/khimaira\/"},"modified":"2026-04-16T03:14:46","modified_gmt":"2026-04-16T00:14:46","slug":"khimaira","status":"publish","type":"product","link":"https:\/\/roveyayinevi.com.tr\/index.php\/urun\/khimaira\/","title":{"rendered":"Khimaira"},"content":{"rendered":"<p>\u201c\u2018\u0130ki keredir benim hik\u00e2ye anlat\u0131c\u0131s\u0131 oldu\u011fumu s\u00f6yl\u00fcyorsun,\u201d dedi; \u201cama ben D\u00fcnyazat\u2019tan ba\u015fka hi\u00e7 kimseye hik\u00e2ye anlatmad\u0131m, hem uyumadan \u00f6nce ona anlatt\u0131\u011f\u0131m hik\u00e2yeler de herkesin bildi\u011fi \u015feyler. Kendi kendime uydurdu\u011fum tek hik\u00e2ye \u015fu hazinenin anahtar\u0131 hik\u00e2yesi ki onu da anlad\u0131\u011f\u0131m s\u00f6ylenemez&#8230;\u201d   Binbir Gece Masallar\u0131\u2019n\u0131n kahraman\u0131 \u015eehrazat\u2019\u0131n k\u00fc\u00e7\u00fck k\u0131z karde\u015fi D\u00fcnyazat, kendisinin ve onu tutsak eden prensin kaderini elinde tutmaktad\u0131r. Medusa\u2019y\u0131 \u00f6ld\u00fcren yar\u0131 tanr\u0131 Perseus, k\u0131rk ya\u015f\u0131nda, s\u0131radan bir \u00f6l\u00fcml\u00fc gibi orta ya\u015f kriziyle ba\u015f etmeye \u00e7al\u0131\u015f\u0131rken itibar\u0131 i\u00e7in de m\u00fccadele etmektedir. Bir zamanlar kanatl\u0131 at Pegasus\u2019u evcille\u015ftiren Bellerophontes ise kendini s\u00fcrekli kuzeni Perseus\u2019la mukayese ederken kahramanl\u0131k mitini g\u00fc\u00e7lendirmeye \u00e7al\u0131\u015fmaktad\u0131r.   John Barth, ad\u0131n\u0131 Bellerophontes taraf\u0131ndan \u00f6ld\u00fcr\u00fclen \u00fc\u00e7 ba\u015fl\u0131 canavar Khimaira\u2019dan alan ve postmodern edebiyat\u0131n \u00f6nemli yap\u0131tlar\u0131ndan biri olan eserinde s\u00f6z konusu \u00fc\u00e7 hik\u00e2yeyi farkl\u0131 bak\u0131\u015f a\u00e7\u0131lar\u0131yla yeniden anlat\u0131yor.   \u201cP\u0131r\u0131lt\u0131l\u0131, b\u00fcy\u00fcl\u00fc bir eser&#8230; Barth\u2019\u0131n yazd\u0131\u011f\u0131 en iyi kitap.\u201d National Review   <\/p>\n","protected":false},"excerpt":{"rendered":"<p>\u201c\u2018\u0130ki keredir benim hik\u00e2ye anlat\u0131c\u0131s\u0131 oldu\u011fumu s\u00f6yl\u00fcyorsun,\u201d dedi; \u201cama ben D\u00fcnyazat\u2019tan ba\u015fka hi\u00e7 kimseye hik\u00e2ye anlatmad\u0131m, hem uyumadan \u00f6nce ona anlatt\u0131\u011f\u0131m hik\u00e2yeler de herkesin bildi\u011fi \u015feyler.<span class=\"excerpt-hellip\"> [\u2026]<\/span><\/p>\n","protected":false},"featured_media":0,"template":"","meta":{"_monsterinsights_skip_tracking":false,"_monsterinsights_sitenote_active":false,"_monsterinsights_sitenote_note":"","_monsterinsights_sitenote_category":0},"product_brand":[],"product_cat":[12291,12711],"product_tag":[],"class_list":{"0":"post-761248","1":"product","2":"type-product","3":"status-publish","5":"product_cat-edebiyat","6":"product_cat-roman-oyku","7":"pa_cilt-ciltsiz","8":"pa_tur-kitap","9":"pa_yayinevi-can-yayinlari","10":"pa_yazar-john-barth","12":"first","13":"instock","14":"sale","15":"shipping-taxable","16":"purchasable","17":"product-type-simple"},"_links":{"self":[{"href":"https:\/\/roveyayinevi.com.tr\/index.php\/wp-json\/wp\/v2\/product\/761248","targetHints":{"allow":["GET"]}}],"collection":[{"href":"https:\/\/roveyayinevi.com.tr\/index.php\/wp-json\/wp\/v2\/product"}],"about":[{"href":"https:\/\/roveyayinevi.com.tr\/index.php\/wp-json\/wp\/v2\/types\/product"}],"wp:attachment":[{"href":"https:\/\/roveyayinevi.com.tr\/index.php\/wp-json\/wp\/v2\/media?parent=761248"}],"wp:term":[{"taxonomy":"product_brand","embeddable":true,"href":"https:\/\/roveyayinevi.com.tr\/index.php\/wp-json\/wp\/v2\/product_brand?post=761248"},{"taxonomy":"product_cat","embeddable":true,"href":"https:\/\/roveyayinevi.com.tr\/index.php\/wp-json\/wp\/v2\/product_cat?post=761248"},{"taxonomy":"product_tag","embeddable":true,"href":"https:\/\/roveyayinevi.com.tr\/index.php\/wp-json\/wp\/v2\/product_tag?post=761248"}],"curies":[{"name":"wp","href":"https:\/\/api.w.org\/{rel}","templated":true}]}}