{"id":761245,"date":"2025-08-28T09:31:35","date_gmt":"2025-08-28T06:31:35","guid":{"rendered":"https:\/\/roveyayinevi.com.tr\/index.php\/urun\/alya-cakiltasi\/"},"modified":"2026-04-16T03:14:46","modified_gmt":"2026-04-16T00:14:46","slug":"alya-cakiltasi","status":"publish","type":"product","link":"https:\/\/roveyayinevi.com.tr\/index.php\/urun\/alya-cakiltasi\/","title":{"rendered":"Alya \u00c7ak\u0131lta\u015f\u0131"},"content":{"rendered":"<p>Craig Barr-Green\u2019in yaz\u0131p Francis Martin\u2019in resimledi\u011fi Alya \u00c7ak\u0131lta\u015f\u0131 serisi, yola \u00e7\u0131kma cesareti g\u00f6steren ve kendi hik\u00e2yesini yazmak isteyen t\u00fcm \u00e7ocuk okurlar\u0131 keyifli bir yolculu\u011fa \u00e7a\u011f\u0131r\u0131yor.   Amazon, London Evening Standard ve National Literacy Trust\u2019\u0131n destekledi\u011fi Oscar Ashton Y\u0131l\u0131n Resimli Kitab\u0131 \u00d6d\u00fcl\u00fc\u2019nde k\u0131sa listeye kalan serinin ilk kitab\u0131 Alya \u00c7ak\u0131lta\u015f\u0131 Kurdu Kurtar\u0131yor\u2019da Alya, K\u0131rm\u0131z\u0131 Ba\u015fl\u0131kl\u0131 K\u0131z masal\u0131n\u0131 deyim yerindeyse yeniden yaz\u0131yor. Bir hata g\u00f6rd\u00fc\u011f\u00fcnde onu d\u00fczeltmeden duramayan Alya, masal diyar\u0131na gidip K\u0131rm\u0131z\u0131 Ba\u015fl\u0131kl\u0131 K\u0131z\u2019\u0131n yerine ge\u00e7erek masaldaki t\u00fcm hatalar\u0131 d\u00fczeltiyor; hem K\u0131rm\u0131z\u0131 Ba\u015fl\u0131kl\u0131 K\u0131z\u2019\u0131 hem b\u00fcy\u00fckannesini hem de b\u00fcy\u00fck k\u00f6t\u00fc kurdu kurtar\u0131yor.   Alya\u2019yla birlikte kendi hik\u00e2yelerini kendi istedi\u011fin \u015fekilde anlatmaya haz\u0131r m\u0131s\u0131n?   ***  Benim Ad\u0131m Alya \u00c7ak\u0131lta\u015f\u0131. Konu\u015fmam\u0131z gereken \u00fc\u00e7 konu var: 1. K\u0131rm\u0131z\u0131 Ba\u015fl\u0131kl\u0131 K\u0131z masal\u0131 hatalarla dolu. 2. Ama ben bunlar\u0131 nas\u0131l \u00e7\u00f6zece\u011fimi biliyorum. 3. \u00dcstelik planlar\u0131m\u0131n i\u00e7inde kek de var. \u0130\u015fte kurdu b\u00f6yle kurtaraca\u011f\u0131m\u2026   Her \u00e7ocu\u011fa kendi hik\u00e2yesini, kendi istedi\u011fi \u015fekilde, Alya gibi anlatmas\u0131 i\u00e7in ilham verecek bir kitap.<\/p>\n","protected":false},"excerpt":{"rendered":"<p>Craig Barr-Green\u2019in yaz\u0131p Francis Martin\u2019in resimledi\u011fi Alya \u00c7ak\u0131lta\u015f\u0131 serisi, yola \u00e7\u0131kma cesareti g\u00f6steren ve kendi hik\u00e2yesini yazmak isteyen t\u00fcm \u00e7ocuk okurlar\u0131 keyifli bir yolculu\u011fa \u00e7a\u011f\u0131r\u0131yor. Amazon,<span class=\"excerpt-hellip\"> [\u2026]<\/span><\/p>\n","protected":false},"featured_media":0,"template":"","meta":{"_monsterinsights_skip_tracking":false,"_monsterinsights_sitenote_active":false,"_monsterinsights_sitenote_note":"","_monsterinsights_sitenote_category":0},"product_brand":[],"product_cat":[12274,12284],"product_tag":[],"class_list":{"0":"post-761245","1":"product","2":"type-product","3":"status-publish","5":"product_cat-cocuk-ve-genclik-kitaplari","6":"product_cat-hikayeler","7":"pa_cilt-ciltsiz","8":"pa_tur-kitap","9":"pa_yayinevi-kronik-kitap","10":"pa_yazar-craig-barr-green","12":"first","13":"instock","14":"sale","15":"shipping-taxable","16":"purchasable","17":"product-type-simple"},"_links":{"self":[{"href":"https:\/\/roveyayinevi.com.tr\/index.php\/wp-json\/wp\/v2\/product\/761245","targetHints":{"allow":["GET"]}}],"collection":[{"href":"https:\/\/roveyayinevi.com.tr\/index.php\/wp-json\/wp\/v2\/product"}],"about":[{"href":"https:\/\/roveyayinevi.com.tr\/index.php\/wp-json\/wp\/v2\/types\/product"}],"wp:attachment":[{"href":"https:\/\/roveyayinevi.com.tr\/index.php\/wp-json\/wp\/v2\/media?parent=761245"}],"wp:term":[{"taxonomy":"product_brand","embeddable":true,"href":"https:\/\/roveyayinevi.com.tr\/index.php\/wp-json\/wp\/v2\/product_brand?post=761245"},{"taxonomy":"product_cat","embeddable":true,"href":"https:\/\/roveyayinevi.com.tr\/index.php\/wp-json\/wp\/v2\/product_cat?post=761245"},{"taxonomy":"product_tag","embeddable":true,"href":"https:\/\/roveyayinevi.com.tr\/index.php\/wp-json\/wp\/v2\/product_tag?post=761245"}],"curies":[{"name":"wp","href":"https:\/\/api.w.org\/{rel}","templated":true}]}}