{"id":761244,"date":"2025-08-28T09:31:33","date_gmt":"2025-08-28T06:31:33","guid":{"rendered":"https:\/\/roveyayinevi.com.tr\/index.php\/urun\/buyuk-tuhaf-ev-1\/"},"modified":"2026-04-11T14:29:37","modified_gmt":"2026-04-11T11:29:37","slug":"buyuk-tuhaf-ev-1","status":"publish","type":"product","link":"https:\/\/roveyayinevi.com.tr\/index.php\/urun\/buyuk-tuhaf-ev-1\/","title":{"rendered":"B\u00fcy\u00fck Tuhaf Ev 1"},"content":{"rendered":"<p>Kronik \u00c7ocuk, farkl\u0131l\u0131klar\u0131n hayat\u0131m\u0131za katt\u0131\u011f\u0131 g\u00fczelli\u011fi ve de\u011feri anlatan harika bir seriyle yola devam ediyor: B\u00fcy\u00fck Tuhaf Ev!   Nathalie Stragier\u2019nin yaz\u0131p Cle\u0301mence Pe\u0301nicaud\u2019un resimledi\u011fi B\u00fcy\u00fck Tuhaf Ev: Kiral\u0131k Odalar, hayatta t\u00fcm zorluklara g\u00f6\u011f\u00fcs germenin, sevdiklerine sahip \u00e7\u0131kman\u0131n ve pes etmemenin \u00f6nemine de\u011finiyor.   Ailesini erken ya\u015fta kaybeden ve ya\u015fl\u0131 bak\u0131c\u0131s\u0131 Domi\u2019yle ya\u015fayan Gabriel\u2019in hayat\u0131, ya\u015fad\u0131klar\u0131 evi sat\u0131\u015fa \u00e7\u0131karmak zorunda kalmalar\u0131yla bamba\u015fka bir y\u00f6ne evriliyor. An\u0131lar\u0131n\u0131 kaybetmekten korkan Gabriel, bir yandan bu \u00fcz\u00fcnt\u00fcyle nas\u0131l ba\u015fa \u00e7\u0131kaca\u011f\u0131n\u0131 bir yandan da evini kurtarman\u0131n yollar\u0131n\u0131 ar\u0131yor. Bu s\u0131rada \u00e7ok farkl\u0131 d\u00fcnyalara ve renkli karakterlere rastlayan Gabriel bu zengin \u00e7e\u015fitlili\u011fin aras\u0131nda; cesaretin, arkada\u015fl\u0131\u011f\u0131n, yard\u0131mseverli\u011fin, dayan\u0131\u015fman\u0131n, ho\u015fg\u00f6r\u00fcn\u00fcn ve elindekilerin k\u0131ymetini bilmenin anlam\u0131n\u0131 ke\u015ffederken \u00f6nyarg\u0131lar\u0131n asl\u0131nda hayat\u0131m\u0131z\u0131 ne kadar da k\u0131s\u0131tlayan bir \u015fey oldu\u011funu anl\u0131yor.   2022 Alman-Frans\u0131z Gen\u00e7lik Edebiyat\u0131 \u00d6d\u00fcl\u00fc\u2019n\u00fcn de sahibi olan B\u00fcy\u00fck Tuhaf Ev; i\u00e7inden \u00e7\u0131kamayaca\u011f\u0131m\u0131z\u0131 d\u00fc\u015f\u00fcnd\u00fc\u011f\u00fcm\u00fcz sorunlarla nas\u0131l ba\u015f edebilece\u011fimize, hayat\u0131n mucizelerle dolu oldu\u011funa dair s\u0131cac\u0131k bir hik\u00e2ye.   ***  Anne ve babas\u0131n\u0131 bir kazada kaybeden on bir ya\u015f\u0131ndaki Gabriel, ya\u015fl\u0131 bak\u0131c\u0131s\u0131 Domi\u2019yle birlikte ya\u015f\u0131yor. Ailesinden geriye sadece \u015fu an oturduklar\u0131 daire kald\u0131. Ne yaz\u0131k ki o da elinden kay\u0131p gitmek \u00fczere&#8230; Eyfel Kulesi manzaral\u0131, reng\u00e2renk odalarla dolu bu muhte\u015fem evin masraflar\u0131n\u0131 kar\u015f\u0131lamak her ge\u00e7en g\u00fcn zorla\u015f\u0131yor. Ailesiyle an\u0131lar\u0131n\u0131 kaybetmek istemeyen Gabriel, evin sat\u0131lmamas\u0131 i\u00e7in elinden geleni yapmaya kararl\u0131: Bo\u015f odalar\u0131 kiraya verirse evini kurtarabilir mi? Birilerini onlarla birlikte ya\u015fay\u0131p masraflar\u0131 payla\u015fmaya ikna edebilir mi? Fakat bu insanlar\u0131 nereden, nas\u0131l bulacak? Hem kim b\u00f6yle tuhaf bir fikri kabul eder ki?   Reng\u00e2renk odalar\u0131, birbirinden farkl\u0131 ve e\u011flenceli karakterleriyle B\u00fcy\u00fck Tuhaf Ev; mizah\u0131 ve duygusall\u0131\u011f\u0131 bir araya getiriyor. Bu evde olup biten her \u015fey; farkl\u0131l\u0131klar\u0131m\u0131zla bir arada ya\u015faman\u0131n ve elimizdekilerin de\u011ferini bilmenin ne kadar \u00f6nemli oldu\u011funu g\u00f6steriyor.<\/p>\n","protected":false},"excerpt":{"rendered":"<p>Kronik \u00c7ocuk, farkl\u0131l\u0131klar\u0131n hayat\u0131m\u0131za katt\u0131\u011f\u0131 g\u00fczelli\u011fi ve de\u011feri anlatan harika bir seriyle yola devam ediyor: B\u00fcy\u00fck Tuhaf Ev! Nathalie Stragier\u2019nin yaz\u0131p Cle\u0301mence Pe\u0301nicaud\u2019un resimledi\u011fi B\u00fcy\u00fck Tuhaf<span class=\"excerpt-hellip\"> [\u2026]<\/span><\/p>\n","protected":false},"featured_media":0,"template":"","meta":{"_monsterinsights_skip_tracking":false,"_monsterinsights_sitenote_active":false,"_monsterinsights_sitenote_note":"","_monsterinsights_sitenote_category":0},"product_brand":[],"product_cat":[12274,12284],"product_tag":[],"class_list":{"0":"post-761244","1":"product","2":"type-product","3":"status-publish","5":"product_cat-cocuk-ve-genclik-kitaplari","6":"product_cat-hikayeler","7":"pa_cilt-ciltsiz","8":"pa_tur-kitap","9":"pa_yayinevi-kronik-kitap","10":"pa_yazar-nathalie-stragier","12":"first","13":"instock","14":"sale","15":"shipping-taxable","16":"purchasable","17":"product-type-simple"},"_links":{"self":[{"href":"https:\/\/roveyayinevi.com.tr\/index.php\/wp-json\/wp\/v2\/product\/761244","targetHints":{"allow":["GET"]}}],"collection":[{"href":"https:\/\/roveyayinevi.com.tr\/index.php\/wp-json\/wp\/v2\/product"}],"about":[{"href":"https:\/\/roveyayinevi.com.tr\/index.php\/wp-json\/wp\/v2\/types\/product"}],"wp:attachment":[{"href":"https:\/\/roveyayinevi.com.tr\/index.php\/wp-json\/wp\/v2\/media?parent=761244"}],"wp:term":[{"taxonomy":"product_brand","embeddable":true,"href":"https:\/\/roveyayinevi.com.tr\/index.php\/wp-json\/wp\/v2\/product_brand?post=761244"},{"taxonomy":"product_cat","embeddable":true,"href":"https:\/\/roveyayinevi.com.tr\/index.php\/wp-json\/wp\/v2\/product_cat?post=761244"},{"taxonomy":"product_tag","embeddable":true,"href":"https:\/\/roveyayinevi.com.tr\/index.php\/wp-json\/wp\/v2\/product_tag?post=761244"}],"curies":[{"name":"wp","href":"https:\/\/api.w.org\/{rel}","templated":true}]}}