{"id":761242,"date":"2025-08-28T09:31:30","date_gmt":"2025-08-28T06:31:30","guid":{"rendered":"https:\/\/roveyayinevi.com.tr\/index.php\/urun\/iskitler\/"},"modified":"2026-04-16T03:14:46","modified_gmt":"2026-04-16T00:14:46","slug":"iskitler","status":"publish","type":"product","link":"https:\/\/roveyayinevi.com.tr\/index.php\/urun\/iskitler\/","title":{"rendered":"\u0130skitler"},"content":{"rendered":"<p>ANT\u0130K \u00c7A\u011e\u2019IN SAVA\u015e\u00c7ILARI, KRALLARI VE ZANAATK\u00c2RLARI   \u201cBeckwith, kulland\u0131\u011f\u0131 geni\u015f kaynak yelpazesiyle eski Orta Avrasya \u0130skitlerinin, Do\u011fu Akdeniz d\u00fcnyas\u0131n\u0131, B\u00fcy\u00fck \u0130ran, \u00c7in ve G\u00fcney Asya\u2019daki halklar\u0131n\u0131, bu halklar\u0131n siyasi yap\u0131lar\u0131n\u0131 ve klasik uygarl\u0131\u011f\u0131 nas\u0131l \u015fekillendirdi\u011fini \u00f6zg\u00fcn, \u00e7\u0131\u011f\u0131r a\u00e7\u0131c\u0131 ve k\u0131\u015fk\u0131rt\u0131c\u0131 bir kitapla ortaya koyuyor.\u201d \u2013 Peter Benjamin Golden, \u0130\u00e7 Asya Tarihi kitab\u0131 yazar\u0131.   \u201cAntik Orta Avrasya&#8217;ya dair mevcut h\u00e2kim g\u00f6r\u00fc\u015f\u00fcn devrim niteli\u011finde bir yaz\u0131m\u0131 olan \u0130skitler, Yunan, Roma, Pers ve \u00c7in Klasik \u00e7a\u011flar\u0131na dair d\u00fc\u015f\u00fcncelerimizi derinden de\u011fi\u015ftirecek. Christopher I. Beckwith, \u0130skit tarihinin ezber bozan bir \u015fekilde yeniden ele al\u0131nmas\u0131n\u0131n yan\u0131 s\u0131ra dilleri, sanatlar\u0131 ve felsefelerini b\u00fcy\u00fcleyici bir \u015fekilde aktard\u0131\u011f\u0131 bu eserinde, bilinen en eski bozk\u0131r imparatorlu\u011funun hik\u00e2yesini herkes i\u00e7in eri\u015filebilir hale getirdi. Yorumsal a\u00e7\u0131dan cesur, etkileyici ve iddial\u0131 olan \u0130skitler y\u0131llar s\u00fcrecek tart\u0131\u015fmalara yol a\u00e7acak ve okuyucular\u0131n Avrasya tarihini hi\u00e7 beklenmedik bir \u015fekilde g\u00f6rmelerini sa\u011flayacak.\u201d \u2013 Marie Favereau   Milattan \u00d6nce 8. y\u00fczy\u0131l\u0131n sonlar\u0131 ile 7. y\u00fczy\u0131l\u0131n ba\u015flar\u0131nda \u0130skit sava\u015f\u00e7\u0131lar\u0131 geni\u015f Avrasya k\u0131tas\u0131n\u0131n b\u00fcy\u00fck bir b\u00f6l\u00fcm\u00fcn\u00fc fethedip birle\u015ftirerek Bat\u0131, Yak\u0131n Do\u011fu, Hindistan ve \u00c7in\u2019de olmak \u00fczere antik d\u00fcnyan\u0131n neredeyse tamam\u0131nda felsefe \u00e7a\u011f\u0131n\u0131 ve Klasik \u00c7a\u011f\u2019\u0131 do\u011furacak, yenilik\u00e7i bir imparatorluk yaratt\u0131lar. Atlar\u0131n ve bozk\u0131rlar\u0131n efendisi olan \u0130skitler, kurduklar\u0131 \u015fehirler, ba\u015fkentleri, \u00e7arp\u0131c\u0131 \u015f\u0131kl\u0131ktaki giyim tarzlar\u0131, devlet yap\u0131lar\u0131 ve Buda, Lao Tzu gibi d\u00fc\u015f\u00fcn\u00fcrlerin fikirleriyle d\u00fcnya medeniyetine \u00e7arp\u0131c\u0131 katk\u0131larda bulundular.   Yeni ke\u015fif ve materyallerden faydalanarak alanda \u00f6nemli bir bo\u015flu\u011fu dolduran \u0130skitler, medeniyet i\u00e7in olduk\u00e7a \u00f6nemli olsa da kendilerine dair \u00e7ok az \u015fey bilinen bir kavmi ve imparatorlu\u011funu t\u00fcm \u00e7\u0131plakl\u0131\u011f\u0131yla anlat\u0131rken Ar\u0161ila Klan\u0131 ve Togon arac\u0131l\u0131\u011f\u0131yla T\u00fcrklerle olan akrabal\u0131klar\u0131n\u0131 da g\u00f6zler \u00f6n\u00fcne seriyor. <\/p>\n","protected":false},"excerpt":{"rendered":"<p>ANT\u0130K \u00c7A\u011e\u2019IN SAVA\u015e\u00c7ILARI, KRALLARI VE ZANAATK\u00c2RLARI \u201cBeckwith, kulland\u0131\u011f\u0131 geni\u015f kaynak yelpazesiyle eski Orta Avrasya \u0130skitlerinin, Do\u011fu Akdeniz d\u00fcnyas\u0131n\u0131, B\u00fcy\u00fck \u0130ran, \u00c7in ve G\u00fcney Asya\u2019daki halklar\u0131n\u0131, bu<span class=\"excerpt-hellip\"> [\u2026]<\/span><\/p>\n","protected":false},"featured_media":0,"template":"","meta":{"_monsterinsights_skip_tracking":false,"_monsterinsights_sitenote_active":false,"_monsterinsights_sitenote_note":"","_monsterinsights_sitenote_category":0},"product_brand":[],"product_cat":[12304],"product_tag":[],"class_list":{"0":"post-761242","1":"product","2":"type-product","3":"status-publish","5":"product_cat-tarih","6":"pa_cilt-ciltsiz","7":"pa_tur-kitap","8":"pa_yayinevi-kronik-kitap","9":"pa_yazar-christopher-i-beckwith","11":"first","12":"instock","13":"sale","14":"shipping-taxable","15":"purchasable","16":"product-type-simple"},"_links":{"self":[{"href":"https:\/\/roveyayinevi.com.tr\/index.php\/wp-json\/wp\/v2\/product\/761242","targetHints":{"allow":["GET"]}}],"collection":[{"href":"https:\/\/roveyayinevi.com.tr\/index.php\/wp-json\/wp\/v2\/product"}],"about":[{"href":"https:\/\/roveyayinevi.com.tr\/index.php\/wp-json\/wp\/v2\/types\/product"}],"wp:attachment":[{"href":"https:\/\/roveyayinevi.com.tr\/index.php\/wp-json\/wp\/v2\/media?parent=761242"}],"wp:term":[{"taxonomy":"product_brand","embeddable":true,"href":"https:\/\/roveyayinevi.com.tr\/index.php\/wp-json\/wp\/v2\/product_brand?post=761242"},{"taxonomy":"product_cat","embeddable":true,"href":"https:\/\/roveyayinevi.com.tr\/index.php\/wp-json\/wp\/v2\/product_cat?post=761242"},{"taxonomy":"product_tag","embeddable":true,"href":"https:\/\/roveyayinevi.com.tr\/index.php\/wp-json\/wp\/v2\/product_tag?post=761242"}],"curies":[{"name":"wp","href":"https:\/\/api.w.org\/{rel}","templated":true}]}}