{"id":761238,"date":"2025-08-28T09:31:25","date_gmt":"2025-08-28T06:31:25","guid":{"rendered":"https:\/\/roveyayinevi.com.tr\/index.php\/urun\/yalan-radari\/"},"modified":"2026-04-16T03:14:46","modified_gmt":"2026-04-16T00:14:46","slug":"yalan-radari","status":"publish","type":"product","link":"https:\/\/roveyayinevi.com.tr\/index.php\/urun\/yalan-radari\/","title":{"rendered":"Yalan Radar\u0131"},"content":{"rendered":"<p>Yalan s\u00f6yleyenler ne kadar profesyonel olsalar da kendilerini ele verirler. Hem de hi\u00e7 fark\u0131nda olmadan. Bu sebeple yalan\u0131 yakalamak ciddi bir i\u015ftir. \u00c7ok fazla uygulama ve \u00e7aba gerektirir. Yalan tespitinde ger\u00e7ekten \u00e7ok iyi olanlar do\u011fu\u015ftan bu beceriye sahip de\u011fildir. Sizler de yalan yakalayabilmek i\u00e7in bir s\u00fcper kahraman gibi do\u011fmu\u015f olmak zorunda de\u011filsiniz. Sadece sa\u011flam bir sisteme ihtiyac\u0131n\u0131z var. \u0130yi haber: Rahatl\u0131kla kullanaca\u011f\u0131n\u0131z, sizi ger\u00e7e\u011fe ula\u015ft\u0131racak, ad\u0131m ad\u0131m ilerleyen bir sistem geli\u015ftirdim: Yalan Radar\u0131.    Yalan Radar\u0131 sistemi 5 ad\u0131mdan olu\u015fuyor:    1. Resmet  2. An\u0131 Yakala  3. Davran\u0131\u015f De\u011fi\u015fikliklerini G\u00f6zlemle 4. A\u00e7 Kula\u011f\u0131n\u0131 Dinle 5. Rahats\u0131z Edici Sorular Sor   Elinizdeki kitapla sadece yalan tespitinin nas\u0131l yap\u0131laca\u011f\u0131n\u0131 ad\u0131m ad\u0131m \u00f6\u011frenmeyecek, ayn\u0131 zamanda insanlar\u0131n duygu ve d\u00fc\u015f\u00fcncelerini okuma becerinizi de geli\u015ftireceksiniz. Yalan Radar\u0131\u2019n\u0131 kullanarak d\u00fcnyay\u0131 y\u00fcksek kalitede izlemeyi \u00f6\u011freneceksiniz ve daha d\u00fcr\u00fcst ili\u015fkiler kuracaks\u0131n\u0131z. Daha \u00f6nce insanlarda hi\u00e7 fark etmedi\u011finiz \u015feyleri g\u00f6rmeye ba\u015flayacaks\u0131n\u0131z. Bu size adeta temiz havay\u0131 i\u00e7inize \u00e7ekmek gibi gelecek\u2026 Yalan Radar\u0131 sistemi y\u00f6neticilerden sat\u0131\u015f ve pazarlama uzmanlar\u0131na, \u00e7ocuklar\u0131yla ili\u015fkilerini geli\u015ftirmek isteyen ebeveynlerden ger\u00e7e\u011fin pe\u015finde ko\u015fan bas\u0131n mensuplar\u0131na, sorgulamalar ger\u00e7ekle\u015ftiren emniyet mensuplar\u0131ndan manip\u00fclasyondan korunmak isteyenlere, k\u0131sacas\u0131 herkese hitap ediyor.  Yalan Radar\u0131: \u0130\u015fte, Evde ve A\u015fkta 5 Ad\u0131mda Yalan\u0131 Yakala ile sizinle ger\u00e7ek bir \u00f6zg\u00fcven in\u015fa edece\u011fiz. \u0130nsanlar\u0131n s\u00f6yledikleri \u015feyin, asl\u0131nda tam tersi anlam\u0131na geldi\u011fini fark etti\u011finizde rahatlayacaks\u0131n\u0131z, \u00e7\u00fcnk\u00fc ger\u00e7e\u011fi bilmi\u015f olacaks\u0131n\u0131z. <\/p>\n","protected":false},"excerpt":{"rendered":"<p>Yalan s\u00f6yleyenler ne kadar profesyonel olsalar da kendilerini ele verirler. Hem de hi\u00e7 fark\u0131nda olmadan. Bu sebeple yalan\u0131 yakalamak ciddi bir i\u015ftir. \u00c7ok fazla uygulama ve<span class=\"excerpt-hellip\"> [\u2026]<\/span><\/p>\n","protected":false},"featured_media":0,"template":"","meta":{"_monsterinsights_skip_tracking":false,"_monsterinsights_sitenote_active":false,"_monsterinsights_sitenote_note":"","_monsterinsights_sitenote_category":0},"product_brand":[],"product_cat":[12364,12376],"product_tag":[],"class_list":{"0":"post-761238","1":"product","2":"type-product","3":"status-publish","5":"product_cat-genel-konular","6":"product_cat-kisisel-gelisim","7":"pa_cilt-ciltsiz","8":"pa_tur-kitap","9":"pa_yayinevi-kronik-kitap","10":"pa_yazar-oguz-benlioglu","12":"first","13":"instock","14":"sale","15":"shipping-taxable","16":"purchasable","17":"product-type-simple"},"_links":{"self":[{"href":"https:\/\/roveyayinevi.com.tr\/index.php\/wp-json\/wp\/v2\/product\/761238","targetHints":{"allow":["GET"]}}],"collection":[{"href":"https:\/\/roveyayinevi.com.tr\/index.php\/wp-json\/wp\/v2\/product"}],"about":[{"href":"https:\/\/roveyayinevi.com.tr\/index.php\/wp-json\/wp\/v2\/types\/product"}],"wp:attachment":[{"href":"https:\/\/roveyayinevi.com.tr\/index.php\/wp-json\/wp\/v2\/media?parent=761238"}],"wp:term":[{"taxonomy":"product_brand","embeddable":true,"href":"https:\/\/roveyayinevi.com.tr\/index.php\/wp-json\/wp\/v2\/product_brand?post=761238"},{"taxonomy":"product_cat","embeddable":true,"href":"https:\/\/roveyayinevi.com.tr\/index.php\/wp-json\/wp\/v2\/product_cat?post=761238"},{"taxonomy":"product_tag","embeddable":true,"href":"https:\/\/roveyayinevi.com.tr\/index.php\/wp-json\/wp\/v2\/product_tag?post=761238"}],"curies":[{"name":"wp","href":"https:\/\/api.w.org\/{rel}","templated":true}]}}