{"id":761237,"date":"2025-08-28T09:31:23","date_gmt":"2025-08-28T06:31:23","guid":{"rendered":"https:\/\/roveyayinevi.com.tr\/index.php\/urun\/colossus\/"},"modified":"2026-04-16T03:14:46","modified_gmt":"2026-04-16T00:14:46","slug":"colossus","status":"publish","type":"product","link":"https:\/\/roveyayinevi.com.tr\/index.php\/urun\/colossus\/","title":{"rendered":"Colossus"},"content":{"rendered":"<p>AMER\u0130KA B\u0130RLE\u015e\u0130K DEVLETLER\u0130 YIKILMAYA MAHKUM B\u0130R \u0130MPARATORLUK MUDUR?   \u201cColossus&#8217;ta Niall Ferguson ABD&#8217;nin potansiyel olarak b\u00fct\u00fcn d\u00fcnyada yeni bir uygarla\u015ft\u0131rma misyonu y\u00fcr\u00fctebilecek g\u00fcce sahip oldu\u011funu ama kendisinde gerekli irade ve donan\u0131m\u0131n bulunmad\u0131\u011f\u0131n\u0131 g\u00f6steriyor. Orijinal ve k\u0131\u015fk\u0131rt\u0131c\u0131 arg\u00fcmanlarla dolu bir kitap\u2026\u201d Washington Post   \u0130kinci D\u00fcnya Sava\u015f\u0131 sonras\u0131nda d\u00fcnyan\u0131n son resm\u00ee imparatorlu\u011fu kendisine tabi topluluklara \u00f6zg\u00fcrl\u00fck vererek emperyal konumundan feragat etmek zorunda kald\u0131. Art\u0131k \u201c\u00fczerinde g\u00fcne\u015f batmayan \u00fclke\u201d nitelemesini s\u00fcrd\u00fcrecek ne g\u00fcc\u00fc ne de takati kalm\u0131\u015ft\u0131. B\u00fcy\u00fck Britanya\u2019dan do\u011fan g\u00fc\u00e7 bo\u015flu\u011fu ve Sovyetleri Birli\u011fi\u2019nin h\u0131zl\u0131 y\u00fckseli\u015fi kar\u015f\u0131s\u0131nda Amerika Birle\u015fik Devletleri, yeni bir emperyal g\u00fc\u00e7 olarak ortaya \u00e7\u0131kt\u0131. Gelgelelim hi\u00e7bir zaman o \u00f6zendi\u011fi B\u00fcy\u00fck Britanya \u0130mparatorlu\u011fu gibi bir ba\u015far\u0131 elde edemedi. ABD ezici asker\u00ee, ekonomik ve k\u00fclt\u00fcrel hakimiyetine ra\u011fmen iradesini di\u011fer uluslara kabul ettirme konusunda hep isteksiz oldu, istedi\u011fi nadir zamanlardaysa ba\u015far\u0131l\u0131 olamad\u0131. Zorba bir kolluk g\u00fcc\u00fc gibi d\u00fcnyan\u0131n d\u00f6rt bir k\u00f6\u015fesinde operasyonlar y\u00fcr\u00fctt\u00fc ama Kore\u2019den Vietnam\u2019a, Afganistan\u2019dan Ortado\u011fu\u2019ya, Latin Amerika\u2019dan G\u00fcneydo\u011fu Asya\u2019ya kadar bir\u00e7ok b\u00f6lgede hezimete u\u011frad\u0131. Peki ama neden? Niall Ferguson salg\u0131n hastal\u0131klar\u0131 kontrol alt\u0131na almak, tiranlar\u0131 devirmek, yerel sava\u015flar\u0131 sona erdirmek ve ter\u00f6r \u00f6rg\u00fctlerini ortadan kald\u0131rmak i\u00e7in yirmi birinci y\u00fczy\u0131lda \u201cimparatorluk rejiminin\u201d her zamankinden daha gerekli oldu\u011funu yaz\u0131yor. Ancak ABD kendini g\u00fcc\u00fcn\u00fc inkar ediyor ve k\u00fcresel g\u00fcc\u00fcn getirdi\u011fi siyasi ve ahlaki sorumluluklar\u0131 kabul etmiyor. Colossus bu cesaret eksikli\u011finin ABD\u2019ye nas\u0131l y\u0131k\u0131m getirece\u011fini orijinal tezler \u00fczerinden irdeliyor. B\u00fcy\u00fck Britanya, Birinci D\u00fcnya Sava\u015f\u0131 ve Rothschild ailesine dair nitelikli \u00e7al\u0131\u015fmalar\u0131yla tan\u0131nan me\u015fhur tarih\u00e7i Niall Ferguson Colossus: Amerikan \u0130mparatorlu\u011fu\u2019nun Y\u00fckseli\u015fi ve \u00c7\u00f6k\u00fc\u015f\u00fc\u2019nde ABD\u2019nin tarihi ve yirmi birinci y\u00fczy\u0131ldaki konumu \u00fczerine ufuk a\u00e7\u0131c\u0131 bir \u00e7al\u0131\u015fmaya imza at\u0131yor.   <\/p>\n","protected":false},"excerpt":{"rendered":"<p>AMER\u0130KA B\u0130RLE\u015e\u0130K DEVLETLER\u0130 YIKILMAYA MAHKUM B\u0130R \u0130MPARATORLUK MUDUR? \u201cColossus&#8217;ta Niall Ferguson ABD&#8217;nin potansiyel olarak b\u00fct\u00fcn d\u00fcnyada yeni bir uygarla\u015ft\u0131rma misyonu y\u00fcr\u00fctebilecek g\u00fcce sahip oldu\u011funu ama kendisinde<span class=\"excerpt-hellip\"> [\u2026]<\/span><\/p>\n","protected":false},"featured_media":0,"template":"","meta":{"_monsterinsights_skip_tracking":false,"_monsterinsights_sitenote_active":false,"_monsterinsights_sitenote_note":"","_monsterinsights_sitenote_category":0},"product_brand":[],"product_cat":[12305,12304],"product_tag":[],"class_list":{"0":"post-761237","1":"product","2":"type-product","3":"status-publish","5":"product_cat-dunya-tarihi","6":"product_cat-tarih","7":"pa_cilt-ciltsiz","8":"pa_tur-kitap","9":"pa_yayinevi-kronik-kitap","10":"pa_yazar-niall-ferguson","12":"first","13":"instock","14":"sale","15":"shipping-taxable","16":"purchasable","17":"product-type-simple"},"_links":{"self":[{"href":"https:\/\/roveyayinevi.com.tr\/index.php\/wp-json\/wp\/v2\/product\/761237","targetHints":{"allow":["GET"]}}],"collection":[{"href":"https:\/\/roveyayinevi.com.tr\/index.php\/wp-json\/wp\/v2\/product"}],"about":[{"href":"https:\/\/roveyayinevi.com.tr\/index.php\/wp-json\/wp\/v2\/types\/product"}],"wp:attachment":[{"href":"https:\/\/roveyayinevi.com.tr\/index.php\/wp-json\/wp\/v2\/media?parent=761237"}],"wp:term":[{"taxonomy":"product_brand","embeddable":true,"href":"https:\/\/roveyayinevi.com.tr\/index.php\/wp-json\/wp\/v2\/product_brand?post=761237"},{"taxonomy":"product_cat","embeddable":true,"href":"https:\/\/roveyayinevi.com.tr\/index.php\/wp-json\/wp\/v2\/product_cat?post=761237"},{"taxonomy":"product_tag","embeddable":true,"href":"https:\/\/roveyayinevi.com.tr\/index.php\/wp-json\/wp\/v2\/product_tag?post=761237"}],"curies":[{"name":"wp","href":"https:\/\/api.w.org\/{rel}","templated":true}]}}