{"id":761236,"date":"2025-08-28T09:31:22","date_gmt":"2025-08-28T06:31:22","guid":{"rendered":"https:\/\/roveyayinevi.com.tr\/index.php\/urun\/nazi-milyarderleri\/"},"modified":"2026-04-16T03:14:46","modified_gmt":"2026-04-16T00:14:46","slug":"nazi-milyarderleri","status":"publish","type":"product","link":"https:\/\/roveyayinevi.com.tr\/index.php\/urun\/nazi-milyarderleri\/","title":{"rendered":"Nazi Milyarderleri"},"content":{"rendered":"<p>M\u0130LYAR DOLARLIK \u015e\u0130RKETLER VE NAZ\u0130LER   \u201cDavid de Jong\u2019un bu \u00f6nemli eseri, Avrupa\u2019n\u0131n en b\u00fcy\u00fck hanedanlar\u0131ndan baz\u0131lar\u0131n\u0131n aile s\u0131rlar\u0131n\u0131 ve lekeli ge\u00e7mi\u015flerini g\u00fcn y\u00fcz\u00fcne \u00e7\u0131kar\u0131yor. Ar\u015fivlerdeki ustal\u0131\u011f\u0131n\u0131 yaz\u0131mda da g\u00f6steren de Jong, su\u00e7 ortakl\u0131\u011f\u0131, \u00f6rtbas ve ink\u00e2r\u0131n s\u00fcr\u00fckleyici hik\u00e2yesini anlatt\u0131\u011f\u0131 gibi, g\u00fcn\u00fcm\u00fcz\u00fcn en be\u011fenilen t\u00fcketim markalar\u0131ndan baz\u0131lar\u0131n\u0131n ge\u00e7mi\u015findeki i\u011fren\u00e7 sava\u015f su\u00e7lar\u0131n\u0131 ortaya \u00e7\u0131karmak i\u00e7in \u00e7ok say\u0131da tarihsel kan\u0131t ve belgeden faydalan\u0131yor.\u201d \u2013 Patrick Radden Keefe   Bug\u00fcn BMW\u2019nin ortaklar\u0131ndan ve Alman sanayi imparatorlu\u011funun en ikonik isimlerinden biri olan G\u00fcnther Quandt, 1946 y\u0131l\u0131nda Nazilerle i\u015fbirli\u011fi yapt\u0131\u011f\u0131 \u015f\u00fcphesiyle tutukland\u0131. Quandt, eski e\u015finin yeni kocas\u0131 Propaganda Bakan\u0131 Joseph Goebbels taraf\u0131ndan partiye kat\u0131lmaya zorland\u0131\u011f\u0131n\u0131 iddia ederek beraat etti. Fakat Quandt yalan s\u00f6ylemi\u015fti. Hitler rejimiyle \u00f6ylesine girift bir ili\u015fkisi vard\u0131 ki, bu sayede milyarlarca dolara h\u00fckmetmeyi ba\u015farm\u0131\u015ft\u0131.   David de Jong, detayl\u0131 ara\u015ft\u0131rmalar sonucunda ortaya koydu\u011fu eserinde BMW, Daimler-Benz, Porsche, Volkswagen, Allianz ve Varta gibi Alman sanayiinin dev markalar\u0131n\u0131n Nazi rejiminde nas\u0131l y\u00fckseldiklerini, b\u00fcy\u00fcd\u00fcklerini ve zenginle\u015ftiklerini g\u00f6zler \u00f6n\u00fcne seriyor. De Jong, daha \u00f6nce hi\u00e7 kullan\u0131lmam\u0131\u015f zengin kaynaklar\u0131 kullanarak, bu dev i\u015f adamlar\u0131n\u0131n Yahudi i\u015fletmelerine nas\u0131l el koyduklar\u0131n\u0131, k\u00f6le i\u015f\u00e7ileri nas\u0131l temin ettiklerini ve Avrupa\u2019n\u0131n d\u00f6rt bir yan\u0131 alevler i\u00e7indeyken Hitler\u2019in ordusunu nas\u0131l donatt\u0131klar\u0131n\u0131 ortaya koyuyor. En \u00f6nemlisi ise ABD\u2019nin siyasi \u00e7\u0131karlar\u0131 ad\u0131na bu hanedanlar\u0131n su\u00e7lar\u0131n\u0131 nas\u0131l aklad\u0131\u011f\u0131n\u0131 ve kana bulanm\u0131\u015f ge\u00e7mi\u015fi nas\u0131l \u00f6rtbas etti\u011fini g\u00f6steriyor.   Nazi Milyarderleri, bug\u00fcn pek \u00e7ok insan\u0131n hayat\u0131na bir \u015fekilde girmi\u015f olan dev markalar\u0131n karanl\u0131k tarihlerini g\u00f6zler \u00f6n\u00fcne seriyor. Ak\u0131c\u0131 anlat\u0131m\u0131yla de Jong, okurlar\u0131 Alman sanayiinin kalbine g\u00f6t\u00fcr\u00fcrken insan bedenleri \u00fcst\u00fcnde y\u00fckselen muazzam servetlerin nas\u0131l in\u015fa edildi\u011fini anlat\u0131yor. <\/p>\n","protected":false},"excerpt":{"rendered":"<p>M\u0130LYAR DOLARLIK \u015e\u0130RKETLER VE NAZ\u0130LER \u201cDavid de Jong\u2019un bu \u00f6nemli eseri, Avrupa\u2019n\u0131n en b\u00fcy\u00fck hanedanlar\u0131ndan baz\u0131lar\u0131n\u0131n aile s\u0131rlar\u0131n\u0131 ve lekeli ge\u00e7mi\u015flerini g\u00fcn y\u00fcz\u00fcne \u00e7\u0131kar\u0131yor. Ar\u015fivlerdeki ustal\u0131\u011f\u0131n\u0131<span class=\"excerpt-hellip\"> [\u2026]<\/span><\/p>\n","protected":false},"featured_media":0,"template":"","meta":{"_monsterinsights_skip_tracking":false,"_monsterinsights_sitenote_active":false,"_monsterinsights_sitenote_note":"","_monsterinsights_sitenote_category":0},"product_brand":[],"product_cat":[12304],"product_tag":[],"class_list":{"0":"post-761236","1":"product","2":"type-product","3":"status-publish","5":"product_cat-tarih","6":"pa_cilt-ciltsiz","7":"pa_tur-kitap","8":"pa_yayinevi-kronik-kitap","9":"pa_yazar-david-de-jong","11":"first","12":"instock","13":"sale","14":"shipping-taxable","15":"purchasable","16":"product-type-simple"},"_links":{"self":[{"href":"https:\/\/roveyayinevi.com.tr\/index.php\/wp-json\/wp\/v2\/product\/761236","targetHints":{"allow":["GET"]}}],"collection":[{"href":"https:\/\/roveyayinevi.com.tr\/index.php\/wp-json\/wp\/v2\/product"}],"about":[{"href":"https:\/\/roveyayinevi.com.tr\/index.php\/wp-json\/wp\/v2\/types\/product"}],"wp:attachment":[{"href":"https:\/\/roveyayinevi.com.tr\/index.php\/wp-json\/wp\/v2\/media?parent=761236"}],"wp:term":[{"taxonomy":"product_brand","embeddable":true,"href":"https:\/\/roveyayinevi.com.tr\/index.php\/wp-json\/wp\/v2\/product_brand?post=761236"},{"taxonomy":"product_cat","embeddable":true,"href":"https:\/\/roveyayinevi.com.tr\/index.php\/wp-json\/wp\/v2\/product_cat?post=761236"},{"taxonomy":"product_tag","embeddable":true,"href":"https:\/\/roveyayinevi.com.tr\/index.php\/wp-json\/wp\/v2\/product_tag?post=761236"}],"curies":[{"name":"wp","href":"https:\/\/api.w.org\/{rel}","templated":true}]}}