{"id":761235,"date":"2025-08-28T09:31:20","date_gmt":"2025-08-28T06:31:20","guid":{"rendered":"https:\/\/roveyayinevi.com.tr\/index.php\/urun\/kadim-turkler\/"},"modified":"2026-04-16T03:14:46","modified_gmt":"2026-04-16T00:14:46","slug":"kadim-turkler","status":"publish","type":"product","link":"https:\/\/roveyayinevi.com.tr\/index.php\/urun\/kadim-turkler\/","title":{"rendered":"Kadim T\u00fcrkler"},"content":{"rendered":"<p>\u201cBilinen tarihin ba\u015flang\u0131c\u0131ndan itibaren T\u00fcrk k\u00f6kenli topluluklar iki k\u0131taya yay\u0131lm\u0131\u015flar ve g\u00fcn\u00fcm\u00fcze kadar bazen \u00fc\u00e7 k\u0131tada olmak \u00fczere varl\u0131klar\u0131n\u0131 devam ettirmi\u015flerdir. M.S. 10. y\u00fczy\u0131la kadar Mo\u011folistan\u2019\u0131n do\u011fusundaki Kerulen Irma\u011f\u0131\u2019ndan Macaristan ovalar\u0131na uzanan geni\u015f saha, T\u00fcrk boylar\u0131na yurtluk yapm\u0131\u015ft\u0131r.\u201d Ahmet Ta\u015fa\u011f\u0131l   o   Bat\u0131 G\u00f6k T\u00fcrk Ka\u011fanl\u0131\u011f\u0131\u2019n\u0131n devam\u0131 niteli\u011findeki olan, daha sonra Bat\u0131 O\u011fuzlar\u0131na d\u00f6n\u00fc\u015ferek T\u00fcrkiye Cumhuriyeti\u2019ne kadar uzanacak tarihi yolda \u00e7ok \u00f6nemli roller oynayan T\u00fcrgi\u015fler kimlerdi? o   Eski T\u00fcrklerde i\u00e7 g\u00fcvenlik nas\u0131l sa\u011flan\u0131rd\u0131? B\u00f6r\u00fc Birli\u011fi (Fu-li) neydi? o   Do\u011fu G\u00f6k T\u00fcrk Ka\u011fanl\u0131\u011f\u0131 nas\u0131l y\u0131k\u0131ld\u0131? \u00c7inli ve So\u011fdlu vezirlerin bunda etkisi var m\u0131yd\u0131? o   G\u00fcn\u00fcm\u00fcze kadar kendilerini koruyan K\u0131rg\u0131zlar bunu nas\u0131l ba\u015fard\u0131? o   Avrupa Hunlar\u0131, Avrupa ve Karadeniz \u00fcst co\u011frafyas\u0131nda ne t\u00fcr etkiler b\u0131rakt\u0131? o   Hazarlar kimdir, Musevilik devlet y\u00f6netiminde ne kadar etkili olmu\u015ftu? o   Sadece T\u00fcrk tarihi i\u00e7in de\u011fil, d\u00fcnya tarihi i\u00e7in de \u00e7ok \u00f6nemli sonu\u00e7lar do\u011furan T\u00fcrk g\u00f6\u00e7leri neden yap\u0131ld\u0131? o   Orta ve Do\u011fu Avrupa\u2019da 250 y\u0131l varl\u0131klar\u0131n\u0131 koruyan S\u00e2s\u00e2n\u00eelerle ittifak yaparak \u0130stanbul\u2019u ku\u015fatan Avarlar kimdir? o   T\u00fcrk boy sistemi i\u00e7inde yer alan O\u011fuzlar ve O\u011fuzluk kavramlar\u0131 nedir? o   \u00d6t\u00fcken nerededir, s\u0131n\u0131rlar\u0131 ger\u00e7ekten belli midir?   \u0130slam \u00d6ncesi T\u00fcrk Tarihi ve Orta Asya Tarihi alanlar\u0131n\u0131n uzman\u0131 Prof. Dr. Ahmet Ta\u015fa\u011f\u0131l\u2019\u0131n Kadim T\u00fcrkler: Eski D\u00fcnyan\u0131n H\u00e2kimleri kitab\u0131 Kore yar\u0131madas\u0131ndan Macaristan ovas\u0131na kadar sonsuz geni\u015fliklerdeki alanlarda T\u00fcrk k\u00f6kenli halklar\u0131n izlerini s\u00fcrmek isteyen herkesin keyifle okuyaca\u011f\u0131 bir eser. <\/p>\n","protected":false},"excerpt":{"rendered":"<p>\u201cBilinen tarihin ba\u015flang\u0131c\u0131ndan itibaren T\u00fcrk k\u00f6kenli topluluklar iki k\u0131taya yay\u0131lm\u0131\u015flar ve g\u00fcn\u00fcm\u00fcze kadar bazen \u00fc\u00e7 k\u0131tada olmak \u00fczere varl\u0131klar\u0131n\u0131 devam ettirmi\u015flerdir. M.S. 10. y\u00fczy\u0131la kadar Mo\u011folistan\u2019\u0131n<span class=\"excerpt-hellip\"> [\u2026]<\/span><\/p>\n","protected":false},"featured_media":0,"template":"","meta":{"_monsterinsights_skip_tracking":false,"_monsterinsights_sitenote_active":false,"_monsterinsights_sitenote_note":"","_monsterinsights_sitenote_category":0},"product_brand":[],"product_cat":[12304],"product_tag":[],"class_list":{"0":"post-761235","1":"product","2":"type-product","3":"status-publish","5":"product_cat-tarih","6":"pa_cilt-ciltsiz","7":"pa_tur-kitap","8":"pa_yayinevi-kronik-kitap","9":"pa_yazar-ahmet-tasagil","11":"first","12":"instock","13":"sale","14":"shipping-taxable","15":"purchasable","16":"product-type-simple"},"_links":{"self":[{"href":"https:\/\/roveyayinevi.com.tr\/index.php\/wp-json\/wp\/v2\/product\/761235","targetHints":{"allow":["GET"]}}],"collection":[{"href":"https:\/\/roveyayinevi.com.tr\/index.php\/wp-json\/wp\/v2\/product"}],"about":[{"href":"https:\/\/roveyayinevi.com.tr\/index.php\/wp-json\/wp\/v2\/types\/product"}],"wp:attachment":[{"href":"https:\/\/roveyayinevi.com.tr\/index.php\/wp-json\/wp\/v2\/media?parent=761235"}],"wp:term":[{"taxonomy":"product_brand","embeddable":true,"href":"https:\/\/roveyayinevi.com.tr\/index.php\/wp-json\/wp\/v2\/product_brand?post=761235"},{"taxonomy":"product_cat","embeddable":true,"href":"https:\/\/roveyayinevi.com.tr\/index.php\/wp-json\/wp\/v2\/product_cat?post=761235"},{"taxonomy":"product_tag","embeddable":true,"href":"https:\/\/roveyayinevi.com.tr\/index.php\/wp-json\/wp\/v2\/product_tag?post=761235"}],"curies":[{"name":"wp","href":"https:\/\/api.w.org\/{rel}","templated":true}]}}